{"id":1213,"date":"2024-11-24T22:22:27","date_gmt":"2024-11-24T22:22:27","guid":{"rendered":"https:\/\/pvpgrams.com\/?post_type=product&#038;p=1213"},"modified":"2025-10-30T08:07:29","modified_gmt":"2025-10-30T08:07:29","slug":"4-aco-dmt","status":"publish","type":"product","link":"https:\/\/pvpgrams.com\/pt\/product\/4-aco-dmt\/","title":{"rendered":"Comprar 4-AcO-DMT online"},"content":{"rendered":"<h2 data-start=\"117\" data-end=\"175\"><strong data-start=\"117\" data-end=\"173\">Compre 4-AcO-DMT online de uma fonte de pesquisa confi\u00e1vel<\/strong><\/h2>\n<p data-start=\"177\" data-end=\"215\"><strong data-start=\"177\" data-end=\"213\">Comprar 4-AcO-DMT Online na Pvpgrams<\/strong><\/p>\n<p data-start=\"217\" data-end=\"793\"><a href=\"https:\/\/pvpgrams.com\/pt\/product\/4-aco-dmt\/\">Comprar 4-AcO-DMT online<\/a> (4-Acetoxi-N,N-dimetiltriptamina) \u00e9 um composto sint\u00e9tico de triptamina estruturalmente semelhante \u00e0 psilocibina. Suas propriedades \u00fanicas o tornam um objeto popular para pesquisas cient\u00edficas e explora\u00e7\u00e3o pessoal. Conhecido por sua versatilidade, o 4-AcO-DMT \u00e0 venda \u00e9 amplamente utilizado em laborat\u00f3rios para estudar seus efeitos na percep\u00e7\u00e3o, cogni\u00e7\u00e3o e consci\u00eancia. Na Pvpgrams, fornecemos 4-AcO-DMT de alta qualidade, garantindo transa\u00e7\u00f5es seguras, embalagem discreta, entrega r\u00e1pida e total confiabilidade. Compre 4-AcO-DMT online hoje mesmo de um fornecedor confi\u00e1vel.<\/p>\n<h3 data-start=\"795\" data-end=\"835\">Aplica\u00e7\u00f5es e utiliza\u00e7\u00f5es do 4-AcO-DMT<\/h3>\n<p data-start=\"837\" data-end=\"881\"><strong data-start=\"837\" data-end=\"879\">Investiga\u00e7\u00e3o cient\u00edfica e estudos acad\u00e9micos<\/strong><\/p>\n<p data-start=\"883\" data-end=\"1275\">Antes de <a href=\"https:\/\/en.wikipedia.org\/wiki\/4-AcO-DMT\">comprar 4-AcO-DMT<\/a>, \u00e8 importante comprenderne le applicazioni comuni nella ricerca. Il 4-AcO-DMT \u00e8 frequentemente utilizzato in laboratori e studi accademici per studiarne l'interazione con i recettori neurali e il potenziale in neuroscienze e psicofarmacologia. I ricercatori esplorano le sue somiglianze strutturali con la psilocibina e i suoi effetti sugli stati alterati di coscienza.<\/p>\n<p data-start=\"1277\" data-end=\"1317\"><strong data-start=\"1277\" data-end=\"1315\">Estudos de explora\u00e7\u00e3o e de perce\u00e7\u00e3o<\/strong><\/p>\n<p data-start=\"1319\" data-end=\"1573\">A Ordem 4-AcO-DMT \u00e9 frequentemente procurada por indiv\u00edduos em ambientes de pesquisa controlados para insights pessoais, explora\u00e7\u00e3o criativa e aprimoramento sensorial. Suas propriedades distintas a tornam um composto popular para autodescoberta e estudos experimentais.<\/p>\n<h3 data-start=\"1799\" data-end=\"1837\">Porqu\u00ea comprar 4-AcO-DMT na Pvpgrams?<\/h3>\n<p data-start=\"1839\" data-end=\"1939\">Na Pvpgrams, nos concentramos em qualidade premium e servi\u00e7o confi\u00e1vel para pesquisadores e exploradores.<\/p>\n<p data-start=\"1941\" data-end=\"1969\"><strong data-start=\"1941\" data-end=\"1967\">4-AcO-DMT de alta qualidade<\/strong><\/p>\n<p data-start=\"1971\" data-end=\"2126\">Nosso 4-AcO-DMT para venda \u00e9 produzido sob rigorosos controles de qualidade, garantindo m\u00e1xima pureza e consist\u00eancia para todos os fins de pesquisa e experimentais.<\/p>\n<p data-start=\"2128\" data-end=\"2166\"><strong data-start=\"2128\" data-end=\"2164\">Transac\u00e7\u00f5es seguras e discretas<\/strong><\/p>\n<p data-start=\"2168\" data-end=\"2293\">Priorizamos a sua privacidade. Todos os pedidos online de 4-AcO-DMT s\u00e3o processados \u200b\u200bcom seguran\u00e7a e enviados em embalagens discretas.<\/p>\n<p data-start=\"2295\" data-end=\"2327\"><strong data-start=\"2295\" data-end=\"2325\">Entrega r\u00e1pida e fi\u00e1vel<\/strong><\/p>\n<p data-start=\"2329\" data-end=\"2452\">N\u00f3s garantimos a entrega pontual do seu 4-AcO-DMT no seu local, permitindo que os projetos de pesquisa prossigam sem atrasos.<\/p>\n<p data-start=\"2454\" data-end=\"2478\"><strong data-start=\"2454\" data-end=\"2476\">Pre\u00e7os acess\u00edveis<\/strong><\/p>\n<p data-start=\"2480\" data-end=\"2583\">Nosso pre\u00e7o de 4-AcO-DMT \u00e9 competitivo, fornecendo material de pesquisa de alta qualidade a pre\u00e7os acess\u00edveis.<\/p>\n<h3 data-start=\"2585\" data-end=\"2617\">Comprar 4-AcO-DMT online hoje<\/h3>\n<p data-start=\"2619\" data-end=\"2929\">Op zoek naar de beste plek om 4-AcO-DMT online te kopen? Bij Pvpgrams bieden we premium 4-AcO-DMT te koop aan met veilige betaling, snelle verzending en uitstekende klantenservice. Of het nu gaat om wetenschappelijk onderzoek of persoonlijke verkenning, koop 4-AcO-DMT nu online en ervaar een betrouwbare bron.<\/p>","protected":false},"excerpt":{"rendered":"<p><strong>4-AcO-DMT (4-Acetoxi-N,N-dimetiltriptamina)<\/strong>O psilocin, um composto sint\u00e9tico de triptamina, \u00e9 um pr\u00f3-f\u00e1rmaco da psilocina conhecido pela sua <strong>propriedades psicad\u00e9licas<\/strong>. Na Factoryson, fornecemos <strong>4-AcO-DMT de elevada pureza<\/strong> para <strong>investiga\u00e7\u00e3o em neuroci\u00eancias<\/strong>, <strong>estudos qu\u00edmicos<\/strong>e <strong>aplica\u00e7\u00f5es industriais<\/strong>garantindo uma qualidade superior e uma entrega segura.<\/p>\n<h3><strong>Como funciona o 4-AcO-DMT<\/strong><\/h3>\n<p>O 4-AcO-DMT \u00e9 metabolizado em psilocina, actuando sobre <strong>receptores de serotonina<\/strong> (5-HT2A) para produzir uma profunda <strong>efeitos visuais<\/strong>, <strong>introspe\u00e7\u00e3o emocional<\/strong>e <strong>perce\u00e7\u00e3o alterada do tempo<\/strong>. O in\u00edcio ocorre dentro de 20-40 minutos, com efeitos que duram 4-6 horas.<\/p>\n<h3><strong>F\u00f3rmula do produto<\/strong><\/h3>\n<ul>\n<li><strong>Nome qu\u00edmico<\/strong>: 4-Acetoxi-N,N-dimetiltriptamina<\/li>\n<li><strong>F\u00f3rmula molecular<\/strong>: C14H18N2O2<\/li>\n<li><strong>Massa molar<\/strong>: 246,31 g\/mol<\/li>\n<\/ul>","protected":false},"featured_media":1214,"comment_status":"open","ping_status":"closed","template":"","meta":{"_kadence_starter_templates_imported_post":false,"_kad_post_transparent":"default","_kad_post_title":"","_kad_post_layout":"default","_kad_post_sidebar_id":"","_kad_post_content_style":"default","_kad_post_vertical_padding":"default","_kad_post_feature":"","_kad_post_feature_position":"","_kad_post_header":false,"_kad_post_footer":false,"_joinchat":[]},"product_brand":[],"product_cat":[53,55,58,139],"product_tag":[],"class_list":{"0":"post-1213","1":"product","2":"type-product","3":"status-publish","4":"has-post-thumbnail","6":"product_cat-4-aco-dmt","7":"product_cat-5-meo-dmt","8":"product_cat-dmt","9":"product_cat-dmt-vape","11":"first","12":"instock","13":"shipping-taxable","14":"purchasable","15":"product-type-variable","16":"entry","17":"content-bg","18":"loop-entry"},"yoast_head":"<!-- This site is optimized with the Yoast SEO plugin v26.5 - https:\/\/yoast.com\/wordpress\/plugins\/seo\/ -->\n<title>Buy 4-AcO-DMT Online - 4-AcO-DMT Powder for Sale<\/title>\n<meta name=\"description\" content=\"Find premium 4 aco dmt powder for sale at our online store, providing a secure platform to buy 4 aco dmt online with ease, catering to your research needs.\" \/>\n<meta name=\"robots\" content=\"index, follow, max-snippet:-1, max-image-preview:large, max-video-preview:-1\" \/>\n<link rel=\"canonical\" href=\"https:\/\/pvpgrams.com\/pt\/product\/4-aco-dmt\/\" \/>\n<meta property=\"og:locale\" content=\"pt_PT\" \/>\n<meta property=\"og:type\" content=\"article\" \/>\n<meta property=\"og:title\" content=\"Buy 4-AcO-DMT Online - 4-AcO-DMT Powder for Sale\" \/>\n<meta property=\"og:description\" content=\"Find premium 4 aco dmt powder for sale at our online store, providing a secure platform to buy 4 aco dmt online with ease, catering to your research needs.\" \/>\n<meta property=\"og:url\" content=\"https:\/\/pvpgrams.com\/pt\/product\/4-aco-dmt\/\" \/>\n<meta property=\"og:site_name\" content=\"PVP Grams\" \/>\n<meta property=\"article:modified_time\" content=\"2025-10-30T08:07:29+00:00\" \/>\n<meta property=\"og:image\" content=\"https:\/\/pvpgrams.com\/wp-content\/uploads\/2024\/11\/DMT-Bestellen-2.jpg\" \/>\n\t<meta property=\"og:image:width\" content=\"300\" \/>\n\t<meta property=\"og:image:height\" content=\"300\" \/>\n\t<meta property=\"og:image:type\" content=\"image\/jpeg\" \/>\n<meta name=\"twitter:card\" content=\"summary_large_image\" \/>\n<meta name=\"twitter:label1\" content=\"Tempo estimado de leitura\" \/>\n\t<meta name=\"twitter:data1\" content=\"2 minutos\" \/>\n<script type=\"application\/ld+json\" class=\"yoast-schema-graph\">{\"@context\":\"https:\/\/schema.org\",\"@graph\":[{\"@type\":[\"WebPage\",\"ItemPage\"],\"@id\":\"https:\/\/pvpgrams.com\/product\/4-aco-dmt\/\",\"url\":\"https:\/\/pvpgrams.com\/product\/4-aco-dmt\/\",\"name\":\"Buy 4-AcO-DMT Online - 4-AcO-DMT Powder for Sale\",\"isPartOf\":{\"@id\":\"https:\/\/pvpgrams.com\/#website\"},\"primaryImageOfPage\":{\"@id\":\"https:\/\/pvpgrams.com\/product\/4-aco-dmt\/#primaryimage\"},\"image\":{\"@id\":\"https:\/\/pvpgrams.com\/product\/4-aco-dmt\/#primaryimage\"},\"thumbnailUrl\":\"https:\/\/pvpgrams.com\/wp-content\/uploads\/2024\/11\/DMT-Bestellen-2.jpg\",\"datePublished\":\"2024-11-24T22:22:27+00:00\",\"dateModified\":\"2025-10-30T08:07:29+00:00\",\"description\":\"Find premium 4 aco dmt powder for sale at our online store, providing a secure platform to buy 4 aco dmt online with ease, catering to your research needs.\",\"breadcrumb\":{\"@id\":\"https:\/\/pvpgrams.com\/product\/4-aco-dmt\/#breadcrumb\"},\"inLanguage\":\"pt-PT\",\"potentialAction\":[{\"@type\":\"ReadAction\",\"target\":[\"https:\/\/pvpgrams.com\/product\/4-aco-dmt\/\"]}]},{\"@type\":\"ImageObject\",\"inLanguage\":\"pt-PT\",\"@id\":\"https:\/\/pvpgrams.com\/product\/4-aco-dmt\/#primaryimage\",\"url\":\"https:\/\/pvpgrams.com\/wp-content\/uploads\/2024\/11\/DMT-Bestellen-2.jpg\",\"contentUrl\":\"https:\/\/pvpgrams.com\/wp-content\/uploads\/2024\/11\/DMT-Bestellen-2.jpg\",\"width\":300,\"height\":300,\"caption\":\"Buy 4-AcO-DMT Online\"},{\"@type\":\"BreadcrumbList\",\"@id\":\"https:\/\/pvpgrams.com\/product\/4-aco-dmt\/#breadcrumb\",\"itemListElement\":[{\"@type\":\"ListItem\",\"position\":1,\"name\":\"Home\",\"item\":\"https:\/\/pvpgrams.com\/\"},{\"@type\":\"ListItem\",\"position\":2,\"name\":\"Shop\",\"item\":\"https:\/\/pvpgrams.com\/shop\/\"},{\"@type\":\"ListItem\",\"position\":3,\"name\":\"Buy 4-AcO-DMT Online\"}]},{\"@type\":\"WebSite\",\"@id\":\"https:\/\/pvpgrams.com\/#website\",\"url\":\"https:\/\/pvpgrams.com\/\",\"name\":\"PVP Grams\",\"description\":\"\",\"publisher\":{\"@id\":\"https:\/\/pvpgrams.com\/#organization\"},\"potentialAction\":[{\"@type\":\"SearchAction\",\"target\":{\"@type\":\"EntryPoint\",\"urlTemplate\":\"https:\/\/pvpgrams.com\/?s={search_term_string}\"},\"query-input\":{\"@type\":\"PropertyValueSpecification\",\"valueRequired\":true,\"valueName\":\"search_term_string\"}}],\"inLanguage\":\"pt-PT\"},{\"@type\":\"Organization\",\"@id\":\"https:\/\/pvpgrams.com\/#organization\",\"name\":\"PVP Grams\",\"url\":\"https:\/\/pvpgrams.com\/\",\"logo\":{\"@type\":\"ImageObject\",\"inLanguage\":\"pt-PT\",\"@id\":\"https:\/\/pvpgrams.com\/#\/schema\/logo\/image\/\",\"url\":\"https:\/\/pvpgrams.com\/wp-content\/uploads\/2024\/10\/logo.png\",\"contentUrl\":\"https:\/\/pvpgrams.com\/wp-content\/uploads\/2024\/10\/logo.png\",\"width\":181,\"height\":41,\"caption\":\"PVP Grams\"},\"image\":{\"@id\":\"https:\/\/pvpgrams.com\/#\/schema\/logo\/image\/\"}}]}<\/script>\n<!-- \/ Yoast SEO plugin. -->","yoast_head_json":{"title":"Comprar 4-AcO-DMT Online - 4-AcO-DMT em p\u00f3 para venda","description":"Encontre o p\u00f3 premium 4 aco dmt para venda em nossa loja online, fornecendo uma plataforma segura para comprar 4 aco dmt online com facilidade, atendendo \u00e0s suas necessidades de pesquisa.","robots":{"index":"index","follow":"follow","max-snippet":"max-snippet:-1","max-image-preview":"max-image-preview:large","max-video-preview":"max-video-preview:-1"},"canonical":"https:\/\/pvpgrams.com\/pt\/product\/4-aco-dmt\/","og_locale":"pt_PT","og_type":"article","og_title":"Buy 4-AcO-DMT Online - 4-AcO-DMT Powder for Sale","og_description":"Find premium 4 aco dmt powder for sale at our online store, providing a secure platform to buy 4 aco dmt online with ease, catering to your research needs.","og_url":"https:\/\/pvpgrams.com\/pt\/product\/4-aco-dmt\/","og_site_name":"PVP Grams","article_modified_time":"2025-10-30T08:07:29+00:00","og_image":[{"width":300,"height":300,"url":"https:\/\/pvpgrams.com\/wp-content\/uploads\/2024\/11\/DMT-Bestellen-2.jpg","type":"image\/jpeg"}],"twitter_card":"summary_large_image","twitter_misc":{"Tempo estimado de leitura":"2 minutos"},"schema":{"@context":"https:\/\/schema.org","@graph":[{"@type":["WebPage","ItemPage"],"@id":"https:\/\/pvpgrams.com\/product\/4-aco-dmt\/","url":"https:\/\/pvpgrams.com\/product\/4-aco-dmt\/","name":"Comprar 4-AcO-DMT Online - 4-AcO-DMT em p\u00f3 para venda","isPartOf":{"@id":"https:\/\/pvpgrams.com\/#website"},"primaryImageOfPage":{"@id":"https:\/\/pvpgrams.com\/product\/4-aco-dmt\/#primaryimage"},"image":{"@id":"https:\/\/pvpgrams.com\/product\/4-aco-dmt\/#primaryimage"},"thumbnailUrl":"https:\/\/pvpgrams.com\/wp-content\/uploads\/2024\/11\/DMT-Bestellen-2.jpg","datePublished":"2024-11-24T22:22:27+00:00","dateModified":"2025-10-30T08:07:29+00:00","description":"Encontre o p\u00f3 premium 4 aco dmt para venda em nossa loja online, fornecendo uma plataforma segura para comprar 4 aco dmt online com facilidade, atendendo \u00e0s suas necessidades de pesquisa.","breadcrumb":{"@id":"https:\/\/pvpgrams.com\/product\/4-aco-dmt\/#breadcrumb"},"inLanguage":"pt-PT","potentialAction":[{"@type":"ReadAction","target":["https:\/\/pvpgrams.com\/product\/4-aco-dmt\/"]}]},{"@type":"ImageObject","inLanguage":"pt-PT","@id":"https:\/\/pvpgrams.com\/product\/4-aco-dmt\/#primaryimage","url":"https:\/\/pvpgrams.com\/wp-content\/uploads\/2024\/11\/DMT-Bestellen-2.jpg","contentUrl":"https:\/\/pvpgrams.com\/wp-content\/uploads\/2024\/11\/DMT-Bestellen-2.jpg","width":300,"height":300,"caption":"Buy 4-AcO-DMT Online"},{"@type":"BreadcrumbList","@id":"https:\/\/pvpgrams.com\/product\/4-aco-dmt\/#breadcrumb","itemListElement":[{"@type":"ListItem","position":1,"name":"Home","item":"https:\/\/pvpgrams.com\/"},{"@type":"ListItem","position":2,"name":"Shop","item":"https:\/\/pvpgrams.com\/shop\/"},{"@type":"ListItem","position":3,"name":"Buy 4-AcO-DMT Online"}]},{"@type":"WebSite","@id":"https:\/\/pvpgrams.com\/#website","url":"https:\/\/pvpgrams.com\/","name":"Gramas PVP","description":"","publisher":{"@id":"https:\/\/pvpgrams.com\/#organization"},"potentialAction":[{"@type":"SearchAction","target":{"@type":"EntryPoint","urlTemplate":"https:\/\/pvpgrams.com\/?s={search_term_string}"},"query-input":{"@type":"PropertyValueSpecification","valueRequired":true,"valueName":"search_term_string"}}],"inLanguage":"pt-PT"},{"@type":"Organization","@id":"https:\/\/pvpgrams.com\/#organization","name":"Gramas PVP","url":"https:\/\/pvpgrams.com\/","logo":{"@type":"ImageObject","inLanguage":"pt-PT","@id":"https:\/\/pvpgrams.com\/#\/schema\/logo\/image\/","url":"https:\/\/pvpgrams.com\/wp-content\/uploads\/2024\/10\/logo.png","contentUrl":"https:\/\/pvpgrams.com\/wp-content\/uploads\/2024\/10\/logo.png","width":181,"height":41,"caption":"PVP Grams"},"image":{"@id":"https:\/\/pvpgrams.com\/#\/schema\/logo\/image\/"}}]}},"_links":{"self":[{"href":"https:\/\/pvpgrams.com\/pt\/wp-json\/wp\/v2\/product\/1213","targetHints":{"allow":["GET"]}}],"collection":[{"href":"https:\/\/pvpgrams.com\/pt\/wp-json\/wp\/v2\/product"}],"about":[{"href":"https:\/\/pvpgrams.com\/pt\/wp-json\/wp\/v2\/types\/product"}],"replies":[{"embeddable":true,"href":"https:\/\/pvpgrams.com\/pt\/wp-json\/wp\/v2\/comments?post=1213"}],"wp:featuredmedia":[{"embeddable":true,"href":"https:\/\/pvpgrams.com\/pt\/wp-json\/wp\/v2\/media\/1214"}],"wp:attachment":[{"href":"https:\/\/pvpgrams.com\/pt\/wp-json\/wp\/v2\/media?parent=1213"}],"wp:term":[{"taxonomy":"product_brand","embeddable":true,"href":"https:\/\/pvpgrams.com\/pt\/wp-json\/wp\/v2\/product_brand?post=1213"},{"taxonomy":"product_cat","embeddable":true,"href":"https:\/\/pvpgrams.com\/pt\/wp-json\/wp\/v2\/product_cat?post=1213"},{"taxonomy":"product_tag","embeddable":true,"href":"https:\/\/pvpgrams.com\/pt\/wp-json\/wp\/v2\/product_tag?post=1213"}],"curies":[{"name":"wp","href":"https:\/\/api.w.org\/{rel}","templated":true}]}}