{"id":1220,"date":"2024-11-24T22:37:35","date_gmt":"2024-11-24T22:37:35","guid":{"rendered":"https:\/\/pvpgrams.com\/?post_type=product&#038;p=1220"},"modified":"2025-08-30T19:29:25","modified_gmt":"2025-08-30T19:29:25","slug":"adb-butinaca","status":"publish","type":"product","link":"https:\/\/pvpgrams.com\/pt\/product\/adb-butinaca\/","title":{"rendered":"Comprar ADB-BUTINACA Online"},"content":{"rendered":"<h2 data-start=\"117\" data-end=\"178\"><strong data-start=\"117\" data-end=\"176\">Compre ADB-BUTINACA online de uma fonte de pesquisa confi\u00e1vel<\/strong><\/h2>\n<p data-start=\"180\" data-end=\"221\"><strong data-start=\"180\" data-end=\"219\">Comprar ADB-BUTINACA Online em Pvpgrams<\/strong><\/p>\n<p data-start=\"223\" data-end=\"735\">O ADB-BUTINACA \u00e9 um canabinoide sint\u00e9tico popular em comunidades de pesquisa por suas propriedades \u00fanicas e intera\u00e7\u00e3o com o sistema endocanabinoide. Conhecido por sua alta pot\u00eancia, o ADB-BUTINACA \u00e9 frequentemente estudado por seus efeitos em farmacologia, toxicologia e estudos de receptores. Na Pvpgrams, fornecemos ADB-BUTINACA de alta qualidade, garantindo transa\u00e7\u00f5es seguras, embalagem discreta e entrega confi\u00e1vel para todas as necessidades de pesquisa e explora\u00e7\u00e3o. <a href=\"https:\/\/pvpgrams.com\/pt\/product\/adb-butinaca\/\">Comprar ADB-BUTINACA online<\/a> de um fornecedor confi\u00e1vel hoje.<\/p>\n<h3 data-start=\"737\" data-end=\"780\">Aplica\u00e7\u00f5es e utiliza\u00e7\u00f5es da ADB-BUTINACA<\/h3>\n<p data-start=\"782\" data-end=\"823\"><strong data-start=\"782\" data-end=\"821\">Investiga\u00e7\u00e3o e desenvolvimento cient\u00edfico<\/strong><\/p>\n<p data-start=\"825\" data-end=\"1117\"><a href=\"https:\/\/en.wikipedia.org\/wiki\/ADB-BUTINACA\">ADB-BUTINACA<\/a> \u00e9 amplamente utilizado em ambientes de pesquisa para estudar sua intera\u00e7\u00e3o com receptores canabinoides (CB1 e CB2) e suas potenciais aplica\u00e7\u00f5es na compreens\u00e3o da modula\u00e7\u00e3o endocanabinoide. Pesquisadores que desejam comprar ADB-BUTINACA online se beneficiam de uma fonte verificada e de alta pureza.<\/p>\n<p data-start=\"1119\" data-end=\"1166\"><strong data-start=\"1119\" data-end=\"1164\">Estudos Farmacol\u00f3gicos e Toxicol\u00f3gicos<\/strong><\/p>\n<p data-start=\"1168\" data-end=\"1345\">Pesquisadores compram ADB-BUTINACA para analisar sua estrutura qu\u00edmica, atividade biol\u00f3gica e perfil de seguran\u00e7a, tornando-o um composto essencial na pesquisa de canabinoides sint\u00e9ticos.<\/p>\n<p data-start=\"1347\" data-end=\"1377\"><strong data-start=\"1347\" data-end=\"1375\">Estudos de liga\u00e7\u00e3o aos receptores<\/strong><\/p>\n<p data-start=\"1379\" data-end=\"1609\">Devido \u00e0 sua alta afinidade de liga\u00e7\u00e3o, o ADB-BUTINACA \u00e9 inestim\u00e1vel em estudos que exploram a din\u00e2mica dos receptores canabinoides e seus efeitos nos processos fisiol\u00f3gicos. Encomende ADB-BUTINACA para aplica\u00e7\u00f5es de pesquisa precisas e de n\u00edvel laboratorial.<\/p>\n<h3 data-start=\"1611\" data-end=\"1652\">Porqu\u00ea comprar ADB-BUTINACA na Pvpgrams?<\/h3>\n<p data-start=\"1654\" data-end=\"1747\">Na Pvpgrams, priorizamos qualidade, confiabilidade e satisfa\u00e7\u00e3o do cliente em cada pedido.<\/p>\n<p data-start=\"1749\" data-end=\"1780\"><strong data-start=\"1749\" data-end=\"1778\">ADB-BUTINACA de alta qualidade<\/strong><\/p>\n<p data-start=\"1782\" data-end=\"1934\">Nosso ADB-BUTINACA para venda \u00e9 produzido sob rigorosas medidas de controle de qualidade, garantindo pureza e confiabilidade consistentes para todos os fins de pesquisa.<\/p>\n<p data-start=\"1936\" data-end=\"1974\"><strong data-start=\"1936\" data-end=\"1972\">Transac\u00e7\u00f5es seguras e discretas<\/strong><\/p>\n<p data-start=\"1976\" data-end=\"2114\">Garantimos que todos os pedidos de compra on-line da ADB-BUTINACA sejam processados \u200b\u200bcom m\u00e9todos de pagamento seguros e embalagens discretas para proteger sua privacidade.<\/p>\n<p data-start=\"2116\" data-end=\"2148\"><strong data-start=\"2116\" data-end=\"2146\">Entrega r\u00e1pida e fi\u00e1vel<\/strong><\/p>\n<p data-start=\"2150\" data-end=\"2274\">Com nossa rede log\u00edstica confi\u00e1vel, voc\u00ea pode encomendar ADB-BUTINACA com confian\u00e7a, sabendo que ele chegar\u00e1 prontamente e com seguran\u00e7a.<\/p>\n<p data-start=\"2276\" data-end=\"2316\"><strong data-start=\"2276\" data-end=\"2314\">Pre\u00e7os acess\u00edveis e transparentes<\/strong><\/p>\n<p data-start=\"2318\" data-end=\"2491\">Oferecemos pre\u00e7os competitivos para ADB-BUTINACA sem comprometer a qualidade, o que nos torna o melhor lugar para comprar ADB-BUTINACA on-line para pesquisadores e profissionais.<\/p>\n<h3 data-start=\"2493\" data-end=\"2528\">Comprar ADB-BUTINACA Online Hoje<\/h3>\n<p data-start=\"2530\" data-end=\"2893\">Procurando uma fonte confi\u00e1vel de ADB-BUTINACA para venda? Na Pvpgrams, oferecemos ADB-BUTINACA de alta qualidade, entrega r\u00e1pida, pagamento seguro e suporte ao cliente excepcional. Seja para conduzir pesquisas cient\u00edficas ou explorar estudos sobre receptores, compre ADB-BUTINACA online hoje mesmo e desfrute da conveni\u00eancia e confiabilidade de um fornecedor confi\u00e1vel.<\/p>","protected":false},"excerpt":{"rendered":"<p><strong>ADB-BUTINACA<\/strong> \u00e9 um potente canabin\u00f3ide sint\u00e9tico conhecido pela sua afinidade de liga\u00e7\u00e3o aos receptores CB1 e CB2. \u00c9 habitualmente utilizado em <strong>investiga\u00e7\u00e3o em neuroci\u00eancias<\/strong> e <strong>an\u00e1lise qu\u00edmica<\/strong> para estudar os efeitos da intera\u00e7\u00e3o dos receptores canabin\u00f3ides. Na Factoryson, fornecemos <strong>ADB-BUTINACA de alta pureza<\/strong> para <strong>investiga\u00e7\u00e3o e aplica\u00e7\u00f5es industriais<\/strong>garantindo uma qualidade superior e uma entrega segura.<\/p>\n<h3><strong>Como funciona a ADB-BUTINACA<\/strong><\/h3>\n<p>A ADB-BUTINACA actua como um <strong>agonista<\/strong> em <strong>Receptores CB1 e CB2<\/strong>imitando os efeitos dos canabin\u00f3ides naturais. \u00c9 habitualmente utilizado em investiga\u00e7\u00e3o para estudar <strong>intera\u00e7\u00f5es dos receptores<\/strong> e o seu impacto no sistema nervoso central.<\/p>\n<h3><strong>F\u00f3rmula do produto<\/strong><\/h3>\n<ul>\n<li><strong>Nome qu\u00edmico<\/strong>: N-[1-amino-3,3-dimethyl-1-oxobutan-2-yl]-1-(4-fluorobutyl)-1H-indazole-3-carboxamide<\/li>\n<li><strong>F\u00f3rmula molecular<\/strong>: C20H28FN3O3<\/li>\n<li><strong>Massa molar<\/strong>: 377,46 g\/mol<\/li>\n<\/ul>","protected":false},"featured_media":1431,"comment_status":"open","ping_status":"closed","template":"","meta":{"_kadence_starter_templates_imported_post":false,"_kad_post_transparent":"default","_kad_post_title":"","_kad_post_layout":"default","_kad_post_sidebar_id":"","_kad_post_content_style":"default","_kad_post_vertical_padding":"default","_kad_post_feature":"","_kad_post_feature_position":"","_kad_post_header":false,"_kad_post_footer":false,"_joinchat":[]},"product_brand":[],"product_cat":[57],"product_tag":[],"class_list":{"0":"post-1220","1":"product","2":"type-product","3":"status-publish","4":"has-post-thumbnail","6":"product_cat-adb-butinaca","8":"first","9":"instock","10":"shipping-taxable","11":"purchasable","12":"product-type-variable","13":"entry","14":"content-bg","15":"loop-entry"},"yoast_head":"<!-- This site is optimized with the Yoast SEO plugin v26.5 - https:\/\/yoast.com\/wordpress\/plugins\/seo\/ -->\n<title>Buy ADB-BUTINACA Online - ADB-BUTINACA Powder for Sale<\/title>\n<meta name=\"description\" content=\"You can buy adb butinaca online at the best prices from our online store. We have cheap and high-quality adb butinaca powder for sale and providing worldwide delivery. You can order from anytime, anywhere.\" \/>\n<meta name=\"robots\" content=\"index, follow, max-snippet:-1, max-image-preview:large, max-video-preview:-1\" \/>\n<link rel=\"canonical\" href=\"https:\/\/pvpgrams.com\/pt\/product\/adb-butinaca\/\" \/>\n<meta property=\"og:locale\" content=\"pt_PT\" \/>\n<meta property=\"og:type\" content=\"article\" \/>\n<meta property=\"og:title\" content=\"Buy ADB-BUTINACA Online - ADB-BUTINACA Powder for Sale\" \/>\n<meta property=\"og:description\" content=\"You can buy adb butinaca online at the best prices from our online store. We have cheap and high-quality adb butinaca powder for sale and providing worldwide delivery. You can order from anytime, anywhere.\" \/>\n<meta property=\"og:url\" content=\"https:\/\/pvpgrams.com\/pt\/product\/adb-butinaca\/\" \/>\n<meta property=\"og:site_name\" content=\"PVP Grams\" \/>\n<meta property=\"article:modified_time\" content=\"2025-08-30T19:29:25+00:00\" \/>\n<meta property=\"og:image\" content=\"https:\/\/pvpgrams.com\/wp-content\/uploads\/2024\/11\/Buy-ADB-BUTINACA-Online.jpg\" \/>\n\t<meta property=\"og:image:width\" content=\"600\" \/>\n\t<meta property=\"og:image:height\" content=\"600\" \/>\n\t<meta property=\"og:image:type\" content=\"image\/jpeg\" \/>\n<meta name=\"twitter:card\" content=\"summary_large_image\" \/>\n<meta name=\"twitter:label1\" content=\"Tempo estimado de leitura\" \/>\n\t<meta name=\"twitter:data1\" content=\"2 minutos\" \/>\n<script type=\"application\/ld+json\" class=\"yoast-schema-graph\">{\"@context\":\"https:\/\/schema.org\",\"@graph\":[{\"@type\":[\"WebPage\",\"ItemPage\"],\"@id\":\"https:\/\/pvpgrams.com\/product\/adb-butinaca\/\",\"url\":\"https:\/\/pvpgrams.com\/product\/adb-butinaca\/\",\"name\":\"Buy ADB-BUTINACA Online - ADB-BUTINACA Powder for Sale\",\"isPartOf\":{\"@id\":\"https:\/\/pvpgrams.com\/#website\"},\"primaryImageOfPage\":{\"@id\":\"https:\/\/pvpgrams.com\/product\/adb-butinaca\/#primaryimage\"},\"image\":{\"@id\":\"https:\/\/pvpgrams.com\/product\/adb-butinaca\/#primaryimage\"},\"thumbnailUrl\":\"https:\/\/pvpgrams.com\/wp-content\/uploads\/2024\/11\/Buy-ADB-BUTINACA-Online.jpg\",\"datePublished\":\"2024-11-24T22:37:35+00:00\",\"dateModified\":\"2025-08-30T19:29:25+00:00\",\"description\":\"You can buy adb butinaca online at the best prices from our online store. We have cheap and high-quality adb butinaca powder for sale and providing worldwide delivery. You can order from anytime, anywhere.\",\"breadcrumb\":{\"@id\":\"https:\/\/pvpgrams.com\/product\/adb-butinaca\/#breadcrumb\"},\"inLanguage\":\"pt-PT\",\"potentialAction\":[{\"@type\":\"ReadAction\",\"target\":[\"https:\/\/pvpgrams.com\/product\/adb-butinaca\/\"]}]},{\"@type\":\"ImageObject\",\"inLanguage\":\"pt-PT\",\"@id\":\"https:\/\/pvpgrams.com\/product\/adb-butinaca\/#primaryimage\",\"url\":\"https:\/\/pvpgrams.com\/wp-content\/uploads\/2024\/11\/Buy-ADB-BUTINACA-Online.jpg\",\"contentUrl\":\"https:\/\/pvpgrams.com\/wp-content\/uploads\/2024\/11\/Buy-ADB-BUTINACA-Online.jpg\",\"width\":600,\"height\":600,\"caption\":\"Buy-ADB-BUTINACA-Online\"},{\"@type\":\"BreadcrumbList\",\"@id\":\"https:\/\/pvpgrams.com\/product\/adb-butinaca\/#breadcrumb\",\"itemListElement\":[{\"@type\":\"ListItem\",\"position\":1,\"name\":\"Home\",\"item\":\"https:\/\/pvpgrams.com\/\"},{\"@type\":\"ListItem\",\"position\":2,\"name\":\"Shop\",\"item\":\"https:\/\/pvpgrams.com\/shop\/\"},{\"@type\":\"ListItem\",\"position\":3,\"name\":\"Buy ADB-BUTINACA Online\"}]},{\"@type\":\"WebSite\",\"@id\":\"https:\/\/pvpgrams.com\/#website\",\"url\":\"https:\/\/pvpgrams.com\/\",\"name\":\"PVP Grams\",\"description\":\"\",\"publisher\":{\"@id\":\"https:\/\/pvpgrams.com\/#organization\"},\"potentialAction\":[{\"@type\":\"SearchAction\",\"target\":{\"@type\":\"EntryPoint\",\"urlTemplate\":\"https:\/\/pvpgrams.com\/?s={search_term_string}\"},\"query-input\":{\"@type\":\"PropertyValueSpecification\",\"valueRequired\":true,\"valueName\":\"search_term_string\"}}],\"inLanguage\":\"pt-PT\"},{\"@type\":\"Organization\",\"@id\":\"https:\/\/pvpgrams.com\/#organization\",\"name\":\"PVP Grams\",\"url\":\"https:\/\/pvpgrams.com\/\",\"logo\":{\"@type\":\"ImageObject\",\"inLanguage\":\"pt-PT\",\"@id\":\"https:\/\/pvpgrams.com\/#\/schema\/logo\/image\/\",\"url\":\"https:\/\/pvpgrams.com\/wp-content\/uploads\/2024\/10\/logo.png\",\"contentUrl\":\"https:\/\/pvpgrams.com\/wp-content\/uploads\/2024\/10\/logo.png\",\"width\":181,\"height\":41,\"caption\":\"PVP Grams\"},\"image\":{\"@id\":\"https:\/\/pvpgrams.com\/#\/schema\/logo\/image\/\"}}]}<\/script>\n<!-- \/ Yoast SEO plugin. -->","yoast_head_json":{"title":"Comprar ADB-BUTINACA Online - ADB-BUTINACA em p\u00f3 para venda","description":"Pode comprar adb butinaca online ao melhor pre\u00e7o na nossa loja online. Temos p\u00f3 de adb butinaca barato e de alta qualidade para venda e entrega em todo o mundo. Voc\u00ea pode encomendar a qualquer hora, em qualquer lugar.","robots":{"index":"index","follow":"follow","max-snippet":"max-snippet:-1","max-image-preview":"max-image-preview:large","max-video-preview":"max-video-preview:-1"},"canonical":"https:\/\/pvpgrams.com\/pt\/product\/adb-butinaca\/","og_locale":"pt_PT","og_type":"article","og_title":"Buy ADB-BUTINACA Online - ADB-BUTINACA Powder for Sale","og_description":"You can buy adb butinaca online at the best prices from our online store. We have cheap and high-quality adb butinaca powder for sale and providing worldwide delivery. You can order from anytime, anywhere.","og_url":"https:\/\/pvpgrams.com\/pt\/product\/adb-butinaca\/","og_site_name":"PVP Grams","article_modified_time":"2025-08-30T19:29:25+00:00","og_image":[{"width":600,"height":600,"url":"https:\/\/pvpgrams.com\/wp-content\/uploads\/2024\/11\/Buy-ADB-BUTINACA-Online.jpg","type":"image\/jpeg"}],"twitter_card":"summary_large_image","twitter_misc":{"Tempo estimado de leitura":"2 minutos"},"schema":{"@context":"https:\/\/schema.org","@graph":[{"@type":["WebPage","ItemPage"],"@id":"https:\/\/pvpgrams.com\/product\/adb-butinaca\/","url":"https:\/\/pvpgrams.com\/product\/adb-butinaca\/","name":"Comprar ADB-BUTINACA Online - ADB-BUTINACA em p\u00f3 para venda","isPartOf":{"@id":"https:\/\/pvpgrams.com\/#website"},"primaryImageOfPage":{"@id":"https:\/\/pvpgrams.com\/product\/adb-butinaca\/#primaryimage"},"image":{"@id":"https:\/\/pvpgrams.com\/product\/adb-butinaca\/#primaryimage"},"thumbnailUrl":"https:\/\/pvpgrams.com\/wp-content\/uploads\/2024\/11\/Buy-ADB-BUTINACA-Online.jpg","datePublished":"2024-11-24T22:37:35+00:00","dateModified":"2025-08-30T19:29:25+00:00","description":"Pode comprar adb butinaca online ao melhor pre\u00e7o na nossa loja online. Temos p\u00f3 de adb butinaca barato e de alta qualidade para venda e entrega em todo o mundo. Voc\u00ea pode encomendar a qualquer hora, em qualquer lugar.","breadcrumb":{"@id":"https:\/\/pvpgrams.com\/product\/adb-butinaca\/#breadcrumb"},"inLanguage":"pt-PT","potentialAction":[{"@type":"ReadAction","target":["https:\/\/pvpgrams.com\/product\/adb-butinaca\/"]}]},{"@type":"ImageObject","inLanguage":"pt-PT","@id":"https:\/\/pvpgrams.com\/product\/adb-butinaca\/#primaryimage","url":"https:\/\/pvpgrams.com\/wp-content\/uploads\/2024\/11\/Buy-ADB-BUTINACA-Online.jpg","contentUrl":"https:\/\/pvpgrams.com\/wp-content\/uploads\/2024\/11\/Buy-ADB-BUTINACA-Online.jpg","width":600,"height":600,"caption":"Buy-ADB-BUTINACA-Online"},{"@type":"BreadcrumbList","@id":"https:\/\/pvpgrams.com\/product\/adb-butinaca\/#breadcrumb","itemListElement":[{"@type":"ListItem","position":1,"name":"Home","item":"https:\/\/pvpgrams.com\/"},{"@type":"ListItem","position":2,"name":"Shop","item":"https:\/\/pvpgrams.com\/shop\/"},{"@type":"ListItem","position":3,"name":"Buy ADB-BUTINACA Online"}]},{"@type":"WebSite","@id":"https:\/\/pvpgrams.com\/#website","url":"https:\/\/pvpgrams.com\/","name":"Gramas PVP","description":"","publisher":{"@id":"https:\/\/pvpgrams.com\/#organization"},"potentialAction":[{"@type":"SearchAction","target":{"@type":"EntryPoint","urlTemplate":"https:\/\/pvpgrams.com\/?s={search_term_string}"},"query-input":{"@type":"PropertyValueSpecification","valueRequired":true,"valueName":"search_term_string"}}],"inLanguage":"pt-PT"},{"@type":"Organization","@id":"https:\/\/pvpgrams.com\/#organization","name":"Gramas PVP","url":"https:\/\/pvpgrams.com\/","logo":{"@type":"ImageObject","inLanguage":"pt-PT","@id":"https:\/\/pvpgrams.com\/#\/schema\/logo\/image\/","url":"https:\/\/pvpgrams.com\/wp-content\/uploads\/2024\/10\/logo.png","contentUrl":"https:\/\/pvpgrams.com\/wp-content\/uploads\/2024\/10\/logo.png","width":181,"height":41,"caption":"PVP Grams"},"image":{"@id":"https:\/\/pvpgrams.com\/#\/schema\/logo\/image\/"}}]}},"_links":{"self":[{"href":"https:\/\/pvpgrams.com\/pt\/wp-json\/wp\/v2\/product\/1220","targetHints":{"allow":["GET"]}}],"collection":[{"href":"https:\/\/pvpgrams.com\/pt\/wp-json\/wp\/v2\/product"}],"about":[{"href":"https:\/\/pvpgrams.com\/pt\/wp-json\/wp\/v2\/types\/product"}],"replies":[{"embeddable":true,"href":"https:\/\/pvpgrams.com\/pt\/wp-json\/wp\/v2\/comments?post=1220"}],"wp:featuredmedia":[{"embeddable":true,"href":"https:\/\/pvpgrams.com\/pt\/wp-json\/wp\/v2\/media\/1431"}],"wp:attachment":[{"href":"https:\/\/pvpgrams.com\/pt\/wp-json\/wp\/v2\/media?parent=1220"}],"wp:term":[{"taxonomy":"product_brand","embeddable":true,"href":"https:\/\/pvpgrams.com\/pt\/wp-json\/wp\/v2\/product_brand?post=1220"},{"taxonomy":"product_cat","embeddable":true,"href":"https:\/\/pvpgrams.com\/pt\/wp-json\/wp\/v2\/product_cat?post=1220"},{"taxonomy":"product_tag","embeddable":true,"href":"https:\/\/pvpgrams.com\/pt\/wp-json\/wp\/v2\/product_tag?post=1220"}],"curies":[{"name":"wp","href":"https:\/\/api.w.org\/{rel}","templated":true}]}}