{"id":1505,"date":"2025-05-15T09:39:56","date_gmt":"2025-05-15T09:39:56","guid":{"rendered":"https:\/\/pvpgrams.com\/?post_type=product&#038;p=1505"},"modified":"2026-02-24T13:54:37","modified_gmt":"2026-02-24T13:54:37","slug":"2c-e-2c-p-2c-c-2c-t-2-2c-b-hcl-powder","status":"publish","type":"product","link":"https:\/\/pvpgrams.com\/pt\/product\/2c-e-2c-p-2c-c-2c-t-2-2c-b-hcl-powder\/","title":{"rendered":"Comprar 2C-E, 2C-P, 2C-C, 2C-T-2, 2C-B\/ Hcl P\u00f3 Online"},"content":{"rendered":"<h2 data-start=\"118\" data-end=\"212\"><strong data-start=\"118\" data-end=\"210\">Compre p\u00f3 de HCl 2C-E, 2C-P, 2C-C, 2C-T-2 e 2C-B online de uma fonte de pesquisa confi\u00e1vel<\/strong><\/h2>\n<p data-start=\"214\" data-end=\"320\">Compre p\u00f3 de HCl 2C-E, 2C-P, 2C-C, 2C-T-2, 2C-B online \u2013 Produtos qu\u00edmicos de pesquisa premium, pureza testada em laborat\u00f3rio<\/p>\n<p data-start=\"322\" data-end=\"643\">Explore a fonte confi\u00e1vel para <a href=\"https:\/\/pvpgrams.com\/pt\/product\/2c-e-2c-p-2c-c-2c-t-2-2c-b-hcl-powder\/\">compre p\u00f3 de HCl 2C-E, 2C-P, 2C-C, 2C-T-2 e 2C-B online<\/a>Destinado exclusivamente para uso cient\u00edfico e em pesquisa. Nossa cole\u00e7\u00e3o de compostos da s\u00e9rie 2C oferece p\u00f3s altamente purificados e testados em laborat\u00f3rio que permitem estudos neuroqu\u00edmicos avan\u00e7ados e de liga\u00e7\u00e3o a receptores com confian\u00e7a e precis\u00e3o.<\/p>\n<h3 data-start=\"645\" data-end=\"707\">O que s\u00e3o os p\u00f3s de HCl 2C-E, 2C-P, 2C-C, 2C-T-2 e 2C-B?<\/h3>\n<p data-start=\"709\" data-end=\"891\">O <a href=\"https:\/\/en.wikipedia.org\/wiki\/2C-E\">2C<\/a> A fam\u00edlia de derivados de fenetilamina \u00e9 fundamental na psicofarmacologia e na pesquisa de receptores. Cada composto apresenta estruturas moleculares e perfis farmacol\u00f3gicos \u00fanicos:<\/p>\n<ul data-start=\"893\" data-end=\"1418\">\n<li data-start=\"893\" data-end=\"994\">\n<p data-start=\"895\" data-end=\"994\">2C-E HCl: conhecido por sua pot\u00eancia e utilidade em estudos de rela\u00e7\u00e3o estrutura-atividade (SAR).<\/p>\n<\/li>\n<li data-start=\"995\" data-end=\"1100\">\n<p data-start=\"997\" data-end=\"1100\">2C-P HCl: Caracterizado por sua maior dura\u00e7\u00e3o, ideal para pesquisas de intera\u00e7\u00e3o prolongada com receptores.<\/p>\n<\/li>\n<li data-start=\"1101\" data-end=\"1198\">\n<p data-start=\"1103\" data-end=\"1198\">2C-C HCl: Oferece efeitos moderados, frequentemente usado em an\u00e1lises neuroqu\u00edmicas comparativas.<\/p>\n<\/li>\n<li data-start=\"1199\" data-end=\"1308\">\n<p data-start=\"1201\" data-end=\"1308\">2C-T-2 HCl: Um an\u00e1logo substitu\u00eddo por enxofre, valioso para explorar o impacto do enxofre na afinidade do receptor.<\/p>\n<\/li>\n<li data-start=\"1309\" data-end=\"1418\">\n<p data-start=\"1311\" data-end=\"1418\">2C-B HCl: O composto de refer\u00eancia na s\u00e9rie 2C, amplamente estudado por suas propriedades psicoestimulantes.<\/p>\n<\/li>\n<\/ul>\n<p data-start=\"1420\" data-end=\"1682\">Todos os produtos s\u00e3o fornecidos na forma de sal de HCl, aumentando a estabilidade, a solubilidade e a facilidade de manuseio em ambientes laboratoriais. Pesquisadores que buscam HCl em p\u00f3 2C-E, 2C-P, 2C-C, 2C-T-2 e 2C-B para venda encontrar\u00e3o acesso confi\u00e1vel por meio de nossa plataforma.<\/p>\n<h3 data-start=\"1684\" data-end=\"1759\">Por que comprar p\u00f3 de HCl 2C-E, 2C-P, 2C-C, 2C-T-2 e 2C-B online conosco?<\/h3>\n<p data-start=\"1761\" data-end=\"1831\">Nossos p\u00f3s s\u00e3o fabricados e adquiridos com os mais altos padr\u00f5es:<\/p>\n<ul data-start=\"1833\" data-end=\"2373\">\n<li data-start=\"1833\" data-end=\"1929\">\n<p data-start=\"1835\" data-end=\"1929\">Pureza testada em laborat\u00f3rio terceirizado com Certificados de An\u00e1lise (COAs) garantindo pureza \u226598%.<\/p>\n<\/li>\n<li data-start=\"1930\" data-end=\"2011\">\n<p data-start=\"1932\" data-end=\"2011\">Transparante inkoop met volledige documentatie voor naleving van onderzoeksvereisten.<\/p>\n<\/li>\n<li data-start=\"2012\" data-end=\"2153\">\n<p data-start=\"2014\" data-end=\"2153\">Pre\u00e7os competitivos sem comprometer a qualidade \u2014 oferecendo alguns dos melhores pre\u00e7os em p\u00f3 de HCl 2C-E, 2C-P, 2C-C, 2C-T-2 e 2C-B.<\/p>\n<\/li>\n<li data-start=\"2154\" data-end=\"2290\">\n<p data-start=\"2156\" data-end=\"2290\">Envio r\u00e1pido e discreto para todo o mundo com embalagem segura para proteger seu pedido de p\u00f3 de HCl 2C-E, 2C-P, 2C-C, 2C-T-2 e 2C-B.<\/p>\n<\/li>\n<\/ul>\n<p data-start=\"2375\" data-end=\"2533\">Somos o melhor lugar para comprar p\u00f3 de HCl 2C-E, 2C-P, 2C-C, 2C-T-2 e 2C-B on-line devido ao nosso compromisso com a qualidade, legalidade e satisfa\u00e7\u00e3o do cliente.<\/p>\n<h3 data-start=\"2535\" data-end=\"2582\">Estatuto legal e uso respons\u00e1vel da pesquisa<\/h3>\n<p data-start=\"2584\" data-end=\"2930\">O status legal dos compostos da s\u00e9rie 2C varia de acordo com o pa\u00eds \u2014 sempre verifique as regulamenta\u00e7\u00f5es locais antes da compra. Nossos p\u00f3s s\u00e3o vendidos exclusivamente para fins laboratoriais e de pesquisa e n\u00e3o se destinam ao consumo humano. Mantemos o cumprimento rigoroso das leis de uso exclusivo para pesquisa em regi\u00f5es como EUA, Reino Unido, UE, Canad\u00e1 e Austr\u00e1lia.<\/p>\n<h3 data-start=\"2932\" data-end=\"3011\">Como encomendar os p\u00f3s de HCl 2C-E, 2C-P, 2C-C, 2C-T-2 e 2C-B online com seguran\u00e7a<\/h3>\n<p data-start=\"3013\" data-end=\"3055\">Fazer pedidos conosco \u00e9 simples e seguro:<\/p>\n<ol data-start=\"3057\" data-end=\"3332\">\n<li data-start=\"3057\" data-end=\"3107\">\n<p data-start=\"3060\" data-end=\"3107\">Selecione o(s) composto(s) desejado(s) e a quantidade.<\/p>\n<\/li>\n<li data-start=\"3108\" data-end=\"3172\">\n<p data-start=\"3111\" data-end=\"3172\">Forne\u00e7a a verifica\u00e7\u00e3o necess\u00e1ria do uso da pesquisa, se necess\u00e1rio.<\/p>\n<\/li>\n<li data-start=\"3173\" data-end=\"3255\">\n<p data-start=\"3176\" data-end=\"3255\">Escolha seu m\u00e9todo de pagamento \u2014 aceitamos as principais op\u00e7\u00f5es seguras, garantindo privacidade.<\/p>\n<\/li>\n<li data-start=\"3256\" data-end=\"3332\">\n<p data-start=\"3259\" data-end=\"3332\">Receba remessa r\u00e1pida e discreta com rastreamento e documenta\u00e7\u00e3o de seguran\u00e7a.<\/p>\n<\/li>\n<\/ol>\n<h3 data-start=\"3334\" data-end=\"3350\">Conclus\u00e3o<\/h3>\n<p data-start=\"3352\" data-end=\"3670\">Ao comprar p\u00f3 de HCl 2C-E, 2C-P, 2C-C, 2C-T-2 e 2C-B online em nossa plataforma confi\u00e1vel, voc\u00ea obt\u00e9m acesso a compostos de alta qualidade, testados em laborat\u00f3rio, projetados para apoiar pesquisas de ponta. Priorize a conformidade legal, a garantia de qualidade e o fornecimento respons\u00e1vel para avan\u00e7ar seus projetos cient\u00edficos com confian\u00e7a.<\/p>","protected":false},"excerpt":{"rendered":"<p>Compre 2C-E, 2C-P, 2C-C, 2C-T-2 e 2C-B HCl em p\u00f3 online de uma fonte de pesquisa confi\u00e1vel Compre 2C-E, 2C-P, 2C-C, 2C-T-2 e 2C-B HCl em p\u00f3 online \u2013 Produtos qu\u00edmicos de pesquisa premium, pureza testada em laborat\u00f3rio Explore a fonte confi\u00e1vel para comprar online 2C-E, 2C-P, 2C-C, 2C-T-2 e 2C-B HCl em p\u00f3, projetados exclusivamente para uso cient\u00edfico e de pesquisa. A nossa cole\u00e7\u00e3o de compostos da s\u00e9rie 2C oferece p\u00f3s de alta pureza, verificados em laborat\u00f3rio, que permitem estudos neuroqu\u00edmicos avan\u00e7ados e de liga\u00e7\u00e3o de recetores com confian\u00e7a e precis\u00e3o. O que s\u00e3o os p\u00f3s 2C-E, 2C-P, 2C-C, 2C-T-2 e 2C-B HCl? A fam\u00edlia 2C de derivados de fenetilamina \u00e9 fundamental na psicofarmacologia e na investiga\u00e7\u00e3o de recetores. Cada composto apresenta estruturas moleculares e perfis farmacol\u00f3gicos \u00fanicos: 2C-E HCl: conhecido pela sua pot\u00eancia e utilidade em estudos de rela\u00e7\u00e3o estrutura-atividade (SAR). 2C-P HCl: caracterizado pela sua dura\u00e7\u00e3o mais longa, ideal para investiga\u00e7\u00e3o prolongada de intera\u00e7\u00e3o com receptores. 2C-C HCl: oferece efeitos moderados, frequentemente utilizado em an\u00e1lises neuroqu\u00edmicas comparativas. 2C-T-2 HCl: Um an\u00e1logo substitu\u00eddo por enxofre, valioso para explorar o impacto do enxofre na afinidade do recetor. 2C-B HCl: O composto de refer\u00eancia na s\u00e9rie 2C, amplamente estudado pelas suas propriedades psicoestimulantes. Todos os produtos s\u00e3o fornecidos na forma de sal HCl, aumentando a estabilidade, solubilidade e facilidade de manuseamento em ambientes laboratoriais. Os investigadores que procuram 2C-E, 2C-P, 2C-C, 2C-T-2 e 2C-B HCl em p\u00f3 para venda encontrar\u00e3o acesso fi\u00e1vel atrav\u00e9s da nossa plataforma. Porqu\u00ea comprar 2C-E, 2C-P, 2C-C, 2C-T-2 e 2C-B HCl em p\u00f3 online connosco? Os nossos p\u00f3s s\u00e3o fabricados e adquiridos com os mais elevados padr\u00f5es: pureza testada em laborat\u00f3rios independentes com Certificados de An\u00e1lise (COAs) que garantem uma pureza \u226598%. Fornecimento transparente com documenta\u00e7\u00e3o completa para conformidade com a investiga\u00e7\u00e3o. Pre\u00e7os competitivos sem comprometer a qualidade \u2014 oferecendo alguns dos melhores pre\u00e7os de 2C-E, 2C-P, 2C-C, 2C-T-2 e 2C-B HCl em p\u00f3. Envio r\u00e1pido e discreto para todo o mundo com embalagem segura para proteger a sua encomenda de 2C-E, 2C-P, 2C-C, 2C-T-2 e 2C-B HCl em p\u00f3. Somos o melhor lugar para comprar 2C-E, 2C-P, 2C-C, 2C-T-2 e 2C-B HCl em p\u00f3 online devido ao nosso compromisso com a qualidade, legalidade e satisfa\u00e7\u00e3o do cliente. Status legal e uso respons\u00e1vel para pesquisa O status legal dos compostos da s\u00e9rie 2C varia de acordo com o pa\u00eds \u2014 sempre verifique as regulamenta\u00e7\u00f5es locais antes da compra. Os nossos p\u00f3s s\u00e3o vendidos estritamente para fins laboratoriais e de investiga\u00e7\u00e3o e n\u00e3o se destinam ao consumo humano. Cumprimos rigorosamente as leis de uso exclusivo para investiga\u00e7\u00e3o em todas as regi\u00f5es, incluindo os EUA, Reino Unido, UE, Canad\u00e1 e Austr\u00e1lia. Como encomendar online os p\u00f3s 2C-E, 2C-P, 2C-C, 2C-T-2 e 2C-B HCl de forma segura Encomendar connosco \u00e9 f\u00e1cil e seguro: selecione o(s) composto(s) e a quantidade desejados. Forne\u00e7a a verifica\u00e7\u00e3o necess\u00e1ria do uso para investiga\u00e7\u00e3o, se necess\u00e1rio. Escolha o seu m\u00e9todo de pagamento \u2014 aceitamos as principais op\u00e7\u00f5es seguras, garantindo a privacidade. Receba um envio discreto e r\u00e1pido com rastreamento e documenta\u00e7\u00e3o de seguran\u00e7a. Conclus\u00e3o Ao comprar 2C-E, 2C-P, 2C-C, 2C-T-2 e 2C-B HCl em p\u00f3 online na nossa plataforma de confian\u00e7a, voc\u00ea tem acesso a compostos de qualidade premium, testados em laborat\u00f3rio e projetados para apoiar pesquisas de ponta. Priorize a conformidade legal, a garantia de qualidade e o abastecimento respons\u00e1vel para avan\u00e7ar nos seus projetos cient\u00edficos com confian\u00e7a.<\/p>","protected":false},"featured_media":1955,"comment_status":"closed","ping_status":"closed","template":"","meta":{"_kadence_starter_templates_imported_post":false,"_kad_post_transparent":"default","_kad_post_title":"","_kad_post_layout":"default","_kad_post_sidebar_id":"","_kad_post_content_style":"default","_kad_post_vertical_padding":"default","_kad_post_feature":"","_kad_post_feature_position":"","_kad_post_header":false,"_kad_post_footer":false,"_joinchat":[]},"product_brand":[],"product_cat":[361],"product_tag":[3807,3808,3809,3810,3811,3812,3813,3814,3815,3816,3817,3818,3819,3820,3821,3822,3823,3824,3825,3826,3827,3828,3829,3830,3831,3832,3833,3834,3835,3836,3837,3838,3839,3840,3841],"class_list":{"0":"post-1505","1":"product","2":"type-product","3":"status-publish","4":"has-post-thumbnail","6":"product_cat-research-chemicals","7":"product_tag-2c-drug-family","8":"product_tag-2c-engine-for-sale","9":"product_tag-2c-engine-timing-marks","10":"product_tag-2c-grtc-bus-schedule","11":"product_tag-2c-hair-type","12":"product_tag-2c-jalan-pesawat","13":"product_tag-2c-b-is-legal","14":"product_tag-2c-i-drug","15":"product_tag-2c-i-erowid","16":"product_tag-2c-i-for-online","17":"product_tag-2c-i-for-sale-online","18":"product_tag-2c-i-psychonaut","19":"product_tag-2cgaming","20":"product_tag-best-place-to-buy-2c-e-online","21":"product_tag-best-place-to-buy-2c-i-online","22":"product_tag-buy-2c-e-in-australia","23":"product_tag-buy-2c-e-in-germany","24":"product_tag-buy-2c-e-online","25":"product_tag-buy-2c-e-online-in-canada","26":"product_tag-buy-2c-e-online-in-uk","27":"product_tag-buy-2c-e-online-in-usa","28":"product_tag-buy-2c-i-online","29":"product_tag-buy-2c-i-online-in-canada","30":"product_tag-buy-2c-i-online-in-germany","31":"product_tag-buy-2c-i-online-in-uk","32":"product_tag-buy-2c-i-online-in-usa","33":"product_tag-cheap-2c-i-online","34":"product_tag-order-2c-e-online","35":"product_tag-order-2c-i-online","36":"product_tag-purchase-2c-e-online","37":"product_tag-purchase-2c-i-online","38":"product_tag-shop-2c-i","39":"product_tag-shop-2c-i-online","40":"product_tag-where-can-i-buy-2c-e-online","41":"product_tag-where-can-i-buy-2c-i-online","43":"first","44":"instock","45":"shipping-taxable","46":"purchasable","47":"product-type-variable","48":"entry","49":"content-bg","50":"loop-entry"},"yoast_head":"<!-- This site is optimized with the Yoast SEO plugin v26.5 - https:\/\/yoast.com\/wordpress\/plugins\/seo\/ -->\n<title>Buy 2C-E 2C-P 2C-C 2C-T-2 2C-B HCl Powder Online | pvpgrams<\/title>\n<meta name=\"description\" content=\"Want to buy 2C series HCl powders? Get them online with fast shipping. High-purity research chemicals for scientific analysis, delivered discreetly.\" \/>\n<meta name=\"robots\" content=\"index, follow, max-snippet:-1, max-image-preview:large, max-video-preview:-1\" \/>\n<link rel=\"canonical\" href=\"https:\/\/pvpgrams.com\/pt\/product\/2c-e-2c-p-2c-c-2c-t-2-2c-b-hcl-powder\/\" \/>\n<meta property=\"og:locale\" content=\"pt_PT\" \/>\n<meta property=\"og:type\" content=\"article\" \/>\n<meta property=\"og:title\" content=\"Buy 2C-E 2C-P 2C-C 2C-T-2 2C-B HCl Powder Online | pvpgrams\" \/>\n<meta property=\"og:description\" content=\"Want to buy 2C series HCl powders? Get them online with fast shipping. High-purity research chemicals for scientific analysis, delivered discreetly.\" \/>\n<meta property=\"og:url\" content=\"https:\/\/pvpgrams.com\/pt\/product\/2c-e-2c-p-2c-c-2c-t-2-2c-b-hcl-powder\/\" \/>\n<meta property=\"og:site_name\" content=\"PVP Grams\" \/>\n<meta property=\"article:modified_time\" content=\"2026-02-24T13:54:37+00:00\" \/>\n<meta property=\"og:image\" content=\"https:\/\/pvpgrams.com\/wp-content\/uploads\/2025\/05\/2C-E-2C-P-2C-C-2C-T-2-2C-B-Hcl-Powder.jpg\" \/>\n\t<meta property=\"og:image:width\" content=\"600\" \/>\n\t<meta property=\"og:image:height\" content=\"600\" \/>\n\t<meta property=\"og:image:type\" content=\"image\/jpeg\" \/>\n<meta name=\"twitter:card\" content=\"summary_large_image\" \/>\n<meta name=\"twitter:label1\" content=\"Tempo estimado de leitura\" \/>\n\t<meta name=\"twitter:data1\" content=\"3 minutos\" \/>\n<script type=\"application\/ld+json\" class=\"yoast-schema-graph\">{\"@context\":\"https:\/\/schema.org\",\"@graph\":[{\"@type\":[\"WebPage\",\"ItemPage\"],\"@id\":\"https:\/\/pvpgrams.com\/product\/2c-e-2c-p-2c-c-2c-t-2-2c-b-hcl-powder\/\",\"url\":\"https:\/\/pvpgrams.com\/product\/2c-e-2c-p-2c-c-2c-t-2-2c-b-hcl-powder\/\",\"name\":\"Buy 2C-E 2C-P 2C-C 2C-T-2 2C-B HCl Powder Online | pvpgrams\",\"isPartOf\":{\"@id\":\"https:\/\/pvpgrams.com\/#website\"},\"primaryImageOfPage\":{\"@id\":\"https:\/\/pvpgrams.com\/product\/2c-e-2c-p-2c-c-2c-t-2-2c-b-hcl-powder\/#primaryimage\"},\"image\":{\"@id\":\"https:\/\/pvpgrams.com\/product\/2c-e-2c-p-2c-c-2c-t-2-2c-b-hcl-powder\/#primaryimage\"},\"thumbnailUrl\":\"https:\/\/pvpgrams.com\/wp-content\/uploads\/2025\/05\/2C-E-2C-P-2C-C-2C-T-2-2C-B-Hcl-Powder.jpg\",\"datePublished\":\"2025-05-15T09:39:56+00:00\",\"dateModified\":\"2026-02-24T13:54:37+00:00\",\"description\":\"Want to buy 2C series HCl powders? Get them online with fast shipping. High-purity research chemicals for scientific analysis, delivered discreetly.\",\"breadcrumb\":{\"@id\":\"https:\/\/pvpgrams.com\/product\/2c-e-2c-p-2c-c-2c-t-2-2c-b-hcl-powder\/#breadcrumb\"},\"inLanguage\":\"pt-PT\",\"potentialAction\":[{\"@type\":\"ReadAction\",\"target\":[\"https:\/\/pvpgrams.com\/product\/2c-e-2c-p-2c-c-2c-t-2-2c-b-hcl-powder\/\"]}]},{\"@type\":\"ImageObject\",\"inLanguage\":\"pt-PT\",\"@id\":\"https:\/\/pvpgrams.com\/product\/2c-e-2c-p-2c-c-2c-t-2-2c-b-hcl-powder\/#primaryimage\",\"url\":\"https:\/\/pvpgrams.com\/wp-content\/uploads\/2025\/05\/2C-E-2C-P-2C-C-2C-T-2-2C-B-Hcl-Powder.jpg\",\"contentUrl\":\"https:\/\/pvpgrams.com\/wp-content\/uploads\/2025\/05\/2C-E-2C-P-2C-C-2C-T-2-2C-B-Hcl-Powder.jpg\",\"width\":600,\"height\":600,\"caption\":\"Buy 2C-E, 2C-P, 2C-C, 2C-T-2, 2C-B\/ Hcl Powder Online\"},{\"@type\":\"BreadcrumbList\",\"@id\":\"https:\/\/pvpgrams.com\/product\/2c-e-2c-p-2c-c-2c-t-2-2c-b-hcl-powder\/#breadcrumb\",\"itemListElement\":[{\"@type\":\"ListItem\",\"position\":1,\"name\":\"Home\",\"item\":\"https:\/\/pvpgrams.com\/\"},{\"@type\":\"ListItem\",\"position\":2,\"name\":\"Shop\",\"item\":\"https:\/\/pvpgrams.com\/shop\/\"},{\"@type\":\"ListItem\",\"position\":3,\"name\":\"Buy 2C-E, 2C-P, 2C-C, 2C-T-2, 2C-B\/ Hcl Powder Online\"}]},{\"@type\":\"WebSite\",\"@id\":\"https:\/\/pvpgrams.com\/#website\",\"url\":\"https:\/\/pvpgrams.com\/\",\"name\":\"PVP Grams\",\"description\":\"\",\"publisher\":{\"@id\":\"https:\/\/pvpgrams.com\/#organization\"},\"potentialAction\":[{\"@type\":\"SearchAction\",\"target\":{\"@type\":\"EntryPoint\",\"urlTemplate\":\"https:\/\/pvpgrams.com\/?s={search_term_string}\"},\"query-input\":{\"@type\":\"PropertyValueSpecification\",\"valueRequired\":true,\"valueName\":\"search_term_string\"}}],\"inLanguage\":\"pt-PT\"},{\"@type\":\"Organization\",\"@id\":\"https:\/\/pvpgrams.com\/#organization\",\"name\":\"PVP Grams\",\"url\":\"https:\/\/pvpgrams.com\/\",\"logo\":{\"@type\":\"ImageObject\",\"inLanguage\":\"pt-PT\",\"@id\":\"https:\/\/pvpgrams.com\/#\/schema\/logo\/image\/\",\"url\":\"https:\/\/pvpgrams.com\/wp-content\/uploads\/2024\/10\/logo.png\",\"contentUrl\":\"https:\/\/pvpgrams.com\/wp-content\/uploads\/2024\/10\/logo.png\",\"width\":181,\"height\":41,\"caption\":\"PVP Grams\"},\"image\":{\"@id\":\"https:\/\/pvpgrams.com\/#\/schema\/logo\/image\/\"}}]}<\/script>\n<!-- \/ Yoast SEO plugin. -->","yoast_head_json":{"title":"Buy 2C-E 2C-P 2C-C 2C-T-2 2C-B HCl Powder Online | pvpgrams","description":"Quer comprar p\u00f3s de HCl da s\u00e9rie 2C? Obtenha-os online com envio r\u00e1pido. Produtos qu\u00edmicos de investiga\u00e7\u00e3o de elevada pureza para an\u00e1lise cient\u00edfica, entregues de forma discreta.","robots":{"index":"index","follow":"follow","max-snippet":"max-snippet:-1","max-image-preview":"max-image-preview:large","max-video-preview":"max-video-preview:-1"},"canonical":"https:\/\/pvpgrams.com\/pt\/product\/2c-e-2c-p-2c-c-2c-t-2-2c-b-hcl-powder\/","og_locale":"pt_PT","og_type":"article","og_title":"Buy 2C-E 2C-P 2C-C 2C-T-2 2C-B HCl Powder Online | pvpgrams","og_description":"Want to buy 2C series HCl powders? Get them online with fast shipping. High-purity research chemicals for scientific analysis, delivered discreetly.","og_url":"https:\/\/pvpgrams.com\/pt\/product\/2c-e-2c-p-2c-c-2c-t-2-2c-b-hcl-powder\/","og_site_name":"PVP Grams","article_modified_time":"2026-02-24T13:54:37+00:00","og_image":[{"width":600,"height":600,"url":"https:\/\/pvpgrams.com\/wp-content\/uploads\/2025\/05\/2C-E-2C-P-2C-C-2C-T-2-2C-B-Hcl-Powder.jpg","type":"image\/jpeg"}],"twitter_card":"summary_large_image","twitter_misc":{"Tempo estimado de leitura":"3 minutos"},"schema":{"@context":"https:\/\/schema.org","@graph":[{"@type":["WebPage","ItemPage"],"@id":"https:\/\/pvpgrams.com\/product\/2c-e-2c-p-2c-c-2c-t-2-2c-b-hcl-powder\/","url":"https:\/\/pvpgrams.com\/product\/2c-e-2c-p-2c-c-2c-t-2-2c-b-hcl-powder\/","name":"Buy 2C-E 2C-P 2C-C 2C-T-2 2C-B HCl Powder Online | pvpgrams","isPartOf":{"@id":"https:\/\/pvpgrams.com\/#website"},"primaryImageOfPage":{"@id":"https:\/\/pvpgrams.com\/product\/2c-e-2c-p-2c-c-2c-t-2-2c-b-hcl-powder\/#primaryimage"},"image":{"@id":"https:\/\/pvpgrams.com\/product\/2c-e-2c-p-2c-c-2c-t-2-2c-b-hcl-powder\/#primaryimage"},"thumbnailUrl":"https:\/\/pvpgrams.com\/wp-content\/uploads\/2025\/05\/2C-E-2C-P-2C-C-2C-T-2-2C-B-Hcl-Powder.jpg","datePublished":"2025-05-15T09:39:56+00:00","dateModified":"2026-02-24T13:54:37+00:00","description":"Quer comprar p\u00f3s de HCl da s\u00e9rie 2C? Obtenha-os online com envio r\u00e1pido. Produtos qu\u00edmicos de investiga\u00e7\u00e3o de elevada pureza para an\u00e1lise cient\u00edfica, entregues de forma discreta.","breadcrumb":{"@id":"https:\/\/pvpgrams.com\/product\/2c-e-2c-p-2c-c-2c-t-2-2c-b-hcl-powder\/#breadcrumb"},"inLanguage":"pt-PT","potentialAction":[{"@type":"ReadAction","target":["https:\/\/pvpgrams.com\/product\/2c-e-2c-p-2c-c-2c-t-2-2c-b-hcl-powder\/"]}]},{"@type":"ImageObject","inLanguage":"pt-PT","@id":"https:\/\/pvpgrams.com\/product\/2c-e-2c-p-2c-c-2c-t-2-2c-b-hcl-powder\/#primaryimage","url":"https:\/\/pvpgrams.com\/wp-content\/uploads\/2025\/05\/2C-E-2C-P-2C-C-2C-T-2-2C-B-Hcl-Powder.jpg","contentUrl":"https:\/\/pvpgrams.com\/wp-content\/uploads\/2025\/05\/2C-E-2C-P-2C-C-2C-T-2-2C-B-Hcl-Powder.jpg","width":600,"height":600,"caption":"Buy 2C-E, 2C-P, 2C-C, 2C-T-2, 2C-B\/ Hcl Powder Online"},{"@type":"BreadcrumbList","@id":"https:\/\/pvpgrams.com\/product\/2c-e-2c-p-2c-c-2c-t-2-2c-b-hcl-powder\/#breadcrumb","itemListElement":[{"@type":"ListItem","position":1,"name":"Home","item":"https:\/\/pvpgrams.com\/"},{"@type":"ListItem","position":2,"name":"Shop","item":"https:\/\/pvpgrams.com\/shop\/"},{"@type":"ListItem","position":3,"name":"Buy 2C-E, 2C-P, 2C-C, 2C-T-2, 2C-B\/ Hcl Powder Online"}]},{"@type":"WebSite","@id":"https:\/\/pvpgrams.com\/#website","url":"https:\/\/pvpgrams.com\/","name":"Gramas PVP","description":"","publisher":{"@id":"https:\/\/pvpgrams.com\/#organization"},"potentialAction":[{"@type":"SearchAction","target":{"@type":"EntryPoint","urlTemplate":"https:\/\/pvpgrams.com\/?s={search_term_string}"},"query-input":{"@type":"PropertyValueSpecification","valueRequired":true,"valueName":"search_term_string"}}],"inLanguage":"pt-PT"},{"@type":"Organization","@id":"https:\/\/pvpgrams.com\/#organization","name":"Gramas PVP","url":"https:\/\/pvpgrams.com\/","logo":{"@type":"ImageObject","inLanguage":"pt-PT","@id":"https:\/\/pvpgrams.com\/#\/schema\/logo\/image\/","url":"https:\/\/pvpgrams.com\/wp-content\/uploads\/2024\/10\/logo.png","contentUrl":"https:\/\/pvpgrams.com\/wp-content\/uploads\/2024\/10\/logo.png","width":181,"height":41,"caption":"PVP Grams"},"image":{"@id":"https:\/\/pvpgrams.com\/#\/schema\/logo\/image\/"}}]}},"_links":{"self":[{"href":"https:\/\/pvpgrams.com\/pt\/wp-json\/wp\/v2\/product\/1505","targetHints":{"allow":["GET"]}}],"collection":[{"href":"https:\/\/pvpgrams.com\/pt\/wp-json\/wp\/v2\/product"}],"about":[{"href":"https:\/\/pvpgrams.com\/pt\/wp-json\/wp\/v2\/types\/product"}],"replies":[{"embeddable":true,"href":"https:\/\/pvpgrams.com\/pt\/wp-json\/wp\/v2\/comments?post=1505"}],"wp:featuredmedia":[{"embeddable":true,"href":"https:\/\/pvpgrams.com\/pt\/wp-json\/wp\/v2\/media\/1955"}],"wp:attachment":[{"href":"https:\/\/pvpgrams.com\/pt\/wp-json\/wp\/v2\/media?parent=1505"}],"wp:term":[{"taxonomy":"product_brand","embeddable":true,"href":"https:\/\/pvpgrams.com\/pt\/wp-json\/wp\/v2\/product_brand?post=1505"},{"taxonomy":"product_cat","embeddable":true,"href":"https:\/\/pvpgrams.com\/pt\/wp-json\/wp\/v2\/product_cat?post=1505"},{"taxonomy":"product_tag","embeddable":true,"href":"https:\/\/pvpgrams.com\/pt\/wp-json\/wp\/v2\/product_tag?post=1505"}],"curies":[{"name":"wp","href":"https:\/\/api.w.org\/{rel}","templated":true}]}}