{"id":1104,"date":"2024-10-24T21:34:49","date_gmt":"2024-10-24T21:34:49","guid":{"rendered":"https:\/\/pvpgrams.com\/?post_type=product&#038;p=1104"},"modified":"2025-10-30T10:35:19","modified_gmt":"2025-10-30T10:35:19","slug":"alfa-pvp-alfa-pyrrolidinopentiofenon","status":"publish","type":"product","link":"https:\/\/pvpgrams.com\/sv\/product\/alfa-pvp-alfa-pyrrolidinopentiofenon\/","title":{"rendered":"K\u00f6p Alpha-PVP (Alpha-Pyrrolidinopentiofenon) online"},"content":{"rendered":"<h2 data-start=\"166\" data-end=\"222\">K\u00f6p Alpha-PVP online fr\u00e5n en p\u00e5litlig forskningsk\u00e4lla<\/h2>\n<p data-start=\"224\" data-end=\"344\"><strong data-start=\"224\" data-end=\"342\">Alpha-PVP (Alpha-Pyrrolidinopentiophenone) K\u00f6p online \u2013 Labbtestad, h\u00f6gren Alpha-PVP f\u00f6r forskning p\u00e5 Pvpgrams<\/strong><\/p>\n<p data-start=\"346\" data-end=\"867\">Ser till <strong data-start=\"357\" data-end=\"381\">k\u00f6pa Alpha-PVP online<\/strong>? Pvpgrams erbjuder h\u00f6gren, laboratorietestad Alpha-PVP (Alpha-Pyrrolidinopentiophenone) uteslutande f\u00f6r forsknings\u00e4ndam\u00e5l. <strong data-start=\"498\" data-end=\"520\">Alpha-PVP till salu<\/strong> \u00e4r en syntetisk stimulantia fr\u00e5n katinonfamiljen, som har studerats ing\u00e5ende f\u00f6r sina effekter p\u00e5 neurotransmittoraktiviteten och centrala nervsystemet. P\u00e5 Pvpgrams ser vi till att v\u00e5ra <a href=\"https:\/\/pvpgrams.com\/sv\/product\/alfa-pvp-alfa-pyrrolidinopentiofenon\/\"><strong data-start=\"697\" data-end=\"721\">Alpha-PVP k\u00f6p online<\/strong><\/a> leveransen uppfyller de h\u00f6gsta kraven p\u00e5 renhet och kvalitet, vilket g\u00f6r den till den <strong data-start=\"794\" data-end=\"832\">b\u00e4sta st\u00e4llet att k\u00f6pa Alpha-PVP online<\/strong> f\u00f6r avancerade vetenskapliga studier.<\/p>\n<h3 data-start=\"869\" data-end=\"892\">Vad \u00e4r Alpha-PVP?<\/h3>\n<p data-start=\"894\" data-end=\"1364\"><strong data-start=\"894\" data-end=\"940\">Alfa-PVP (<a href=\"https:\/\/en.wikipedia.org\/wiki\/%CE%91-Pyrrolidinopentiophenone\">Alfa-pyrrolidinopentiofenon<\/a>)<\/strong> \u00e4r ett syntetiskt stimulerande medel som strukturellt \u00e4r besl\u00e4ktat med katinoner s\u00e5som MDPV. Forskare anv\u00e4nder ofta <strong data-start=\"1033\" data-end=\"1052\">best\u00e4ll Alpha-PVP<\/strong> f\u00f6r att studera dess effekter som en dopamin- och noradrenalin\u00e5terupptagsh\u00e4mmare, vilket g\u00f6r den anv\u00e4ndbar f\u00f6r att unders\u00f6ka neurotransmittorfunktion, beteendem\u00f6nster och hum\u00f6rreglering. F\u00f6r forskare som s\u00f6ker <strong data-start=\"1261\" data-end=\"1287\">var man kan k\u00f6pa Alpha-PVP<\/strong> Pvpgrams tillhandah\u00e5ller p\u00e5litligt och konsekvent material av forskningskvalitet.<\/p>\n<h3 data-start=\"1366\" data-end=\"1405\">Varf\u00f6r v\u00e4lja Alpha-PVP f\u00f6r forskning?<\/h3>\n<p data-start=\"1407\" data-end=\"1804\"><strong data-start=\"1407\" data-end=\"1424\">K\u00f6p Alpha-PVP<\/strong> f\u00f6r att studera de neurokemiska mekanismer som p\u00e5verkar kognitiv prestanda, uppm\u00e4rksamhet och beteendem\u00e4ssiga reaktioner. Alfa-PVP \u00f6kar fris\u00e4ttningen av dopamin och noradrenalin, vilket g\u00f6r det viktigt f\u00f6r forskning om stimulerande effekter och beteendef\u00f6r\u00e4ndringar. M\u00e5nga laboratorier anser att Pvpgrams \u00e4r <strong data-start=\"1706\" data-end=\"1744\">b\u00e4sta st\u00e4llet att k\u00f6pa Alpha-PVP online<\/strong> tack vare v\u00e5r garanterade renhet och snabba, diskreta leverans.<\/p>\n<h3 data-start=\"1806\" data-end=\"1841\">Alpha-PVP till salu p\u00e5 Pvpgrams<\/h3>\n<p data-start=\"1843\" data-end=\"2231\">P\u00e5 Pvpgrams erbjuder vi premiumkvalitet <strong data-start=\"1883\" data-end=\"1905\">Alpha-PVP till salu<\/strong>, noggrant laboratorietestade f\u00f6r att uppfylla de h\u00f6gsta forskningsstandarderna. V\u00e5ra produkter kontrolleras noggrant med avseende p\u00e5 renhet och konsistens, vilket garanterar exakta och tillf\u00f6rlitliga resultat i dina experiment. Vi erbjuder ocks\u00e5 konkurrenskraftiga <strong data-start=\"2118\" data-end=\"2137\">Pris p\u00e5 alfa-PVP<\/strong> alternativ, vilket g\u00f6r det kostnadseffektivt f\u00f6r forskare som beh\u00f6ver p\u00e5litliga stimulerande \u00e4mnen.<\/p>\n<h3 data-start=\"2233\" data-end=\"2280\">F\u00f6rdelar med att k\u00f6pa Alpha-PVP fr\u00e5n Pvpgrams<\/h3>\n<ul data-start=\"2282\" data-end=\"2665\">\n<li data-start=\"2282\" data-end=\"2411\">\n<p data-start=\"2284\" data-end=\"2411\"><strong data-start=\"2284\" data-end=\"2305\">Laboratorietestad renhet<\/strong>: Varje sats av <strong data-start=\"2322\" data-end=\"2344\">Alpha-PVP till salu<\/strong> \u00e4r noggrant testad f\u00f6r att s\u00e4kerst\u00e4lla h\u00f6gsta kvalitet f\u00f6r forskning.<\/p>\n<\/li>\n<li data-start=\"2412\" data-end=\"2524\">\n<p data-start=\"2414\" data-end=\"2524\"><strong data-start=\"2414\" data-end=\"2444\">Snabb och diskret leverans<\/strong>: N\u00e4r du <strong data-start=\"2455\" data-end=\"2474\">best\u00e4ll Alpha-PVP<\/strong>, garanterar vi snabb, s\u00e4ker och privat leverans.<\/p>\n<\/li>\n<li data-start=\"2525\" data-end=\"2665\">\n<p data-start=\"2527\" data-end=\"2665\"><strong data-start=\"2527\" data-end=\"2549\">Idealisk f\u00f6r forskning<\/strong>: Perfekt f\u00f6r studier som fokuserar p\u00e5 neurotransmittorsystem, stimulerande effekter, kognition och beteendem\u00e4ssiga resultat.<\/p>\n<\/li>\n<\/ul>\n<h3 data-start=\"2667\" data-end=\"2704\">Juridisk status och s\u00e4ker leverans<\/h3>\n<p data-start=\"2706\" data-end=\"2961\">Innan du k\u00f6per, kontrollera alltid den juridiska statusen f\u00f6r Alpha-PVP i din region. Pvpgrams s\u00e4ljer <strong data-start=\"2800\" data-end=\"2824\">Alpha-PVP k\u00f6p online<\/strong> uteslutande f\u00f6r forsknings\u00e4ndam\u00e5l i enlighet med g\u00e4llande best\u00e4mmelser. Vi garanterar diskret och s\u00e4ker leverans s\u00e5 att din best\u00e4llning kommer fram s\u00e4kert.<\/p>\n<h3 data-start=\"2963\" data-end=\"3002\">Best\u00e4ll Alpha-PVP f\u00f6r forskning idag<\/h3>\n<p data-start=\"3004\" data-end=\"3273\">\u00c4r du redo att b\u00f6rja studera? <strong data-start=\"3033\" data-end=\"3059\">Best\u00e4ll Alpha-PVP online<\/strong> fr\u00e5n Pvpgrams och f\u00e5 tillg\u00e5ng till h\u00f6grena, laboratorietestade f\u00f6reningar med snabb och diskret leverans. Om du letar efter <strong data-start=\"3182\" data-end=\"3208\">var man kan k\u00f6pa Alpha-PVP<\/strong> F\u00f6r tillf\u00f6rlitlig vetenskaplig anv\u00e4ndning \u00e4r Pvpgrams din p\u00e5litliga partner.<\/p>\n<p data-start=\"3275\" data-end=\"3362\"><strong data-start=\"3275\" data-end=\"3360\">Pvpgrams - Din p\u00e5litliga leverant\u00f6r av Alpha-PVP och forskningskemikalier av h\u00f6g kvalitet<\/strong><\/p>","protected":false},"excerpt":{"rendered":"<p><strong>Alfa-PVP (Alfa-pyrrolidinopentiofenon)<\/strong> \u00e4r en syntetisk stimulantia som tillh\u00f6r gruppen <strong>katinon klass<\/strong>, strukturellt liknar pyrovaleron. K\u00e4nd f\u00f6r sina potenta effekter p\u00e5 <strong>centrala nervsystemet<\/strong>, Alpha-PVP studeras i stor utstr\u00e4ckning i <strong>neurovetenskap<\/strong>, <strong>beteendevetenskaplig forskning<\/strong>, och <strong>kemisk analys<\/strong>. P\u00e5 Factoryson tillhandah\u00e5ller vi <strong>Alpha-PVP med h\u00f6g renhet<\/strong> f\u00f6r <strong>forskning och industriella till\u00e4mpningar<\/strong>vilket garanterar h\u00f6gsta kvalitet och s\u00e4ker leverans.<\/p>\n<h3><strong>Hur Alpha-PVP fungerar<\/strong><\/h3>\n<p>Alpha-PVP verkar genom att h\u00e4mma \u00e5terupptaget av <strong>dopamin<\/strong> och <strong>noradrenalin<\/strong>och \u00f6kar d\u00e4rmed deras tillg\u00e4nglighet i hj\u00e4rnan. Detta leder till <strong>f\u00f6rh\u00f6jd vakenhet<\/strong>, <strong>energi<\/strong>, och <strong>eufori<\/strong>vilket g\u00f6r den v\u00e4rdefull f\u00f6r studier <strong>interaktioner mellan neurotransmittorer<\/strong> och effekterna av stimulantia p\u00e5 beteende och kognition.<\/p>\n<ul>\n<li><strong>B\u00f6rjan<\/strong>: 10-30 minuter.<\/li>\n<li><strong>Toppeffekter<\/strong>: 1-2 timmar.<\/li>\n<li><strong>Varaktighet<\/strong>: 3-5 timmar, beroende p\u00e5 dos och anv\u00e4ndningss\u00e4tt.<\/li>\n<\/ul>\n<h3><strong>Produktformel<\/strong><\/h3>\n<ul>\n<li><strong>Kemiskt namn<\/strong>: Alfa-pyrrolidinopentiofenon<\/li>\n<li><strong>Molekylformel<\/strong>: C15H21NO<\/li>\n<li><strong>Mol\u00e4r massa<\/strong>: 231,33 g\/mol<\/li>\n<\/ul>\n<p>&nbsp;<\/p>\n<p>&nbsp;<\/p>","protected":false},"featured_media":1108,"comment_status":"open","ping_status":"closed","template":"","meta":{"_kadence_starter_templates_imported_post":false,"_kad_post_transparent":"default","_kad_post_title":"","_kad_post_layout":"default","_kad_post_sidebar_id":"","_kad_post_content_style":"default","_kad_post_vertical_padding":"default","_kad_post_feature":"","_kad_post_feature_position":"","_kad_post_header":false,"_kad_post_footer":false,"_joinchat":[]},"product_brand":[],"product_cat":[41],"product_tag":[],"class_list":{"0":"post-1104","1":"product","2":"type-product","3":"status-publish","4":"has-post-thumbnail","6":"product_cat-buy-alpha-php","8":"first","9":"instock","10":"shipping-taxable","11":"purchasable","12":"product-type-variable","13":"entry","14":"content-bg","15":"loop-entry"},"yoast_head":"<!-- This site is optimized with the Yoast SEO plugin v26.5 - https:\/\/yoast.com\/wordpress\/plugins\/seo\/ -->\n<title>Buy Alpha-PVP (Alpha-Pyrrolidinopentiophenon) Online<\/title>\n<meta name=\"description\" content=\"Where to buy Alpha-PVP (Alpha-Pyrrolidinopentiophenon) online at the best price? Find high-quality Alpha-PVP for sale at our secure online store, catering to your research requirements. Order Now!\" \/>\n<meta name=\"robots\" content=\"index, follow, max-snippet:-1, max-image-preview:large, max-video-preview:-1\" \/>\n<link rel=\"canonical\" href=\"https:\/\/pvpgrams.com\/sv\/product\/alfa-pvp-alfa-pyrrolidinopentiofenon\/\" \/>\n<meta property=\"og:locale\" content=\"sv_SE\" \/>\n<meta property=\"og:type\" content=\"article\" \/>\n<meta property=\"og:title\" content=\"Buy Alpha-PVP (Alpha-Pyrrolidinopentiophenon) Online\" \/>\n<meta property=\"og:description\" content=\"Where to buy Alpha-PVP (Alpha-Pyrrolidinopentiophenon) online at the best price? Find high-quality Alpha-PVP for sale at our secure online store, catering to your research requirements. Order Now!\" \/>\n<meta property=\"og:url\" content=\"https:\/\/pvpgrams.com\/sv\/product\/alfa-pvp-alfa-pyrrolidinopentiofenon\/\" \/>\n<meta property=\"og:site_name\" content=\"PVP Grams\" \/>\n<meta property=\"article:modified_time\" content=\"2025-10-30T10:35:19+00:00\" \/>\n<meta property=\"og:image\" content=\"https:\/\/pvpgrams.com\/wp-content\/uploads\/2024\/10\/Flakka-Alpha-PVP.png\" \/>\n\t<meta property=\"og:image:width\" content=\"450\" \/>\n\t<meta property=\"og:image:height\" content=\"350\" \/>\n\t<meta property=\"og:image:type\" content=\"image\/png\" \/>\n<meta name=\"twitter:card\" content=\"summary_large_image\" \/>\n<meta name=\"twitter:label1\" content=\"Ber\u00e4knad l\u00e4stid\" \/>\n\t<meta name=\"twitter:data1\" content=\"2 minuter\" \/>\n<script type=\"application\/ld+json\" class=\"yoast-schema-graph\">{\"@context\":\"https:\/\/schema.org\",\"@graph\":[{\"@type\":[\"WebPage\",\"ItemPage\"],\"@id\":\"https:\/\/pvpgrams.com\/product\/alpha-pvp-alpha-pyrrolidinopentiophenon\/\",\"url\":\"https:\/\/pvpgrams.com\/product\/alpha-pvp-alpha-pyrrolidinopentiophenon\/\",\"name\":\"Buy Alpha-PVP (Alpha-Pyrrolidinopentiophenon) Online\",\"isPartOf\":{\"@id\":\"https:\/\/pvpgrams.com\/#website\"},\"primaryImageOfPage\":{\"@id\":\"https:\/\/pvpgrams.com\/product\/alpha-pvp-alpha-pyrrolidinopentiophenon\/#primaryimage\"},\"image\":{\"@id\":\"https:\/\/pvpgrams.com\/product\/alpha-pvp-alpha-pyrrolidinopentiophenon\/#primaryimage\"},\"thumbnailUrl\":\"https:\/\/pvpgrams.com\/wp-content\/uploads\/2024\/10\/Flakka-Alpha-PVP.png\",\"datePublished\":\"2024-10-24T21:34:49+00:00\",\"dateModified\":\"2025-10-30T10:35:19+00:00\",\"description\":\"Where to buy Alpha-PVP (Alpha-Pyrrolidinopentiophenon) online at the best price? Find high-quality Alpha-PVP for sale at our secure online store, catering to your research requirements. Order Now!\",\"breadcrumb\":{\"@id\":\"https:\/\/pvpgrams.com\/product\/alpha-pvp-alpha-pyrrolidinopentiophenon\/#breadcrumb\"},\"inLanguage\":\"sv-SE\",\"potentialAction\":[{\"@type\":\"ReadAction\",\"target\":[\"https:\/\/pvpgrams.com\/product\/alpha-pvp-alpha-pyrrolidinopentiophenon\/\"]}]},{\"@type\":\"ImageObject\",\"inLanguage\":\"sv-SE\",\"@id\":\"https:\/\/pvpgrams.com\/product\/alpha-pvp-alpha-pyrrolidinopentiophenon\/#primaryimage\",\"url\":\"https:\/\/pvpgrams.com\/wp-content\/uploads\/2024\/10\/Flakka-Alpha-PVP.png\",\"contentUrl\":\"https:\/\/pvpgrams.com\/wp-content\/uploads\/2024\/10\/Flakka-Alpha-PVP.png\",\"width\":450,\"height\":350,\"caption\":\"Buy Alpha-PVP (Alpha-Pyrrolidinopentiophenon) Online\"},{\"@type\":\"BreadcrumbList\",\"@id\":\"https:\/\/pvpgrams.com\/product\/alpha-pvp-alpha-pyrrolidinopentiophenon\/#breadcrumb\",\"itemListElement\":[{\"@type\":\"ListItem\",\"position\":1,\"name\":\"Home\",\"item\":\"https:\/\/pvpgrams.com\/\"},{\"@type\":\"ListItem\",\"position\":2,\"name\":\"Shop\",\"item\":\"https:\/\/pvpgrams.com\/shop\/\"},{\"@type\":\"ListItem\",\"position\":3,\"name\":\"Buy Alpha-PVP (Alpha-Pyrrolidinopentiophenon) Online\"}]},{\"@type\":\"WebSite\",\"@id\":\"https:\/\/pvpgrams.com\/#website\",\"url\":\"https:\/\/pvpgrams.com\/\",\"name\":\"PVP Grams\",\"description\":\"\",\"publisher\":{\"@id\":\"https:\/\/pvpgrams.com\/#organization\"},\"potentialAction\":[{\"@type\":\"SearchAction\",\"target\":{\"@type\":\"EntryPoint\",\"urlTemplate\":\"https:\/\/pvpgrams.com\/?s={search_term_string}\"},\"query-input\":{\"@type\":\"PropertyValueSpecification\",\"valueRequired\":true,\"valueName\":\"search_term_string\"}}],\"inLanguage\":\"sv-SE\"},{\"@type\":\"Organization\",\"@id\":\"https:\/\/pvpgrams.com\/#organization\",\"name\":\"PVP Grams\",\"url\":\"https:\/\/pvpgrams.com\/\",\"logo\":{\"@type\":\"ImageObject\",\"inLanguage\":\"sv-SE\",\"@id\":\"https:\/\/pvpgrams.com\/#\/schema\/logo\/image\/\",\"url\":\"https:\/\/pvpgrams.com\/wp-content\/uploads\/2024\/10\/logo.png\",\"contentUrl\":\"https:\/\/pvpgrams.com\/wp-content\/uploads\/2024\/10\/logo.png\",\"width\":181,\"height\":41,\"caption\":\"PVP Grams\"},\"image\":{\"@id\":\"https:\/\/pvpgrams.com\/#\/schema\/logo\/image\/\"}}]}<\/script>\n<!-- \/ Yoast SEO plugin. -->","yoast_head_json":{"title":"K\u00f6p Alpha-PVP (Alpha-Pyrrolidinopentiofenon) online","description":"Var kan jag k\u00f6pa Alpha-PVP (Alpha-Pyrrolidinopentiophenon) online till b\u00e4sta pris? Hitta Alpha-PVP av h\u00f6g kvalitet till salu i v\u00e5r s\u00e4kra onlinebutik, som tillgodoser dina forskningskrav. Best\u00e4ll nu!","robots":{"index":"index","follow":"follow","max-snippet":"max-snippet:-1","max-image-preview":"max-image-preview:large","max-video-preview":"max-video-preview:-1"},"canonical":"https:\/\/pvpgrams.com\/sv\/product\/alfa-pvp-alfa-pyrrolidinopentiofenon\/","og_locale":"sv_SE","og_type":"article","og_title":"Buy Alpha-PVP (Alpha-Pyrrolidinopentiophenon) Online","og_description":"Where to buy Alpha-PVP (Alpha-Pyrrolidinopentiophenon) online at the best price? Find high-quality Alpha-PVP for sale at our secure online store, catering to your research requirements. Order Now!","og_url":"https:\/\/pvpgrams.com\/sv\/product\/alfa-pvp-alfa-pyrrolidinopentiofenon\/","og_site_name":"PVP Grams","article_modified_time":"2025-10-30T10:35:19+00:00","og_image":[{"width":450,"height":350,"url":"https:\/\/pvpgrams.com\/wp-content\/uploads\/2024\/10\/Flakka-Alpha-PVP.png","type":"image\/png"}],"twitter_card":"summary_large_image","twitter_misc":{"Ber\u00e4knad l\u00e4stid":"2 minuter"},"schema":{"@context":"https:\/\/schema.org","@graph":[{"@type":["WebPage","ItemPage"],"@id":"https:\/\/pvpgrams.com\/product\/alpha-pvp-alpha-pyrrolidinopentiophenon\/","url":"https:\/\/pvpgrams.com\/product\/alpha-pvp-alpha-pyrrolidinopentiophenon\/","name":"K\u00f6p Alpha-PVP (Alpha-Pyrrolidinopentiofenon) online","isPartOf":{"@id":"https:\/\/pvpgrams.com\/#website"},"primaryImageOfPage":{"@id":"https:\/\/pvpgrams.com\/product\/alpha-pvp-alpha-pyrrolidinopentiophenon\/#primaryimage"},"image":{"@id":"https:\/\/pvpgrams.com\/product\/alpha-pvp-alpha-pyrrolidinopentiophenon\/#primaryimage"},"thumbnailUrl":"https:\/\/pvpgrams.com\/wp-content\/uploads\/2024\/10\/Flakka-Alpha-PVP.png","datePublished":"2024-10-24T21:34:49+00:00","dateModified":"2025-10-30T10:35:19+00:00","description":"Var kan jag k\u00f6pa Alpha-PVP (Alpha-Pyrrolidinopentiophenon) online till b\u00e4sta pris? Hitta Alpha-PVP av h\u00f6g kvalitet till salu i v\u00e5r s\u00e4kra onlinebutik, som tillgodoser dina forskningskrav. Best\u00e4ll nu!","breadcrumb":{"@id":"https:\/\/pvpgrams.com\/product\/alpha-pvp-alpha-pyrrolidinopentiophenon\/#breadcrumb"},"inLanguage":"sv-SE","potentialAction":[{"@type":"ReadAction","target":["https:\/\/pvpgrams.com\/product\/alpha-pvp-alpha-pyrrolidinopentiophenon\/"]}]},{"@type":"ImageObject","inLanguage":"sv-SE","@id":"https:\/\/pvpgrams.com\/product\/alpha-pvp-alpha-pyrrolidinopentiophenon\/#primaryimage","url":"https:\/\/pvpgrams.com\/wp-content\/uploads\/2024\/10\/Flakka-Alpha-PVP.png","contentUrl":"https:\/\/pvpgrams.com\/wp-content\/uploads\/2024\/10\/Flakka-Alpha-PVP.png","width":450,"height":350,"caption":"Buy Alpha-PVP (Alpha-Pyrrolidinopentiophenon) Online"},{"@type":"BreadcrumbList","@id":"https:\/\/pvpgrams.com\/product\/alpha-pvp-alpha-pyrrolidinopentiophenon\/#breadcrumb","itemListElement":[{"@type":"ListItem","position":1,"name":"Home","item":"https:\/\/pvpgrams.com\/"},{"@type":"ListItem","position":2,"name":"Shop","item":"https:\/\/pvpgrams.com\/shop\/"},{"@type":"ListItem","position":3,"name":"Buy Alpha-PVP (Alpha-Pyrrolidinopentiophenon) Online"}]},{"@type":"WebSite","@id":"https:\/\/pvpgrams.com\/#website","url":"https:\/\/pvpgrams.com\/","name":"PVP Grams","description":"","publisher":{"@id":"https:\/\/pvpgrams.com\/#organization"},"potentialAction":[{"@type":"SearchAction","target":{"@type":"EntryPoint","urlTemplate":"https:\/\/pvpgrams.com\/?s={search_term_string}"},"query-input":{"@type":"PropertyValueSpecification","valueRequired":true,"valueName":"search_term_string"}}],"inLanguage":"sv-SE"},{"@type":"Organization","@id":"https:\/\/pvpgrams.com\/#organization","name":"PVP Grams","url":"https:\/\/pvpgrams.com\/","logo":{"@type":"ImageObject","inLanguage":"sv-SE","@id":"https:\/\/pvpgrams.com\/#\/schema\/logo\/image\/","url":"https:\/\/pvpgrams.com\/wp-content\/uploads\/2024\/10\/logo.png","contentUrl":"https:\/\/pvpgrams.com\/wp-content\/uploads\/2024\/10\/logo.png","width":181,"height":41,"caption":"PVP Grams"},"image":{"@id":"https:\/\/pvpgrams.com\/#\/schema\/logo\/image\/"}}]}},"_links":{"self":[{"href":"https:\/\/pvpgrams.com\/sv\/wp-json\/wp\/v2\/product\/1104","targetHints":{"allow":["GET"]}}],"collection":[{"href":"https:\/\/pvpgrams.com\/sv\/wp-json\/wp\/v2\/product"}],"about":[{"href":"https:\/\/pvpgrams.com\/sv\/wp-json\/wp\/v2\/types\/product"}],"replies":[{"embeddable":true,"href":"https:\/\/pvpgrams.com\/sv\/wp-json\/wp\/v2\/comments?post=1104"}],"wp:featuredmedia":[{"embeddable":true,"href":"https:\/\/pvpgrams.com\/sv\/wp-json\/wp\/v2\/media\/1108"}],"wp:attachment":[{"href":"https:\/\/pvpgrams.com\/sv\/wp-json\/wp\/v2\/media?parent=1104"}],"wp:term":[{"taxonomy":"product_brand","embeddable":true,"href":"https:\/\/pvpgrams.com\/sv\/wp-json\/wp\/v2\/product_brand?post=1104"},{"taxonomy":"product_cat","embeddable":true,"href":"https:\/\/pvpgrams.com\/sv\/wp-json\/wp\/v2\/product_cat?post=1104"},{"taxonomy":"product_tag","embeddable":true,"href":"https:\/\/pvpgrams.com\/sv\/wp-json\/wp\/v2\/product_tag?post=1104"}],"curies":[{"name":"wp","href":"https:\/\/api.w.org\/{rel}","templated":true}]}}