{"id":1181,"date":"2024-10-31T18:40:53","date_gmt":"2024-10-31T18:40:53","guid":{"rendered":"https:\/\/pvpgrams.com\/?post_type=product&#038;p=1181"},"modified":"2025-10-30T08:05:53","modified_gmt":"2025-10-30T08:05:53","slug":"mdma-metylendioxymetamfetamin","status":"publish","type":"product","link":"https:\/\/pvpgrams.com\/sv\/product\/mdma-metylendioxymetamfetamin\/","title":{"rendered":"K\u00f6p (MDMA) Metylendioximetamfetamin online"},"content":{"rendered":"<h2 data-start=\"122\" data-end=\"175\"><strong data-start=\"122\" data-end=\"173\">K\u00f6p MDMA online fr\u00e5n en p\u00e5litlig forskningsk\u00e4lla<\/strong><\/h2>\n<p data-start=\"177\" data-end=\"210\"><strong data-start=\"177\" data-end=\"208\">K\u00f6p MDMA online p\u00e5 Pvpgrams<\/strong><\/p>\n<p data-start=\"212\" data-end=\"748\">Metylendioximetamfetamin (MDMA), allm\u00e4nt k\u00e4nt som MDMA eller ecstasy, \u00e4r en syntetisk f\u00f6rening som studerats flitigt f\u00f6r sin potential inom terapeutiska till\u00e4mpningar och psykologisk forskning. MDMA, som \u00e4r k\u00e4nt f\u00f6r sina effekter p\u00e5 hum\u00f6r och perception, \u00e4r s\u00e4rskilt v\u00e4rdefullt f\u00f6r forskning om PTSD, \u00e5ngest och andra neurologiska tillst\u00e5nd. Hos Pvpgrams kan du... <a href=\"https:\/\/pvpgrams.com\/sv\/product\/mdma-metylendioxymetamfetamin\/\">k\u00f6pa MDMA online<\/a> i h\u00f6gren form, tillg\u00e4nglig i bulkm\u00e4ngder f\u00f6r auktoriserad forskning och terapeutiska studier. Best\u00e4ll MDMA idag f\u00f6r dina vetenskapliga projekt.<\/p>\n<h3 data-start=\"750\" data-end=\"796\">Viktiga anv\u00e4ndningsomr\u00e5den f\u00f6r MDMA inom forskning och terapi<\/h3>\n<p data-start=\"798\" data-end=\"890\">MDMA att k\u00f6pa online anv\u00e4nds flitigt p\u00e5 grund av dess unika inverkan p\u00e5 centrala nervsystemet:<\/p>\n<ul data-start=\"892\" data-end=\"1646\">\n<li data-start=\"892\" data-end=\"1169\">\n<p data-start=\"894\" data-end=\"1169\">Psykologiska och terapeutiska studier: MDMA forskas aktivt p\u00e5 f\u00f6r sina potentiella terapeutiska f\u00f6rdelar, s\u00e4rskilt vid behandling av PTSD och \u00e5ngest. Studier tyder p\u00e5 att MDMA:s f\u00f6rm\u00e5ga att f\u00f6rb\u00e4ttra hum\u00f6r och empati g\u00f6r det till en viktig f\u00f6rening i klinisk forskning.<\/p>\n<\/li>\n<li data-start=\"1170\" data-end=\"1468\">\n<p data-start=\"1172\" data-end=\"1468\">Neurovetenskap och psykofarmaka: MDMA:s effekter p\u00e5 neurotransmittorer som serotonin och dopamin \u00e4r avg\u00f6rande f\u00f6r neurovetenskapliga och psykofarmakologiska studier. Forskare anv\u00e4nder MDMA f\u00f6r att studera hum\u00f6r, perception och empati, vilket bidrar till bredare insikter inom psykisk h\u00e4lsa.<\/p>\n<\/li>\n<li data-start=\"1469\" data-end=\"1646\">\n<p data-start=\"1471\" data-end=\"1646\">H\u00f6gren MDMA f\u00f6r laboratoriebruk: Pvpgrams erbjuder MDMA-k\u00f6p online i bulk f\u00f6r professionella laboratorier, vilket s\u00e4kerst\u00e4ller h\u00f6g renhet och \u00f6verensst\u00e4mmelse med regelverk.<\/p>\n<\/li>\n<\/ul>\n<h3 data-start=\"1648\" data-end=\"1684\">Varf\u00f6r v\u00e4lja MDMA fr\u00e5n Pvpgrams?<\/h3>\n<p data-start=\"1686\" data-end=\"1776\">Som en betrodd leverant\u00f6r s\u00e4kerst\u00e4ller Pvpgrams att forskare f\u00e5r rigor\u00f6st testade <a href=\"https:\/\/en.wikipedia.org\/wiki\/MDMA\">MDMA<\/a>:<\/p>\n<ul data-start=\"1778\" data-end=\"2215\">\n<li data-start=\"1778\" data-end=\"1921\">\n<p data-start=\"1780\" data-end=\"1921\">H\u00f6gren MDMA f\u00f6r laboratorier: Varje sats MDMA genomg\u00e5r strikta tester f\u00f6r att s\u00e4kerst\u00e4lla optimal renhet f\u00f6r precisa vetenskapliga studier.<\/p>\n<\/li>\n<li data-start=\"1922\" data-end=\"2078\">\n<p data-start=\"1924\" data-end=\"2078\">Konsekvent och p\u00e5litlig kvalitet: V\u00e5r MDMA \u00e4r formulerad f\u00f6r stabilitet och reproducerbarhet, idealisk f\u00f6r laboratorietester och farmaceutisk forskning.<\/p>\n<\/li>\n<li data-start=\"2079\" data-end=\"2215\">\n<p data-start=\"2081\" data-end=\"2215\">S\u00e4ker och enkel onlinebest\u00e4llning: Forskare kan best\u00e4lla MDMA online via Pvpgrams med en s\u00e4ker och effektiv process.<\/p>\n<\/li>\n<\/ul>\n<h3 data-start=\"2217\" data-end=\"2266\">Till\u00e4mpningar av MDMA i vetenskaplig forskning<\/h3>\n<p data-start=\"2268\" data-end=\"2363\">H\u00f6gren MDMA till salu anv\u00e4nds i flera vetenskapliga och farmakologiska studier:<\/p>\n<ul data-start=\"2365\" data-end=\"2764\">\n<li data-start=\"2365\" data-end=\"2476\">\n<p data-start=\"2367\" data-end=\"2476\">Farmakologiska studier: Studera MDMA:s verkningsmekanismer, bindningsaffiniteter och metaboliska v\u00e4gar.<\/p>\n<\/li>\n<li data-start=\"2477\" data-end=\"2620\">\n<p data-start=\"2479\" data-end=\"2620\">Kemisk och analytisk forskning: MDMA anv\u00e4nds i kemisk forskning f\u00f6r att unders\u00f6ka molekylstruktur, stabilitet och interaktioner.<\/p>\n<\/li>\n<li data-start=\"2621\" data-end=\"2764\">\n<p data-start=\"2623\" data-end=\"2764\">Substansutveckling och testning: Dess egenskaper g\u00f6r MDMA anv\u00e4ndbart i experiment som involverar substansutveckling och kemisk testning.<\/p>\n<\/li>\n<\/ul>\n<h3 data-start=\"3213\" data-end=\"3269\">Best\u00e4ll MDMA med h\u00f6g renhet f\u00f6r dina vetenskapliga studier<\/h3>\n<p data-start=\"3271\" data-end=\"3526\">Vill du k\u00f6pa MDMA fr\u00e5n en p\u00e5litlig k\u00e4lla? Pvpgrams levererar h\u00f6grent MDMA f\u00f6r laboratoriebruk, med snabb leverans, s\u00e4kra transaktioner och garanterad kvalitet. Kontakta oss f\u00f6r att beg\u00e4ra en offert eller l\u00e4ra dig mer om v\u00e5rt utbud av MDMA till salu.<\/p>\n<h3 data-start=\"3528\" data-end=\"3575\">R\u00e4ttslig efterlevnad och tillg\u00e4nglighet f\u00f6r MDMA<\/h3>\n<p data-start=\"3577\" data-end=\"3884\">P\u00e5 grund av sina stimulerande egenskaper \u00e4r MDMA h\u00e5rt reglerat \u00f6ver hela v\u00e4rlden. Pvpgrams levererar MDMA online enbart f\u00f6r auktoriserad forskning och terapeutiska till\u00e4mpningar, vilket s\u00e4kerst\u00e4ller att alla lagar och regleringskrav f\u00f6ljs. Hitta det b\u00e4sta st\u00e4llet att k\u00f6pa MDMA online med f\u00f6rtroende hos Pvpgrams.<\/p>\n<p data-start=\"3886\" data-end=\"3915\">MDMA Pris och Best\u00e4llning<\/p>\n<p data-start=\"3917\" data-end=\"4115\">F\u00f6r konkurrenskraftiga MDMA-priser och p\u00e5litlig leverans \u00e4r Pvpgrams din betrodda leverant\u00f6r. Forskare kan tryggt k\u00f6pa MDMA online och s\u00e4kerst\u00e4lla konsekventa, h\u00f6gkvalitativa produkter f\u00f6r vetenskapliga studier.<\/p>","protected":false},"excerpt":{"rendered":"<p><strong>MDMA (metylendioxymetamfetamin)<\/strong> \u00e4r en syntetisk f\u00f6rening som \u00e4r v\u00e4lk\u00e4nd f\u00f6r sin <strong>empatogena och stimulerande egenskaper<\/strong>. Popul\u00e4rt k\u00e4nd som <strong>\"Ecstasy\"<\/strong>\u00e4r den allm\u00e4nt studerad i <strong>psykedelisk forskning<\/strong>, <strong>neurovetenskap<\/strong>, och <strong>kemisk analys<\/strong> f\u00f6r dess effekter p\u00e5 hum\u00f6r, kognition och perception. P\u00e5 Factoryson levererar vi <strong>MDMA med h\u00f6g renhetsgrad<\/strong> f\u00f6r <strong>forsknings- och industri\u00e4ndam\u00e5l<\/strong>vilket garanterar j\u00e4mn kvalitet och s\u00e4kra leveranser.<\/p>\n<h3><strong>Hur MDMA verkar<\/strong><\/h3>\n<p>MDMA \u00f6kar fr\u00e4mst fris\u00e4ttningen och h\u00e4mmar \u00e5terupptaget av <strong>serotonin, dopamin och noradrenalin<\/strong>vilket leder till b\u00e4ttre hum\u00f6r, \u00f6kad energi och k\u00e4nslom\u00e4ssig \u00f6ppenhet. Dessa effekter g\u00f6r det till ett viktigt fokus f\u00f6r studier om <strong>Neurotransmittorsystem<\/strong> och potentiella terapeutiska till\u00e4mpningar.<\/p>\n<ul>\n<li><strong>B\u00f6rjan<\/strong>: 30-60 minuter efter administrering.<\/li>\n<li><strong>Toppeffekter<\/strong>: 1-2 timmar.<\/li>\n<li><strong>Varaktighet<\/strong>: 4-6 timmar beroende p\u00e5 dosering och anv\u00e4ndningsmetod.<\/li>\n<\/ul>\n<h3><strong>Produktformel<\/strong><\/h3>\n<ul>\n<li><strong>Kemiskt namn<\/strong>: N-metyl-3,4-metylendioxiamfetamin<\/li>\n<li><strong>Molekylformel<\/strong>: C11H15NO2<\/li>\n<li><strong>Mol\u00e4r massa<\/strong>: 193,25 g\/mol<\/li>\n<\/ul>","protected":false},"featured_media":1448,"comment_status":"open","ping_status":"closed","template":"","meta":{"_kadence_starter_templates_imported_post":false,"_kad_post_transparent":"default","_kad_post_title":"","_kad_post_layout":"default","_kad_post_sidebar_id":"","_kad_post_content_style":"default","_kad_post_vertical_padding":"default","_kad_post_feature":"","_kad_post_feature_position":"","_kad_post_header":false,"_kad_post_footer":false,"_joinchat":[]},"product_brand":[],"product_cat":[41],"product_tag":[],"class_list":{"0":"post-1181","1":"product","2":"type-product","3":"status-publish","4":"has-post-thumbnail","6":"product_cat-buy-alpha-php","8":"first","9":"instock","10":"shipping-taxable","11":"purchasable","12":"product-type-variable","13":"entry","14":"content-bg","15":"loop-entry"},"yoast_head":"<!-- This site is optimized with the Yoast SEO plugin v26.5 - https:\/\/yoast.com\/wordpress\/plugins\/seo\/ -->\n<title>Buy MDMA Online - Methylenedioxymethamphetamine for Sale<\/title>\n<meta name=\"description\" content=\"If you want to buy mdma online and looking for a reliable online store, then buy here. We offer only high-quality mdma for sale at an affordable price. Order mdma Now!\" \/>\n<meta name=\"robots\" content=\"index, follow, max-snippet:-1, max-image-preview:large, max-video-preview:-1\" \/>\n<link rel=\"canonical\" href=\"https:\/\/pvpgrams.com\/sv\/product\/mdma-metylendioxymetamfetamin\/\" \/>\n<meta property=\"og:locale\" content=\"sv_SE\" \/>\n<meta property=\"og:type\" content=\"article\" \/>\n<meta property=\"og:title\" content=\"Buy MDMA Online - Methylenedioxymethamphetamine for Sale\" \/>\n<meta property=\"og:description\" content=\"If you want to buy mdma online and looking for a reliable online store, then buy here. We offer only high-quality mdma for sale at an affordable price. Order mdma Now!\" \/>\n<meta property=\"og:url\" content=\"https:\/\/pvpgrams.com\/sv\/product\/mdma-metylendioxymetamfetamin\/\" \/>\n<meta property=\"og:site_name\" content=\"PVP Grams\" \/>\n<meta property=\"article:modified_time\" content=\"2025-10-30T08:05:53+00:00\" \/>\n<meta property=\"og:image\" content=\"https:\/\/pvpgrams.com\/wp-content\/uploads\/2024\/10\/Buy-MDMA-Methylenedioxymethamphetamine-Online.jpg\" \/>\n\t<meta property=\"og:image:width\" content=\"600\" \/>\n\t<meta property=\"og:image:height\" content=\"600\" \/>\n\t<meta property=\"og:image:type\" content=\"image\/jpeg\" \/>\n<meta name=\"twitter:card\" content=\"summary_large_image\" \/>\n<meta name=\"twitter:label1\" content=\"Ber\u00e4knad l\u00e4stid\" \/>\n\t<meta name=\"twitter:data1\" content=\"3 minuter\" \/>\n<script type=\"application\/ld+json\" class=\"yoast-schema-graph\">{\"@context\":\"https:\/\/schema.org\",\"@graph\":[{\"@type\":[\"WebPage\",\"ItemPage\"],\"@id\":\"https:\/\/pvpgrams.com\/product\/mdma-methylenedioxymethamphetamine\/\",\"url\":\"https:\/\/pvpgrams.com\/product\/mdma-methylenedioxymethamphetamine\/\",\"name\":\"Buy MDMA Online - Methylenedioxymethamphetamine for Sale\",\"isPartOf\":{\"@id\":\"https:\/\/pvpgrams.com\/#website\"},\"primaryImageOfPage\":{\"@id\":\"https:\/\/pvpgrams.com\/product\/mdma-methylenedioxymethamphetamine\/#primaryimage\"},\"image\":{\"@id\":\"https:\/\/pvpgrams.com\/product\/mdma-methylenedioxymethamphetamine\/#primaryimage\"},\"thumbnailUrl\":\"https:\/\/pvpgrams.com\/wp-content\/uploads\/2024\/10\/Buy-MDMA-Methylenedioxymethamphetamine-Online.jpg\",\"datePublished\":\"2024-10-31T18:40:53+00:00\",\"dateModified\":\"2025-10-30T08:05:53+00:00\",\"description\":\"If you want to buy mdma online and looking for a reliable online store, then buy here. We offer only high-quality mdma for sale at an affordable price. Order mdma Now!\",\"breadcrumb\":{\"@id\":\"https:\/\/pvpgrams.com\/product\/mdma-methylenedioxymethamphetamine\/#breadcrumb\"},\"inLanguage\":\"sv-SE\",\"potentialAction\":[{\"@type\":\"ReadAction\",\"target\":[\"https:\/\/pvpgrams.com\/product\/mdma-methylenedioxymethamphetamine\/\"]}]},{\"@type\":\"ImageObject\",\"inLanguage\":\"sv-SE\",\"@id\":\"https:\/\/pvpgrams.com\/product\/mdma-methylenedioxymethamphetamine\/#primaryimage\",\"url\":\"https:\/\/pvpgrams.com\/wp-content\/uploads\/2024\/10\/Buy-MDMA-Methylenedioxymethamphetamine-Online.jpg\",\"contentUrl\":\"https:\/\/pvpgrams.com\/wp-content\/uploads\/2024\/10\/Buy-MDMA-Methylenedioxymethamphetamine-Online.jpg\",\"width\":600,\"height\":600,\"caption\":\"Buy-(MDMA)-Methylenedioxymethamphetamine-Online\"},{\"@type\":\"BreadcrumbList\",\"@id\":\"https:\/\/pvpgrams.com\/product\/mdma-methylenedioxymethamphetamine\/#breadcrumb\",\"itemListElement\":[{\"@type\":\"ListItem\",\"position\":1,\"name\":\"Home\",\"item\":\"https:\/\/pvpgrams.com\/\"},{\"@type\":\"ListItem\",\"position\":2,\"name\":\"Shop\",\"item\":\"https:\/\/pvpgrams.com\/shop\/\"},{\"@type\":\"ListItem\",\"position\":3,\"name\":\"Buy (MDMA) Methylenedioxymethamphetamine Online\"}]},{\"@type\":\"WebSite\",\"@id\":\"https:\/\/pvpgrams.com\/#website\",\"url\":\"https:\/\/pvpgrams.com\/\",\"name\":\"PVP Grams\",\"description\":\"\",\"publisher\":{\"@id\":\"https:\/\/pvpgrams.com\/#organization\"},\"potentialAction\":[{\"@type\":\"SearchAction\",\"target\":{\"@type\":\"EntryPoint\",\"urlTemplate\":\"https:\/\/pvpgrams.com\/?s={search_term_string}\"},\"query-input\":{\"@type\":\"PropertyValueSpecification\",\"valueRequired\":true,\"valueName\":\"search_term_string\"}}],\"inLanguage\":\"sv-SE\"},{\"@type\":\"Organization\",\"@id\":\"https:\/\/pvpgrams.com\/#organization\",\"name\":\"PVP Grams\",\"url\":\"https:\/\/pvpgrams.com\/\",\"logo\":{\"@type\":\"ImageObject\",\"inLanguage\":\"sv-SE\",\"@id\":\"https:\/\/pvpgrams.com\/#\/schema\/logo\/image\/\",\"url\":\"https:\/\/pvpgrams.com\/wp-content\/uploads\/2024\/10\/logo.png\",\"contentUrl\":\"https:\/\/pvpgrams.com\/wp-content\/uploads\/2024\/10\/logo.png\",\"width\":181,\"height\":41,\"caption\":\"PVP Grams\"},\"image\":{\"@id\":\"https:\/\/pvpgrams.com\/#\/schema\/logo\/image\/\"}}]}<\/script>\n<!-- \/ Yoast SEO plugin. -->","yoast_head_json":{"title":"K\u00f6p MDMA online - Methylenedioxymethamphetamine till salu","description":"Om du vill k\u00f6pa mdma online och letar efter en p\u00e5litlig onlinebutik, k\u00f6p sedan h\u00e4r. Vi erbjuder endast h\u00f6gkvalitativ mdma till salu till ett \u00f6verkomligt pris. Best\u00e4ll mdma nu!","robots":{"index":"index","follow":"follow","max-snippet":"max-snippet:-1","max-image-preview":"max-image-preview:large","max-video-preview":"max-video-preview:-1"},"canonical":"https:\/\/pvpgrams.com\/sv\/product\/mdma-metylendioxymetamfetamin\/","og_locale":"sv_SE","og_type":"article","og_title":"Buy MDMA Online - Methylenedioxymethamphetamine for Sale","og_description":"If you want to buy mdma online and looking for a reliable online store, then buy here. We offer only high-quality mdma for sale at an affordable price. Order mdma Now!","og_url":"https:\/\/pvpgrams.com\/sv\/product\/mdma-metylendioxymetamfetamin\/","og_site_name":"PVP Grams","article_modified_time":"2025-10-30T08:05:53+00:00","og_image":[{"width":600,"height":600,"url":"https:\/\/pvpgrams.com\/wp-content\/uploads\/2024\/10\/Buy-MDMA-Methylenedioxymethamphetamine-Online.jpg","type":"image\/jpeg"}],"twitter_card":"summary_large_image","twitter_misc":{"Ber\u00e4knad l\u00e4stid":"3 minuter"},"schema":{"@context":"https:\/\/schema.org","@graph":[{"@type":["WebPage","ItemPage"],"@id":"https:\/\/pvpgrams.com\/product\/mdma-methylenedioxymethamphetamine\/","url":"https:\/\/pvpgrams.com\/product\/mdma-methylenedioxymethamphetamine\/","name":"K\u00f6p MDMA online - Methylenedioxymethamphetamine till salu","isPartOf":{"@id":"https:\/\/pvpgrams.com\/#website"},"primaryImageOfPage":{"@id":"https:\/\/pvpgrams.com\/product\/mdma-methylenedioxymethamphetamine\/#primaryimage"},"image":{"@id":"https:\/\/pvpgrams.com\/product\/mdma-methylenedioxymethamphetamine\/#primaryimage"},"thumbnailUrl":"https:\/\/pvpgrams.com\/wp-content\/uploads\/2024\/10\/Buy-MDMA-Methylenedioxymethamphetamine-Online.jpg","datePublished":"2024-10-31T18:40:53+00:00","dateModified":"2025-10-30T08:05:53+00:00","description":"Om du vill k\u00f6pa mdma online och letar efter en p\u00e5litlig onlinebutik, k\u00f6p sedan h\u00e4r. Vi erbjuder endast h\u00f6gkvalitativ mdma till salu till ett \u00f6verkomligt pris. Best\u00e4ll mdma nu!","breadcrumb":{"@id":"https:\/\/pvpgrams.com\/product\/mdma-methylenedioxymethamphetamine\/#breadcrumb"},"inLanguage":"sv-SE","potentialAction":[{"@type":"ReadAction","target":["https:\/\/pvpgrams.com\/product\/mdma-methylenedioxymethamphetamine\/"]}]},{"@type":"ImageObject","inLanguage":"sv-SE","@id":"https:\/\/pvpgrams.com\/product\/mdma-methylenedioxymethamphetamine\/#primaryimage","url":"https:\/\/pvpgrams.com\/wp-content\/uploads\/2024\/10\/Buy-MDMA-Methylenedioxymethamphetamine-Online.jpg","contentUrl":"https:\/\/pvpgrams.com\/wp-content\/uploads\/2024\/10\/Buy-MDMA-Methylenedioxymethamphetamine-Online.jpg","width":600,"height":600,"caption":"Buy-(MDMA)-Methylenedioxymethamphetamine-Online"},{"@type":"BreadcrumbList","@id":"https:\/\/pvpgrams.com\/product\/mdma-methylenedioxymethamphetamine\/#breadcrumb","itemListElement":[{"@type":"ListItem","position":1,"name":"Home","item":"https:\/\/pvpgrams.com\/"},{"@type":"ListItem","position":2,"name":"Shop","item":"https:\/\/pvpgrams.com\/shop\/"},{"@type":"ListItem","position":3,"name":"Buy (MDMA) Methylenedioxymethamphetamine Online"}]},{"@type":"WebSite","@id":"https:\/\/pvpgrams.com\/#website","url":"https:\/\/pvpgrams.com\/","name":"PVP Grams","description":"","publisher":{"@id":"https:\/\/pvpgrams.com\/#organization"},"potentialAction":[{"@type":"SearchAction","target":{"@type":"EntryPoint","urlTemplate":"https:\/\/pvpgrams.com\/?s={search_term_string}"},"query-input":{"@type":"PropertyValueSpecification","valueRequired":true,"valueName":"search_term_string"}}],"inLanguage":"sv-SE"},{"@type":"Organization","@id":"https:\/\/pvpgrams.com\/#organization","name":"PVP Grams","url":"https:\/\/pvpgrams.com\/","logo":{"@type":"ImageObject","inLanguage":"sv-SE","@id":"https:\/\/pvpgrams.com\/#\/schema\/logo\/image\/","url":"https:\/\/pvpgrams.com\/wp-content\/uploads\/2024\/10\/logo.png","contentUrl":"https:\/\/pvpgrams.com\/wp-content\/uploads\/2024\/10\/logo.png","width":181,"height":41,"caption":"PVP Grams"},"image":{"@id":"https:\/\/pvpgrams.com\/#\/schema\/logo\/image\/"}}]}},"_links":{"self":[{"href":"https:\/\/pvpgrams.com\/sv\/wp-json\/wp\/v2\/product\/1181","targetHints":{"allow":["GET"]}}],"collection":[{"href":"https:\/\/pvpgrams.com\/sv\/wp-json\/wp\/v2\/product"}],"about":[{"href":"https:\/\/pvpgrams.com\/sv\/wp-json\/wp\/v2\/types\/product"}],"replies":[{"embeddable":true,"href":"https:\/\/pvpgrams.com\/sv\/wp-json\/wp\/v2\/comments?post=1181"}],"wp:featuredmedia":[{"embeddable":true,"href":"https:\/\/pvpgrams.com\/sv\/wp-json\/wp\/v2\/media\/1448"}],"wp:attachment":[{"href":"https:\/\/pvpgrams.com\/sv\/wp-json\/wp\/v2\/media?parent=1181"}],"wp:term":[{"taxonomy":"product_brand","embeddable":true,"href":"https:\/\/pvpgrams.com\/sv\/wp-json\/wp\/v2\/product_brand?post=1181"},{"taxonomy":"product_cat","embeddable":true,"href":"https:\/\/pvpgrams.com\/sv\/wp-json\/wp\/v2\/product_cat?post=1181"},{"taxonomy":"product_tag","embeddable":true,"href":"https:\/\/pvpgrams.com\/sv\/wp-json\/wp\/v2\/product_tag?post=1181"}],"curies":[{"name":"wp","href":"https:\/\/api.w.org\/{rel}","templated":true}]}}