{"id":1220,"date":"2024-11-24T22:37:35","date_gmt":"2024-11-24T22:37:35","guid":{"rendered":"https:\/\/pvpgrams.com\/?post_type=product&#038;p=1220"},"modified":"2025-08-30T19:29:25","modified_gmt":"2025-08-30T19:29:25","slug":"adb-meninaca","status":"publish","type":"product","link":"https:\/\/pvpgrams.com\/sv\/product\/adb-meninaca\/","title":{"rendered":"K\u00f6p ADB-BUTINACA online"},"content":{"rendered":"<h2 data-start=\"117\" data-end=\"178\"><strong data-start=\"117\" data-end=\"176\">K\u00f6p ADB-BUTINACA online fr\u00e5n en p\u00e5litlig forskningsk\u00e4lla<\/strong><\/h2>\n<p data-start=\"180\" data-end=\"221\"><strong data-start=\"180\" data-end=\"219\">K\u00f6p ADB-BUTINACA online p\u00e5 Pvpgrams<\/strong><\/p>\n<p data-start=\"223\" data-end=\"735\">ADB-BUTINACA \u00e4r en syntetisk cannabinoid som \u00e4r popul\u00e4r i forskarsamh\u00e4llen f\u00f6r sina unika egenskaper och interaktion med det endocannabinoida systemet. ADB-BUTINACA \u00e4r k\u00e4nt f\u00f6r sin h\u00f6ga potens och studeras ofta f\u00f6r sina effekter inom farmakologi, toxikologi och receptorstudier. P\u00e5 Pvpgrams erbjuder vi h\u00f6gkvalitativ ADB-BUTINACA, vilket garanterar s\u00e4kra transaktioner, diskret f\u00f6rpackning och p\u00e5litlig leverans f\u00f6r alla forsknings- och utforskningsbehov. <a href=\"https:\/\/pvpgrams.com\/sv\/product\/adb-meninaca\/\">K\u00f6p ADB-BUTINACA online<\/a> fr\u00e5n en p\u00e5litlig leverant\u00f6r idag.<\/p>\n<h3 data-start=\"737\" data-end=\"780\">Till\u00e4mpningar och anv\u00e4ndningsomr\u00e5den f\u00f6r ADB-BUTINACA<\/h3>\n<p data-start=\"782\" data-end=\"823\"><strong data-start=\"782\" data-end=\"821\">Vetenskaplig forskning och utveckling<\/strong><\/p>\n<p data-start=\"825\" data-end=\"1117\"><a href=\"https:\/\/en.wikipedia.org\/wiki\/ADB-BUTINACA\">ADB-BUTINACA<\/a> anv\u00e4nds ofta i forskningssammanhang f\u00f6r att studera dess interaktion med cannabinoidreceptorer (CB1 och CB2) och dess potentiella till\u00e4mpningar f\u00f6r att f\u00f6rst\u00e5 endocannabinoidmodulering. Forskare som vill k\u00f6pa ADB-BUTINACA online drar nytta av en verifierad k\u00e4lla med h\u00f6g renhet.<\/p>\n<p data-start=\"1119\" data-end=\"1166\"><strong data-start=\"1119\" data-end=\"1164\">Farmakologiska och toxikologiska studier<\/strong><\/p>\n<p data-start=\"1168\" data-end=\"1345\">Forskare k\u00f6per ADB-BUTINACA f\u00f6r att analysera dess kemiska struktur, biologiska aktivitet och s\u00e4kerhetsprofil, vilket g\u00f6r det till en viktig f\u00f6rening i forskning om syntetiska cannabinoider.<\/p>\n<p data-start=\"1347\" data-end=\"1377\"><strong data-start=\"1347\" data-end=\"1375\">Studier av receptorbindning<\/strong><\/p>\n<p data-start=\"1379\" data-end=\"1609\">P\u00e5 grund av sin h\u00f6ga bindningsaffinitet \u00e4r ADB-BUTINACA ov\u00e4rderlig i studier som utforskar cannabinoidreceptorernas dynamik och dess effekter p\u00e5 fysiologiska processer. Best\u00e4ll ADB-BUTINACA f\u00f6r exakta forskningstill\u00e4mpningar i laboratorieklass.<\/p>\n<h3 data-start=\"1611\" data-end=\"1652\">Varf\u00f6r k\u00f6pa ADB-BUTINACA fr\u00e5n Pvpgrams?<\/h3>\n<p data-start=\"1654\" data-end=\"1747\">P\u00e5 Pvpgrams prioriterar vi kvalitet, p\u00e5litlighet och kundn\u00f6jdhet f\u00f6r varje best\u00e4llning.<\/p>\n<p data-start=\"1749\" data-end=\"1780\"><strong data-start=\"1749\" data-end=\"1778\">H\u00f6g kvalitet ADB-BUTINACA<\/strong><\/p>\n<p data-start=\"1782\" data-end=\"1934\">V\u00e5r ADB-BUTINACA som s\u00e4ljs produceras under strikta kvalitetskontroller, vilket s\u00e4kerst\u00e4ller konsekvent renhet och tillf\u00f6rlitlighet f\u00f6r alla forsknings\u00e4ndam\u00e5l.<\/p>\n<p data-start=\"1936\" data-end=\"1974\"><strong data-start=\"1936\" data-end=\"1972\">S\u00e4kra och diskreta transaktioner<\/strong><\/p>\n<p data-start=\"1976\" data-end=\"2114\">Vi s\u00e4kerst\u00e4ller att varje ADB-BUTINACA-best\u00e4llning online hanteras med s\u00e4kra betalningsmetoder och diskret f\u00f6rpackning f\u00f6r att skydda din integritet.<\/p>\n<p data-start=\"2116\" data-end=\"2148\"><strong data-start=\"2116\" data-end=\"2146\">Snabb och p\u00e5litlig leverans<\/strong><\/p>\n<p data-start=\"2150\" data-end=\"2274\">Med v\u00e5rt p\u00e5litliga logistikn\u00e4tverk kan du tryggt best\u00e4lla ADB-BUTINACA i vetskapen om att den kommer fram snabbt och s\u00e4kert.<\/p>\n<p data-start=\"2276\" data-end=\"2316\"><strong data-start=\"2276\" data-end=\"2314\">Prisv\u00e4rd och transparent priss\u00e4ttning<\/strong><\/p>\n<p data-start=\"2318\" data-end=\"2491\">Vi erbjuder konkurrenskraftiga ADB-BUTINACA-priser utan att kompromissa med kvaliteten, vilket g\u00f6r oss till det b\u00e4sta st\u00e4llet att k\u00f6pa ADB-BUTINACA online f\u00f6r forskare och yrkesverksamma.<\/p>\n<h3 data-start=\"2493\" data-end=\"2528\">K\u00f6p ADB-BUTINACA online idag<\/h3>\n<p data-start=\"2530\" data-end=\"2893\">Letar du efter en p\u00e5litlig k\u00e4lla till ADB-BUTINACA till salu? P\u00e5 Pvpgrams erbjuder vi premium-ADB-BUTINACA, snabb leverans, s\u00e4ker betalning och exceptionell kundsupport. Oavsett om du bedriver vetenskaplig forskning eller utforskar receptorstudier, k\u00f6p ADB-BUTINACA online idag och upplev bekv\u00e4mligheten och tillf\u00f6rlitligheten hos en betrodd leverant\u00f6r.<\/p>","protected":false},"excerpt":{"rendered":"<p><strong>ADB-BUTINACA<\/strong> \u00e4r en potent syntetisk cannabinoid som \u00e4r k\u00e4nd f\u00f6r sin bindningsaffinitet till CB1- och CB2-receptorer. Det anv\u00e4nds ofta i <strong>neurovetenskaplig forskning<\/strong> och <strong>kemisk analys<\/strong> f\u00f6r att studera effekterna av cannabinoidreceptorinteraktion. P\u00e5 Factoryson tillhandah\u00e5ller vi <strong>ADB-BUTINACA med h\u00f6g renhet<\/strong> f\u00f6r <strong>forskning och industriella till\u00e4mpningar<\/strong>vilket garanterar h\u00f6gsta kvalitet och s\u00e4ker leverans.<\/p>\n<h3><strong>Hur ADB-BUTINACA fungerar<\/strong><\/h3>\n<p>ADB-BUTINACA fungerar som en <strong>agonist<\/strong> p\u00e5 <strong>CB1- och CB2-receptorer<\/strong>och efterliknar effekterna av naturliga cannabinoider. Det anv\u00e4nds ofta i forskning f\u00f6r att studera <strong>receptorinteraktioner<\/strong> och deras p\u00e5verkan p\u00e5 det centrala nervsystemet.<\/p>\n<h3><strong>Produktformel<\/strong><\/h3>\n<ul>\n<li><strong>Kemiskt namn<\/strong>: N-[1-amino-3,3-dimethyl-1-oxobutan-2-yl]-1-(4-fluorobutyl)-1H-indazole-3-carboxamide<\/li>\n<li><strong>Molekylformel<\/strong>: C20H28FN3O3<\/li>\n<li><strong>Mol\u00e4r massa<\/strong>: 377,46 g\/mol<\/li>\n<\/ul>","protected":false},"featured_media":1431,"comment_status":"open","ping_status":"closed","template":"","meta":{"_kadence_starter_templates_imported_post":false,"_kad_post_transparent":"default","_kad_post_title":"","_kad_post_layout":"default","_kad_post_sidebar_id":"","_kad_post_content_style":"default","_kad_post_vertical_padding":"default","_kad_post_feature":"","_kad_post_feature_position":"","_kad_post_header":false,"_kad_post_footer":false,"_joinchat":[]},"product_brand":[],"product_cat":[57],"product_tag":[],"class_list":{"0":"post-1220","1":"product","2":"type-product","3":"status-publish","4":"has-post-thumbnail","6":"product_cat-adb-butinaca","8":"first","9":"instock","10":"shipping-taxable","11":"purchasable","12":"product-type-variable","13":"entry","14":"content-bg","15":"loop-entry"},"yoast_head":"<!-- This site is optimized with the Yoast SEO plugin v26.5 - https:\/\/yoast.com\/wordpress\/plugins\/seo\/ -->\n<title>Buy ADB-BUTINACA Online - ADB-BUTINACA Powder for Sale<\/title>\n<meta name=\"description\" content=\"You can buy adb butinaca online at the best prices from our online store. We have cheap and high-quality adb butinaca powder for sale and providing worldwide delivery. You can order from anytime, anywhere.\" \/>\n<meta name=\"robots\" content=\"index, follow, max-snippet:-1, max-image-preview:large, max-video-preview:-1\" \/>\n<link rel=\"canonical\" href=\"https:\/\/pvpgrams.com\/sv\/product\/adb-meninaca\/\" \/>\n<meta property=\"og:locale\" content=\"sv_SE\" \/>\n<meta property=\"og:type\" content=\"article\" \/>\n<meta property=\"og:title\" content=\"Buy ADB-BUTINACA Online - ADB-BUTINACA Powder for Sale\" \/>\n<meta property=\"og:description\" content=\"You can buy adb butinaca online at the best prices from our online store. We have cheap and high-quality adb butinaca powder for sale and providing worldwide delivery. You can order from anytime, anywhere.\" \/>\n<meta property=\"og:url\" content=\"https:\/\/pvpgrams.com\/sv\/product\/adb-meninaca\/\" \/>\n<meta property=\"og:site_name\" content=\"PVP Grams\" \/>\n<meta property=\"article:modified_time\" content=\"2025-08-30T19:29:25+00:00\" \/>\n<meta property=\"og:image\" content=\"https:\/\/pvpgrams.com\/wp-content\/uploads\/2024\/11\/Buy-ADB-BUTINACA-Online.jpg\" \/>\n\t<meta property=\"og:image:width\" content=\"600\" \/>\n\t<meta property=\"og:image:height\" content=\"600\" \/>\n\t<meta property=\"og:image:type\" content=\"image\/jpeg\" \/>\n<meta name=\"twitter:card\" content=\"summary_large_image\" \/>\n<meta name=\"twitter:label1\" content=\"Ber\u00e4knad l\u00e4stid\" \/>\n\t<meta name=\"twitter:data1\" content=\"2 minuter\" \/>\n<script type=\"application\/ld+json\" class=\"yoast-schema-graph\">{\"@context\":\"https:\/\/schema.org\",\"@graph\":[{\"@type\":[\"WebPage\",\"ItemPage\"],\"@id\":\"https:\/\/pvpgrams.com\/product\/adb-butinaca\/\",\"url\":\"https:\/\/pvpgrams.com\/product\/adb-butinaca\/\",\"name\":\"Buy ADB-BUTINACA Online - ADB-BUTINACA Powder for Sale\",\"isPartOf\":{\"@id\":\"https:\/\/pvpgrams.com\/#website\"},\"primaryImageOfPage\":{\"@id\":\"https:\/\/pvpgrams.com\/product\/adb-butinaca\/#primaryimage\"},\"image\":{\"@id\":\"https:\/\/pvpgrams.com\/product\/adb-butinaca\/#primaryimage\"},\"thumbnailUrl\":\"https:\/\/pvpgrams.com\/wp-content\/uploads\/2024\/11\/Buy-ADB-BUTINACA-Online.jpg\",\"datePublished\":\"2024-11-24T22:37:35+00:00\",\"dateModified\":\"2025-08-30T19:29:25+00:00\",\"description\":\"You can buy adb butinaca online at the best prices from our online store. We have cheap and high-quality adb butinaca powder for sale and providing worldwide delivery. You can order from anytime, anywhere.\",\"breadcrumb\":{\"@id\":\"https:\/\/pvpgrams.com\/product\/adb-butinaca\/#breadcrumb\"},\"inLanguage\":\"sv-SE\",\"potentialAction\":[{\"@type\":\"ReadAction\",\"target\":[\"https:\/\/pvpgrams.com\/product\/adb-butinaca\/\"]}]},{\"@type\":\"ImageObject\",\"inLanguage\":\"sv-SE\",\"@id\":\"https:\/\/pvpgrams.com\/product\/adb-butinaca\/#primaryimage\",\"url\":\"https:\/\/pvpgrams.com\/wp-content\/uploads\/2024\/11\/Buy-ADB-BUTINACA-Online.jpg\",\"contentUrl\":\"https:\/\/pvpgrams.com\/wp-content\/uploads\/2024\/11\/Buy-ADB-BUTINACA-Online.jpg\",\"width\":600,\"height\":600,\"caption\":\"Buy-ADB-BUTINACA-Online\"},{\"@type\":\"BreadcrumbList\",\"@id\":\"https:\/\/pvpgrams.com\/product\/adb-butinaca\/#breadcrumb\",\"itemListElement\":[{\"@type\":\"ListItem\",\"position\":1,\"name\":\"Home\",\"item\":\"https:\/\/pvpgrams.com\/\"},{\"@type\":\"ListItem\",\"position\":2,\"name\":\"Shop\",\"item\":\"https:\/\/pvpgrams.com\/shop\/\"},{\"@type\":\"ListItem\",\"position\":3,\"name\":\"Buy ADB-BUTINACA Online\"}]},{\"@type\":\"WebSite\",\"@id\":\"https:\/\/pvpgrams.com\/#website\",\"url\":\"https:\/\/pvpgrams.com\/\",\"name\":\"PVP Grams\",\"description\":\"\",\"publisher\":{\"@id\":\"https:\/\/pvpgrams.com\/#organization\"},\"potentialAction\":[{\"@type\":\"SearchAction\",\"target\":{\"@type\":\"EntryPoint\",\"urlTemplate\":\"https:\/\/pvpgrams.com\/?s={search_term_string}\"},\"query-input\":{\"@type\":\"PropertyValueSpecification\",\"valueRequired\":true,\"valueName\":\"search_term_string\"}}],\"inLanguage\":\"sv-SE\"},{\"@type\":\"Organization\",\"@id\":\"https:\/\/pvpgrams.com\/#organization\",\"name\":\"PVP Grams\",\"url\":\"https:\/\/pvpgrams.com\/\",\"logo\":{\"@type\":\"ImageObject\",\"inLanguage\":\"sv-SE\",\"@id\":\"https:\/\/pvpgrams.com\/#\/schema\/logo\/image\/\",\"url\":\"https:\/\/pvpgrams.com\/wp-content\/uploads\/2024\/10\/logo.png\",\"contentUrl\":\"https:\/\/pvpgrams.com\/wp-content\/uploads\/2024\/10\/logo.png\",\"width\":181,\"height\":41,\"caption\":\"PVP Grams\"},\"image\":{\"@id\":\"https:\/\/pvpgrams.com\/#\/schema\/logo\/image\/\"}}]}<\/script>\n<!-- \/ Yoast SEO plugin. -->","yoast_head_json":{"title":"K\u00f6p ADB-BUTINACA online - ADB-BUTINACA-pulver till salu","description":"Du kan k\u00f6pa adb butinaca online till de b\u00e4sta priserna fr\u00e5n v\u00e5r onlinebutik. Vi har billigt och h\u00f6gkvalitativt adb butinaca-pulver till salu och erbjuder leverans \u00f6ver hela v\u00e4rlden. Du kan best\u00e4lla fr\u00e5n n\u00e4r som helst och var som helst.","robots":{"index":"index","follow":"follow","max-snippet":"max-snippet:-1","max-image-preview":"max-image-preview:large","max-video-preview":"max-video-preview:-1"},"canonical":"https:\/\/pvpgrams.com\/sv\/product\/adb-meninaca\/","og_locale":"sv_SE","og_type":"article","og_title":"Buy ADB-BUTINACA Online - ADB-BUTINACA Powder for Sale","og_description":"You can buy adb butinaca online at the best prices from our online store. We have cheap and high-quality adb butinaca powder for sale and providing worldwide delivery. You can order from anytime, anywhere.","og_url":"https:\/\/pvpgrams.com\/sv\/product\/adb-meninaca\/","og_site_name":"PVP Grams","article_modified_time":"2025-08-30T19:29:25+00:00","og_image":[{"width":600,"height":600,"url":"https:\/\/pvpgrams.com\/wp-content\/uploads\/2024\/11\/Buy-ADB-BUTINACA-Online.jpg","type":"image\/jpeg"}],"twitter_card":"summary_large_image","twitter_misc":{"Ber\u00e4knad l\u00e4stid":"2 minuter"},"schema":{"@context":"https:\/\/schema.org","@graph":[{"@type":["WebPage","ItemPage"],"@id":"https:\/\/pvpgrams.com\/product\/adb-butinaca\/","url":"https:\/\/pvpgrams.com\/product\/adb-butinaca\/","name":"K\u00f6p ADB-BUTINACA online - ADB-BUTINACA-pulver till salu","isPartOf":{"@id":"https:\/\/pvpgrams.com\/#website"},"primaryImageOfPage":{"@id":"https:\/\/pvpgrams.com\/product\/adb-butinaca\/#primaryimage"},"image":{"@id":"https:\/\/pvpgrams.com\/product\/adb-butinaca\/#primaryimage"},"thumbnailUrl":"https:\/\/pvpgrams.com\/wp-content\/uploads\/2024\/11\/Buy-ADB-BUTINACA-Online.jpg","datePublished":"2024-11-24T22:37:35+00:00","dateModified":"2025-08-30T19:29:25+00:00","description":"Du kan k\u00f6pa adb butinaca online till de b\u00e4sta priserna fr\u00e5n v\u00e5r onlinebutik. Vi har billigt och h\u00f6gkvalitativt adb butinaca-pulver till salu och erbjuder leverans \u00f6ver hela v\u00e4rlden. Du kan best\u00e4lla fr\u00e5n n\u00e4r som helst och var som helst.","breadcrumb":{"@id":"https:\/\/pvpgrams.com\/product\/adb-butinaca\/#breadcrumb"},"inLanguage":"sv-SE","potentialAction":[{"@type":"ReadAction","target":["https:\/\/pvpgrams.com\/product\/adb-butinaca\/"]}]},{"@type":"ImageObject","inLanguage":"sv-SE","@id":"https:\/\/pvpgrams.com\/product\/adb-butinaca\/#primaryimage","url":"https:\/\/pvpgrams.com\/wp-content\/uploads\/2024\/11\/Buy-ADB-BUTINACA-Online.jpg","contentUrl":"https:\/\/pvpgrams.com\/wp-content\/uploads\/2024\/11\/Buy-ADB-BUTINACA-Online.jpg","width":600,"height":600,"caption":"Buy-ADB-BUTINACA-Online"},{"@type":"BreadcrumbList","@id":"https:\/\/pvpgrams.com\/product\/adb-butinaca\/#breadcrumb","itemListElement":[{"@type":"ListItem","position":1,"name":"Home","item":"https:\/\/pvpgrams.com\/"},{"@type":"ListItem","position":2,"name":"Shop","item":"https:\/\/pvpgrams.com\/shop\/"},{"@type":"ListItem","position":3,"name":"Buy ADB-BUTINACA Online"}]},{"@type":"WebSite","@id":"https:\/\/pvpgrams.com\/#website","url":"https:\/\/pvpgrams.com\/","name":"PVP Grams","description":"","publisher":{"@id":"https:\/\/pvpgrams.com\/#organization"},"potentialAction":[{"@type":"SearchAction","target":{"@type":"EntryPoint","urlTemplate":"https:\/\/pvpgrams.com\/?s={search_term_string}"},"query-input":{"@type":"PropertyValueSpecification","valueRequired":true,"valueName":"search_term_string"}}],"inLanguage":"sv-SE"},{"@type":"Organization","@id":"https:\/\/pvpgrams.com\/#organization","name":"PVP Grams","url":"https:\/\/pvpgrams.com\/","logo":{"@type":"ImageObject","inLanguage":"sv-SE","@id":"https:\/\/pvpgrams.com\/#\/schema\/logo\/image\/","url":"https:\/\/pvpgrams.com\/wp-content\/uploads\/2024\/10\/logo.png","contentUrl":"https:\/\/pvpgrams.com\/wp-content\/uploads\/2024\/10\/logo.png","width":181,"height":41,"caption":"PVP Grams"},"image":{"@id":"https:\/\/pvpgrams.com\/#\/schema\/logo\/image\/"}}]}},"_links":{"self":[{"href":"https:\/\/pvpgrams.com\/sv\/wp-json\/wp\/v2\/product\/1220","targetHints":{"allow":["GET"]}}],"collection":[{"href":"https:\/\/pvpgrams.com\/sv\/wp-json\/wp\/v2\/product"}],"about":[{"href":"https:\/\/pvpgrams.com\/sv\/wp-json\/wp\/v2\/types\/product"}],"replies":[{"embeddable":true,"href":"https:\/\/pvpgrams.com\/sv\/wp-json\/wp\/v2\/comments?post=1220"}],"wp:featuredmedia":[{"embeddable":true,"href":"https:\/\/pvpgrams.com\/sv\/wp-json\/wp\/v2\/media\/1431"}],"wp:attachment":[{"href":"https:\/\/pvpgrams.com\/sv\/wp-json\/wp\/v2\/media?parent=1220"}],"wp:term":[{"taxonomy":"product_brand","embeddable":true,"href":"https:\/\/pvpgrams.com\/sv\/wp-json\/wp\/v2\/product_brand?post=1220"},{"taxonomy":"product_cat","embeddable":true,"href":"https:\/\/pvpgrams.com\/sv\/wp-json\/wp\/v2\/product_cat?post=1220"},{"taxonomy":"product_tag","embeddable":true,"href":"https:\/\/pvpgrams.com\/sv\/wp-json\/wp\/v2\/product_tag?post=1220"}],"curies":[{"name":"wp","href":"https:\/\/api.w.org\/{rel}","templated":true}]}}