{"id":1224,"date":"2024-11-24T22:54:10","date_gmt":"2024-11-24T22:54:10","guid":{"rendered":"https:\/\/pvpgrams.com\/?post_type=product&#038;p=1224"},"modified":"2025-10-30T10:32:31","modified_gmt":"2025-10-30T10:32:31","slug":"6-apb","status":"publish","type":"product","link":"https:\/\/pvpgrams.com\/sv\/product\/6-apb\/","title":{"rendered":"K\u00f6p 6-APB online"},"content":{"rendered":"<h2 data-start=\"117\" data-end=\"171\"><strong data-start=\"117\" data-end=\"169\">K\u00f6p 6-APB online fr\u00e5n en p\u00e5litlig forskningsk\u00e4lla<\/strong><\/h2>\n<p data-start=\"173\" data-end=\"207\"><strong data-start=\"173\" data-end=\"205\">K\u00f6p 6-APB online p\u00e5 Pvpgrams<\/strong><\/p>\n<p data-start=\"209\" data-end=\"659\"><a href=\"https:\/\/pvpgrams.com\/sv\/product\/6-apb\/\">6-APB (6-(2-Aminopropyl)benzofuran)<\/a> \u00e4r en syntetisk f\u00f6rening i bensofuranklassen. Den \u00e4r v\u00e4lk\u00e4nd inom forskarsamh\u00e4llet f\u00f6r sin strukturella likhet med MDMA och MDA, vilket g\u00f6r den till en viktig f\u00f6rening f\u00f6r studier av receptorinteraktion och neurokemiska v\u00e4gar. P\u00e5 Pvpgrams erbjuder vi h\u00f6gkvalitativ 6-APB f\u00f6r forskare och yrkesverksamma som vill k\u00f6pa 6-APB online, med s\u00e4kra transaktioner, diskret f\u00f6rpackning och p\u00e5litlig leverans.<\/p>\n<h3 data-start=\"661\" data-end=\"697\">Till\u00e4mpningar och anv\u00e4ndningsomr\u00e5den f\u00f6r 6-APB<\/h3>\n<p data-start=\"699\" data-end=\"743\"><strong>Vetenskaplig forskning och akademiska studier<\/strong><\/p>\n<p data-start=\"745\" data-end=\"1002\"><a href=\"https:\/\/en.wikipedia.org\/wiki\/6-APB\">6-APB<\/a> anv\u00e4nds flitigt inom neurovetenskap och farmakologisk forskning f\u00f6r att utforska dess interaktion med serotonin- och dopaminreceptorer. Forskare k\u00f6per 6-APB f\u00f6r att studera dess strukturella och funktionella egenskaper i kontrollerade laboratoriemilj\u00f6er.<\/p>\n<p data-start=\"1004\" data-end=\"1050\"><strong>Utforskning av receptorbindningens dynamik<\/strong><\/p>\n<p data-start=\"1052\" data-end=\"1298\">F\u00f6reningens unika struktur g\u00f6r den idealisk f\u00f6r att studera receptoraktivitet, s\u00e4rskilt serotoninv\u00e4gar och neurokemisk modulering. De som letar efter 6-APB till salu kommer att finna den som en ov\u00e4rderlig resurs f\u00f6r receptorbindningsforskning.<\/p>\n<p data-start=\"1300\" data-end=\"1330\"><strong>Farmakologiskt intresse<\/strong><\/p>\n<p data-start=\"1332\" data-end=\"1576\">6-APB anv\u00e4nds ofta i j\u00e4mf\u00f6rande studier av bensofuranderivat f\u00f6r att unders\u00f6ka potentiella till\u00e4mpningar och deras inverkan p\u00e5 receptorsystem. Att best\u00e4lla 6-APB online garanterar tillg\u00e5ng till en h\u00f6gren, laboratorietestad forskningskemikalie.<\/p>\n<h3 data-start=\"1578\" data-end=\"1619\">Varf\u00f6r k\u00f6pa 6-APB online fr\u00e5n Pvpgrams?<\/h3>\n<p data-start=\"1621\" data-end=\"1746\">P\u00e5 Pvpgrams fokuserar vi p\u00e5 kvalitet, p\u00e5litlighet och kundn\u00f6jdhet, vilket g\u00f6r oss till det b\u00e4sta st\u00e4llet att k\u00f6pa 6-APB online.<\/p>\n<p data-start=\"1748\" data-end=\"1772\"><strong data-start=\"1748\" data-end=\"1770\">H\u00f6gkvalitativ 6-APB<\/strong><\/p>\n<p data-start=\"1774\" data-end=\"1905\">V\u00e5r 6-APB \u00e4r laboratorietestad f\u00f6r att garantera renhet och konsistens, vilket g\u00f6r den l\u00e4mplig f\u00f6r professionell, akademisk och forskningsm\u00e4ssig anv\u00e4ndning.<\/p>\n<p data-start=\"1907\" data-end=\"1945\"><strong data-start=\"1907\" data-end=\"1943\">S\u00e4kra och diskreta transaktioner<\/strong><\/p>\n<p data-start=\"1947\" data-end=\"2061\">Vi v\u00e4rdes\u00e4tter din integritet och ser till att alla best\u00e4llningar av 6-APB online f\u00f6rpackas diskret och behandlas s\u00e4kert.<\/p>\n<p data-start=\"2063\" data-end=\"2095\"><strong data-start=\"2063\" data-end=\"2093\">Snabb och p\u00e5litlig leverans<\/strong><\/p>\n<p data-start=\"2097\" data-end=\"2242\">N\u00e4r du best\u00e4ller 6-APB fr\u00e5n oss garanterar v\u00e5rt logistikn\u00e4tverk snabb leverans \u00f6ver hela v\u00e4rlden, vilket g\u00f6r att dina projekt kan forts\u00e4tta utan dr\u00f6jsm\u00e5l.<\/p>\n<p data-start=\"2244\" data-end=\"2268\"><strong data-start=\"2244\" data-end=\"2266\">Prisv\u00e4rd priss\u00e4ttning<\/strong><\/p>\n<p data-start=\"2270\" data-end=\"2410\">Vi erbjuder konkurrenskraftiga 6-APB-prisalternativ utan att kompromissa med kvaliteten, vilket ger utm\u00e4rkt v\u00e4rde f\u00f6r forskare och kvalificerade k\u00f6pare.<\/p>\n<h3 data-start=\"2412\" data-end=\"2436\">Var kan jag k\u00f6pa 6-APB<\/h3>\n<p data-start=\"2438\" data-end=\"2607\">Undrar du var du kan k\u00f6pa 6-APB? Pvpgrams \u00e4r en betrodd och p\u00e5litlig leverant\u00f6r som erbjuder verifierade produkter med h\u00f6g renhet och transparent dokumentation f\u00f6r forsknings\u00e4ndam\u00e5l.<\/p>\n<h3 data-start=\"2609\" data-end=\"2637\">K\u00f6p 6-APB online idag<\/h3>\n<p data-start=\"2639\" data-end=\"2984\">Letar du efter en p\u00e5litlig k\u00e4lla till 6-APB till salu? P\u00e5 Pvpgrams erbjuder vi premiumkvalitets 6-APB med s\u00e4ker onlinek\u00f6p, snabb leverans och exceptionell kundsupport. Oavsett om det g\u00e4ller forskning eller analytisk studie, k\u00f6p 6-APB online idag och upplev bekv\u00e4mligheten, s\u00e4kerheten och tillf\u00f6rlitligheten av att arbeta med en betrodd leverant\u00f6r.<\/p>","protected":false},"excerpt":{"rendered":"<p><strong>5-MeO-DMT (5-Metoxi-N,N-dimetyltryptamin)<\/strong> \u00e4r en naturligt f\u00f6rekommande tryptaminf\u00f6rening som \u00e4r k\u00e4nd f\u00f6r sina <strong>psykedeliska och entheogena effekter<\/strong>. Den finns i v\u00e4xter och vissa djurarter och studeras i stor utstr\u00e4ckning inom <strong>neurovetenskap<\/strong>, <strong>psykedelisk forskning<\/strong>, och <strong>kemisk analys<\/strong>. P\u00e5 Factoryson tillhandah\u00e5ller vi <strong>5-MeO-DMT med h\u00f6g renhet<\/strong> f\u00f6r <strong>forskning och industriella till\u00e4mpningar<\/strong>vilket garanterar h\u00f6gsta kvalitet och s\u00e4ker leverans.<\/p>\n<h3><strong>Hur 5-MeO-DMT fungerar<\/strong><\/h3>\n<p>5-MeO-DMT fungerar fr\u00e4mst som en <strong>agonist<\/strong> p\u00e5 <strong>5-HT1A och 5-HT2A serotoninreceptorer<\/strong>vilket leder till djupg\u00e5ende f\u00f6r\u00e4ndringar i perception, hum\u00f6r och kognition. Dess snabba uppkomst och intensiva effekter g\u00f6r det till en v\u00e4rdefull f\u00f6rening f\u00f6r att studera <strong>Medvetenhet<\/strong> och <strong>interaktioner mellan neurotransmittorer<\/strong>.<\/p>\n<h3><strong>Produktformel<\/strong><\/h3>\n<ul>\n<li><strong>Kemiskt namn<\/strong>: 5-Metoxi-N,N-dimetyltryptamin<\/li>\n<li><strong>Molekylformel<\/strong>: C13H18N2O<\/li>\n<li><strong>Mol\u00e4r massa<\/strong>: 218,3 g\/mol<\/li>\n<\/ul>","protected":false},"featured_media":1429,"comment_status":"open","ping_status":"closed","template":"","meta":{"_kadence_starter_templates_imported_post":false,"_kad_post_transparent":"default","_kad_post_title":"","_kad_post_layout":"default","_kad_post_sidebar_id":"","_kad_post_content_style":"default","_kad_post_vertical_padding":"default","_kad_post_feature":"","_kad_post_feature_position":"","_kad_post_header":false,"_kad_post_footer":false,"_joinchat":[]},"product_brand":[],"product_cat":[51,53,54,56,58],"product_tag":[],"class_list":{"0":"post-1224","1":"product","2":"type-product","3":"status-publish","4":"has-post-thumbnail","6":"product_cat-2cb","7":"product_cat-4-aco-dmt","8":"product_cat-4-mmc","9":"product_cat-6-apb","10":"product_cat-dmt","12":"first","13":"instock","14":"shipping-taxable","15":"purchasable","16":"product-type-variable","17":"entry","18":"content-bg","19":"loop-entry"},"yoast_head":"<!-- This site is optimized with the Yoast SEO plugin v26.5 - https:\/\/yoast.com\/wordpress\/plugins\/seo\/ -->\n<title>6-APB for Sale - Buy 6-APB Powder Online | PVP Grams<\/title>\n<meta name=\"description\" content=\"Get 6-apb for sale at one of the best online stores pvpgrams. We will help you buy 6-apb online of high quality. Don&#039;t delay to place your order and take advantage of the newest discounts!\" \/>\n<meta name=\"robots\" content=\"index, follow, max-snippet:-1, max-image-preview:large, max-video-preview:-1\" \/>\n<link rel=\"canonical\" href=\"https:\/\/pvpgrams.com\/sv\/product\/6-apb\/\" \/>\n<meta property=\"og:locale\" content=\"sv_SE\" \/>\n<meta property=\"og:type\" content=\"article\" \/>\n<meta property=\"og:title\" content=\"6-APB for Sale - Buy 6-APB Powder Online | PVP Grams\" \/>\n<meta property=\"og:description\" content=\"Get 6-apb for sale at one of the best online stores pvpgrams. We will help you buy 6-apb online of high quality. Don&#039;t delay to place your order and take advantage of the newest discounts!\" \/>\n<meta property=\"og:url\" content=\"https:\/\/pvpgrams.com\/sv\/product\/6-apb\/\" \/>\n<meta property=\"og:site_name\" content=\"PVP Grams\" \/>\n<meta property=\"article:modified_time\" content=\"2025-10-30T10:32:31+00:00\" \/>\n<meta property=\"og:image\" content=\"https:\/\/pvpgrams.com\/wp-content\/uploads\/2024\/11\/Buy-6-APB-Online.jpg\" \/>\n\t<meta property=\"og:image:width\" content=\"600\" \/>\n\t<meta property=\"og:image:height\" content=\"600\" \/>\n\t<meta property=\"og:image:type\" content=\"image\/jpeg\" \/>\n<meta name=\"twitter:card\" content=\"summary_large_image\" \/>\n<meta name=\"twitter:label1\" content=\"Ber\u00e4knad l\u00e4stid\" \/>\n\t<meta name=\"twitter:data1\" content=\"2 minuter\" \/>\n<script type=\"application\/ld+json\" class=\"yoast-schema-graph\">{\"@context\":\"https:\/\/schema.org\",\"@graph\":[{\"@type\":[\"WebPage\",\"ItemPage\"],\"@id\":\"https:\/\/pvpgrams.com\/product\/6-apb\/\",\"url\":\"https:\/\/pvpgrams.com\/product\/6-apb\/\",\"name\":\"6-APB for Sale - Buy 6-APB Powder Online | PVP Grams\",\"isPartOf\":{\"@id\":\"https:\/\/pvpgrams.com\/#website\"},\"primaryImageOfPage\":{\"@id\":\"https:\/\/pvpgrams.com\/product\/6-apb\/#primaryimage\"},\"image\":{\"@id\":\"https:\/\/pvpgrams.com\/product\/6-apb\/#primaryimage\"},\"thumbnailUrl\":\"https:\/\/pvpgrams.com\/wp-content\/uploads\/2024\/11\/Buy-6-APB-Online.jpg\",\"datePublished\":\"2024-11-24T22:54:10+00:00\",\"dateModified\":\"2025-10-30T10:32:31+00:00\",\"description\":\"Get 6-apb for sale at one of the best online stores pvpgrams. We will help you buy 6-apb online of high quality. Don't delay to place your order and take advantage of the newest discounts!\",\"breadcrumb\":{\"@id\":\"https:\/\/pvpgrams.com\/product\/6-apb\/#breadcrumb\"},\"inLanguage\":\"sv-SE\",\"potentialAction\":[{\"@type\":\"ReadAction\",\"target\":[\"https:\/\/pvpgrams.com\/product\/6-apb\/\"]}]},{\"@type\":\"ImageObject\",\"inLanguage\":\"sv-SE\",\"@id\":\"https:\/\/pvpgrams.com\/product\/6-apb\/#primaryimage\",\"url\":\"https:\/\/pvpgrams.com\/wp-content\/uploads\/2024\/11\/Buy-6-APB-Online.jpg\",\"contentUrl\":\"https:\/\/pvpgrams.com\/wp-content\/uploads\/2024\/11\/Buy-6-APB-Online.jpg\",\"width\":600,\"height\":600,\"caption\":\"Buy-6-APB-Online\"},{\"@type\":\"BreadcrumbList\",\"@id\":\"https:\/\/pvpgrams.com\/product\/6-apb\/#breadcrumb\",\"itemListElement\":[{\"@type\":\"ListItem\",\"position\":1,\"name\":\"Home\",\"item\":\"https:\/\/pvpgrams.com\/\"},{\"@type\":\"ListItem\",\"position\":2,\"name\":\"Shop\",\"item\":\"https:\/\/pvpgrams.com\/shop\/\"},{\"@type\":\"ListItem\",\"position\":3,\"name\":\"Buy 6-APB Online\"}]},{\"@type\":\"WebSite\",\"@id\":\"https:\/\/pvpgrams.com\/#website\",\"url\":\"https:\/\/pvpgrams.com\/\",\"name\":\"PVP Grams\",\"description\":\"\",\"publisher\":{\"@id\":\"https:\/\/pvpgrams.com\/#organization\"},\"potentialAction\":[{\"@type\":\"SearchAction\",\"target\":{\"@type\":\"EntryPoint\",\"urlTemplate\":\"https:\/\/pvpgrams.com\/?s={search_term_string}\"},\"query-input\":{\"@type\":\"PropertyValueSpecification\",\"valueRequired\":true,\"valueName\":\"search_term_string\"}}],\"inLanguage\":\"sv-SE\"},{\"@type\":\"Organization\",\"@id\":\"https:\/\/pvpgrams.com\/#organization\",\"name\":\"PVP Grams\",\"url\":\"https:\/\/pvpgrams.com\/\",\"logo\":{\"@type\":\"ImageObject\",\"inLanguage\":\"sv-SE\",\"@id\":\"https:\/\/pvpgrams.com\/#\/schema\/logo\/image\/\",\"url\":\"https:\/\/pvpgrams.com\/wp-content\/uploads\/2024\/10\/logo.png\",\"contentUrl\":\"https:\/\/pvpgrams.com\/wp-content\/uploads\/2024\/10\/logo.png\",\"width\":181,\"height\":41,\"caption\":\"PVP Grams\"},\"image\":{\"@id\":\"https:\/\/pvpgrams.com\/#\/schema\/logo\/image\/\"}}]}<\/script>\n<!-- \/ Yoast SEO plugin. -->","yoast_head_json":{"title":"6-APB till salu - K\u00f6p 6-APB-pulver online | PVP Grams","description":"F\u00e5 6-apb till salu i en av de b\u00e4sta onlinebutikerna pvpgrams. Vi hj\u00e4lper dig att k\u00f6pa 6-apb online av h\u00f6g kvalitet. Dr\u00f6j inte med att g\u00f6ra din best\u00e4llning och dra nytta av de senaste rabatterna!","robots":{"index":"index","follow":"follow","max-snippet":"max-snippet:-1","max-image-preview":"max-image-preview:large","max-video-preview":"max-video-preview:-1"},"canonical":"https:\/\/pvpgrams.com\/sv\/product\/6-apb\/","og_locale":"sv_SE","og_type":"article","og_title":"6-APB for Sale - Buy 6-APB Powder Online | PVP Grams","og_description":"Get 6-apb for sale at one of the best online stores pvpgrams. We will help you buy 6-apb online of high quality. Don't delay to place your order and take advantage of the newest discounts!","og_url":"https:\/\/pvpgrams.com\/sv\/product\/6-apb\/","og_site_name":"PVP Grams","article_modified_time":"2025-10-30T10:32:31+00:00","og_image":[{"width":600,"height":600,"url":"https:\/\/pvpgrams.com\/wp-content\/uploads\/2024\/11\/Buy-6-APB-Online.jpg","type":"image\/jpeg"}],"twitter_card":"summary_large_image","twitter_misc":{"Ber\u00e4knad l\u00e4stid":"2 minuter"},"schema":{"@context":"https:\/\/schema.org","@graph":[{"@type":["WebPage","ItemPage"],"@id":"https:\/\/pvpgrams.com\/product\/6-apb\/","url":"https:\/\/pvpgrams.com\/product\/6-apb\/","name":"6-APB till salu - K\u00f6p 6-APB-pulver online | PVP Grams","isPartOf":{"@id":"https:\/\/pvpgrams.com\/#website"},"primaryImageOfPage":{"@id":"https:\/\/pvpgrams.com\/product\/6-apb\/#primaryimage"},"image":{"@id":"https:\/\/pvpgrams.com\/product\/6-apb\/#primaryimage"},"thumbnailUrl":"https:\/\/pvpgrams.com\/wp-content\/uploads\/2024\/11\/Buy-6-APB-Online.jpg","datePublished":"2024-11-24T22:54:10+00:00","dateModified":"2025-10-30T10:32:31+00:00","description":"F\u00e5 6-apb till salu i en av de b\u00e4sta onlinebutikerna pvpgrams. Vi hj\u00e4lper dig att k\u00f6pa 6-apb online av h\u00f6g kvalitet. Dr\u00f6j inte med att g\u00f6ra din best\u00e4llning och dra nytta av de senaste rabatterna!","breadcrumb":{"@id":"https:\/\/pvpgrams.com\/product\/6-apb\/#breadcrumb"},"inLanguage":"sv-SE","potentialAction":[{"@type":"ReadAction","target":["https:\/\/pvpgrams.com\/product\/6-apb\/"]}]},{"@type":"ImageObject","inLanguage":"sv-SE","@id":"https:\/\/pvpgrams.com\/product\/6-apb\/#primaryimage","url":"https:\/\/pvpgrams.com\/wp-content\/uploads\/2024\/11\/Buy-6-APB-Online.jpg","contentUrl":"https:\/\/pvpgrams.com\/wp-content\/uploads\/2024\/11\/Buy-6-APB-Online.jpg","width":600,"height":600,"caption":"Buy-6-APB-Online"},{"@type":"BreadcrumbList","@id":"https:\/\/pvpgrams.com\/product\/6-apb\/#breadcrumb","itemListElement":[{"@type":"ListItem","position":1,"name":"Home","item":"https:\/\/pvpgrams.com\/"},{"@type":"ListItem","position":2,"name":"Shop","item":"https:\/\/pvpgrams.com\/shop\/"},{"@type":"ListItem","position":3,"name":"Buy 6-APB Online"}]},{"@type":"WebSite","@id":"https:\/\/pvpgrams.com\/#website","url":"https:\/\/pvpgrams.com\/","name":"PVP Grams","description":"","publisher":{"@id":"https:\/\/pvpgrams.com\/#organization"},"potentialAction":[{"@type":"SearchAction","target":{"@type":"EntryPoint","urlTemplate":"https:\/\/pvpgrams.com\/?s={search_term_string}"},"query-input":{"@type":"PropertyValueSpecification","valueRequired":true,"valueName":"search_term_string"}}],"inLanguage":"sv-SE"},{"@type":"Organization","@id":"https:\/\/pvpgrams.com\/#organization","name":"PVP Grams","url":"https:\/\/pvpgrams.com\/","logo":{"@type":"ImageObject","inLanguage":"sv-SE","@id":"https:\/\/pvpgrams.com\/#\/schema\/logo\/image\/","url":"https:\/\/pvpgrams.com\/wp-content\/uploads\/2024\/10\/logo.png","contentUrl":"https:\/\/pvpgrams.com\/wp-content\/uploads\/2024\/10\/logo.png","width":181,"height":41,"caption":"PVP Grams"},"image":{"@id":"https:\/\/pvpgrams.com\/#\/schema\/logo\/image\/"}}]}},"_links":{"self":[{"href":"https:\/\/pvpgrams.com\/sv\/wp-json\/wp\/v2\/product\/1224","targetHints":{"allow":["GET"]}}],"collection":[{"href":"https:\/\/pvpgrams.com\/sv\/wp-json\/wp\/v2\/product"}],"about":[{"href":"https:\/\/pvpgrams.com\/sv\/wp-json\/wp\/v2\/types\/product"}],"replies":[{"embeddable":true,"href":"https:\/\/pvpgrams.com\/sv\/wp-json\/wp\/v2\/comments?post=1224"}],"wp:featuredmedia":[{"embeddable":true,"href":"https:\/\/pvpgrams.com\/sv\/wp-json\/wp\/v2\/media\/1429"}],"wp:attachment":[{"href":"https:\/\/pvpgrams.com\/sv\/wp-json\/wp\/v2\/media?parent=1224"}],"wp:term":[{"taxonomy":"product_brand","embeddable":true,"href":"https:\/\/pvpgrams.com\/sv\/wp-json\/wp\/v2\/product_brand?post=1224"},{"taxonomy":"product_cat","embeddable":true,"href":"https:\/\/pvpgrams.com\/sv\/wp-json\/wp\/v2\/product_cat?post=1224"},{"taxonomy":"product_tag","embeddable":true,"href":"https:\/\/pvpgrams.com\/sv\/wp-json\/wp\/v2\/product_tag?post=1224"}],"curies":[{"name":"wp","href":"https:\/\/api.w.org\/{rel}","templated":true}]}}