{"id":1175,"date":"2024-10-30T15:50:25","date_gmt":"2024-10-30T15:50:25","guid":{"rendered":"https:\/\/pvpgrams.com\/?post_type=product&#038;p=1175"},"modified":"2025-09-02T11:14:35","modified_gmt":"2025-09-02T11:14:35","slug":"%e8%90%98%e4%b9%99%e9%85%ae-naphthylpyrovalerone","status":"publish","type":"product","link":"https:\/\/pvpgrams.com\/zh\/product\/%e8%90%98%e4%b9%99%e9%85%ae-naphthylpyrovalerone\/","title":{"rendered":"\u7dda\u4e0a\u8cfc\u8cb7 Naphyrone (Naphthylpyrovalerone)"},"content":{"rendered":"<div class=\"group\/conversation-turn relative flex w-full min-w-0 flex-col agent-turn\">\n<div class=\"flex-col gap-1 md:gap-3\">\n<div class=\"flex max-w-full flex-col flex-grow\">\n<div class=\"min-h-8 text-message flex w-full flex-col items-end gap-2 whitespace-normal break-words [.text-message+&amp;]:mt-5\" dir=\"auto\" data-message-author-role=\"assistant\" data-message-id=\"a9c76394-5eeb-42dd-8d00-601a1657febf\" data-message-model-slug=\"gpt-4o-mini\">\n<div class=\"flex w-full flex-col gap-1 empty:hidden first:pt-[3px]\">\n<div class=\"markdown prose w-full break-words dark:prose-invert light\">\n<h2 data-start=\"112\" data-end=\"170\"><strong data-start=\"112\" data-end=\"168\">\u4ece\u53ef\u9760\u7684\u7814\u7a76\u6765\u6e90\u5728\u7ebf\u8d2d\u4e70Naphyrone<\/strong><\/h2>\n<p data-start=\"172\" data-end=\"210\"><strong data-start=\"172\" data-end=\"208\">\u5728 PVPgrams \u5728\u7ebf\u8d2d\u4e70 Naphyrone<\/strong><\/p>\n<p data-start=\"212\" data-end=\"727\">\u4ece PVPgrams \u5728\u7ebf\u8d2d\u4e70 Naphyrone\uff0cPVPgrams \u662f\u4e00\u5bb6\u503c\u5f97\u4fe1\u8d56\u7684\u9ad8\u7eaf\u5ea6\u7814\u7a76\u5316\u5b66\u54c1\u4f9b\u5e94\u5546\u3002Naphyrone\uff0c\u4e5f\u79f0\u4e3a\u8418\u5421\u54af\u620a\u916e\u6216 O-2482 (NRG-1)\uff0c\u662f\u4e00\u79cd\u5f3a\u6548\u7684\u5408\u6210\u5361\u897f\u916e\u7c7b\u5174\u594b\u5242\u3002Naphyrone \u6700\u521d\u662f\u4e3a\u79d1\u5b66\u7814\u7a76\u800c\u5f00\u53d1\u7684\uff0c\u56e0\u5176\u5174\u594b\u5242\u4f5c\u7528\u548c\u53d7\u4f53\u7ed3\u5408\u7814\u7a76\u800c\u5907\u53d7\u63a8\u5d07\u3002\u7814\u7a76\u4eba\u5458\u4f9d\u8d56\u4e8e <a href=\"https:\/\/pvpgrams.com\/zh\/product\/%e8%90%98%e4%b9%99%e9%85%ae-naphthylpyrovalerone\/\">Kup nafyron online<\/a> \u7528\u4e8e\u836f\u7406\u5b66\u3001\u5316\u5b66\u548c\u5206\u6790\u7814\u7a76\u7684\u5b9e\u9a8c\u5ba4\u5b9e\u9a8c\uff0c\u786e\u4fdd\u7ed3\u679c\u7cbe\u786e\u53ef\u9760\u3002<\/p>\n<h3 data-start=\"729\" data-end=\"753\">\u4ec0\u9ebc\u662f\u8418\u666e\u9f8d\uff1f<\/h3>\n<p data-start=\"755\" data-end=\"1184\"><a href=\"https:\/\/en.wikipedia.org\/wiki\/Naphyrone\">\u8418\u4e59\u916e<\/a> ist ein synthetisches Cathinon-Derivat, bekannt f\u00fcr seine stimulierenden und euphorisierenden Eigenschaften. Forscher verschreiben Naphyron h\u00e4ufig, um seine chemischen Wechselwirkungen, Wirkmechanismen und Stabilit\u00e4t in kontrollierten Laborumgebungen zu untersuchen. Wo man Naphyron sicher kaufen kann, ist entscheidend, da Reinheit und Qualit\u00e4t je nach Anbieter variieren. PVPgrams garantiert Naphyron in Forschungsqualit\u00e4t mit strenger Qualit\u00e4tskontrolle und laborgepr\u00fcfter Reinheit.<\/p>\n<h3 data-start=\"1186\" data-end=\"1213\">\u8418\u4e59\u916e\u7684\u5408\u6cd5\u6027<\/h3>\n<p data-start=\"1215\" data-end=\"1604\">Der Rechtsstatus von Naphyron h\u00e4ngt von Land und Region ab. In vielen Regionen gilt es als kontrollierte Substanz, was Besitz, Verkauf und Kauf illegal macht. Wer Naphyron online f\u00fcr Forschungszwecke kaufen m\u00f6chte, muss die lokalen Vorschriften pr\u00fcfen, um die Einhaltung sicherzustellen. PVPgrams stellt Naphyron ausschlie\u00dflich f\u00fcr autorisierte wissenschaftliche Zwecke gem\u00e4\u00df den geltenden Gesetzen zur Verf\u00fcgung.<\/p>\n<h3 data-start=\"1606\" data-end=\"1661\">\u8cfc\u8cb7\u9ad8\u7d14\u5ea6\u8418\u4e59\u916e\u9032\u884c\u7814\u7a76 - PVPgrams<\/h3>\n<p data-start=\"1663\" data-end=\"1979\">PVPgrams liefert Naphyron (O-2482, NRG-1) in Laborqualit\u00e4t, hergestellt unter strengen Qualit\u00e4tsstandards. Unser Naphyron eignet sich ideal f\u00fcr Forscher, die Studien in Pharmakologie, Chemie und analytischen Anwendungen durchf\u00fchren. Jede Charge wird auf Reinheit und Konsistenz gepr\u00fcft, um zuverl\u00e4ssige Ergebnisse zu gew\u00e4hrleisten.<\/p>\n<h3 data-start=\"1981\" data-end=\"2022\">\u70ba\u4f55\u9078\u64c7 PVPgrams \u7684\u8418\u7532\u74b0\u916e\uff1f<\/h3>\n<p data-start=\"2024\" data-end=\"2113\">\u4f5c\u4e3a\u9886\u5148\u7684\u4f9b\u5e94\u5546\uff0cPVPgrams \u786e\u4fdd\u8d28\u91cf\u3001\u5408\u89c4\u6027\u548c\u5ba2\u6237\u6ee1\u610f\u5ea6\uff1a<\/p>\n<ul data-start=\"2115\" data-end=\"2460\">\n<li data-start=\"2115\" data-end=\"2228\">\n<p data-start=\"2117\" data-end=\"2228\">\u5b9e\u9a8c\u5ba4\u7ea7 Naphyrone\uff1a\u7ecf\u8fc7\u5b9e\u9a8c\u5ba4\u6d4b\u8bd5\u7eaf\u5ea6\uff0c\u5bf9\u4e8e\u7cbe\u786e\u7814\u7a76\u548c\u5206\u6790\u7814\u7a76\u81f3\u5173\u91cd\u8981\u3002<\/p>\n<\/li>\n<li data-start=\"2229\" data-end=\"2337\">\n<p data-start=\"2231\" data-end=\"2337\">\u4e00\u81f4\u7684\u9ad8\u8d28\u91cf\u914d\u65b9\uff1a\u53ef\u9760\u3001\u7a33\u5b9a\u7684 Naphyrone\uff0c\u9002\u5408\u4e13\u4e1a\u5b9e\u9a8c\u5ba4\u4f7f\u7528\u3002<\/p>\n<\/li>\n<li data-start=\"2338\" data-end=\"2460\">\n<p data-start=\"2340\" data-end=\"2460\">\u5b89\u5168\u9ad8\u6548\u7684\u5728\u7ebf\u8ba2\u8d2d\uff1a\u7814\u7a76\u4eba\u5458\u53ef\u4ee5\u901a\u8fc7\u6211\u4eec\u7684\u5b89\u5168\u5e73\u53f0\u5b89\u5168\u5730\u5728\u7ebf\u8d2d\u4e70 Naphyrone\u3002<\/p>\n<\/li>\n<\/ul>\n<h3 data-start=\"2988\" data-end=\"3036\">\u5b89\u5168\u6307\u5f15\u53ca\u5132\u5b58\u8aaa\u660e<\/h3>\n<p data-start=\"3038\" data-end=\"3101\">PVPgrams \u4f18\u5148\u8003\u8651 Naphyrone \u7684\u5b89\u5168\u5904\u7406\u548c\u50a8\u5b58\uff1a<\/p>\n<ul data-start=\"3103\" data-end=\"3444\">\n<li data-start=\"3103\" data-end=\"3215\">\n<p data-start=\"3105\" data-end=\"3215\">\u5b89\u5168\u50a8\u5b58\uff1a\u5c06 Naphyrone \u5b58\u653e\u5728\u9634\u51c9\u5e72\u71e5\u5904\uff0c\u907f\u514d\u9633\u5149\u76f4\u5c04\uff0c\u4ee5\u4fdd\u6301\u7a33\u5b9a\u6027\u548c\u8d28\u91cf\u3002<\/p>\n<\/li>\n<li data-start=\"3216\" data-end=\"3319\">\n<p data-start=\"3218\" data-end=\"3319\">\u5904\u7406\u6ce8\u610f\u4e8b\u9879\uff1a\u5728\u901a\u98ce\u826f\u597d\u7684\u533a\u57df\u4f7f\u7528 PPE\uff0c\u5305\u62ec\u624b\u5957\u3001\u53e3\u7f69\u548c\u62a4\u76ee\u955c\u3002<\/p>\n<\/li>\n<li data-start=\"3320\" data-end=\"3444\">\n<p data-start=\"3322\" data-end=\"3444\">\u4ec5\u4f9b\u7814\u7a76\u4f7f\u7528\uff1aNaphyrone \u4ec5\u4f9b\u5b9e\u9a8c\u5ba4\u4f7f\u7528\uff0c\u4e0d\u9002\u5408\u4eba\u7c7b\u6216\u52a8\u7269\u98df\u7528\u3002<\/p>\n<\/li>\n<\/ul>\n<h3 data-start=\"3446\" data-end=\"3492\">\u8418\u4e59\u916e\u7684\u6f5b\u5728\u5f71\u97ff\u548c\u98a8\u96aa<\/h3>\n<p data-start=\"3494\" data-end=\"3713\">\u8418\u83f2\u7f57\u916e\u5177\u6709\u5174\u594b\u5242\u6548\u5e94\uff0c\u5305\u62ec\u589e\u5f3a\u80fd\u91cf\u3001\u63d0\u9ad8\u6ce8\u610f\u529b\u548c\u4ea7\u751f\u6b23\u5feb\u611f\u3002\u7814\u7a76\u4eba\u5458\u5e94\u6ce8\u610f\u5176\u6f5c\u5728\u98ce\u9669\uff0c\u4f8b\u5982\u7126\u8651\u3001\u5fc3\u8840\u7ba1\u95ee\u9898\u548c\u5176\u4ed6\u4e0d\u826f\u53cd\u5e94\u3002<\/p>\n<h3 data-start=\"3715\" data-end=\"3771\">\u8ba2\u8d2d\u9ad8\u7eaf\u5ea6\u8418\u916e\u7528\u4e8e\u79d1\u5b66\u7814\u7a76<\/h3>\n<p data-start=\"3773\" data-end=\"4072\">\u7814\u7a76\u4eba\u5458\u53ef\u4ee5\u653e\u5fc3\u5730\u4ece PVPgrams \u8ba2\u8d2d Naphyrone \u7528\u4e8e\u5b9e\u9a8c\u5ba4\u5e94\u7528\u3002\u6211\u4eec\u9ad8\u7eaf\u5ea6\u3001\u7ecf\u8fc7\u5b9e\u9a8c\u5ba4\u6d4b\u8bd5\u7684\u4ea7\u54c1\u786e\u4fdd\u53ef\u9760\u7684\u7ed3\u679c\uff0c\u4f7f\u6211\u4eec\u6210\u4e3a\u5728\u7ebf\u8d2d\u4e70 Naphyrone \u7684\u6700\u4f73\u9009\u62e9\u3002\u8bf7\u8054\u7cfb PVPgrams \u83b7\u53d6\u62a5\u4ef7\u6216\u4e86\u89e3\u66f4\u591a\u5173\u4e8e\u6211\u4eec\u7814\u7a76\u5316\u5b66\u54c1\u76ee\u5f55\u7684\u4fe1\u606f\u3002<\/p>\n<h3 data-start=\"4074\" data-end=\"4112\">Naphyrone \u4ef7\u683c\u548c\u4f9b\u8d27\u60c5\u51b5<\/h3>\n<p data-start=\"4114\" data-end=\"4348\">\u67e5\u770b\u6211\u4eec\u9488\u5bf9\u6279\u91cf\u548c\u5b9e\u9a8c\u5ba4\u7ea7\u8ba2\u5355\u7684 Naphyrone \u4f18\u60e0\u4ef7\u683c\u3002\u65e0\u8bba\u662f\u4e13\u4e1a\u7814\u7a76\u8fd8\u662f\u79d1\u5b66\u7814\u7a76\uff0cPVPgrams \u90fd\u80fd\u4e3a\u60a8\u63d0\u4f9b\u503c\u5f97\u4fe1\u8d56\u7684 Naphyrone \u5728\u7ebf\u8d2d\u4e70\u9009\u62e9\uff0c\u4fdd\u8bc1\u8d28\u91cf\u548c\u5408\u89c4\u6027\u3002<\/p>\n<\/div>\n<\/div>\n<\/div>\n<\/div>\n<\/div>\n<\/div>","protected":false},"excerpt":{"rendered":"<p>\u5f9e\u53ef\u9760\u7684\u7814\u7a76\u4f86\u6e90\u7dda\u4e0a\u8cfc\u8cb7\u7d0d\u83f2\u9686\u5728PVPgrams\u7dda\u4e0a\u8cfc\u8cb7\u7d0d\u83f2\u9686\u5f9ePVPgrams\u7dda\u4e0a\u8cfc\u8cb7\u7d0d\u83f2\u9686\uff0c\u6b64\u70ba\u9ad8\u7d14\u5ea6\u7814\u7a76\u5316\u5b78\u54c1\u7684\u53ef\u4fe1\u4f9b\u61c9\u5546\u3002 \u7d0d\u83f2\u9f8d\uff08Naphyrone\uff09\uff0c\u53c8\u7a31\u8418\u57fa\u5421\u54af\u620a\u916e\u6216O-2482\uff08NRG-1\uff09\uff0c\u5c6c\u5361\u897f\u916e\u985e\u5f37\u6548\u5408\u6210\u8208\u596e\u5291\u3002\u6b64\u5316\u5408\u7269\u6700\u521d\u70ba\u79d1\u5b78\u7814\u7a76\u958b\u767c\uff0c\u5176\u8208\u596e\u4f5c\u7528\u8207\u53d7\u9ad4\u7d50\u5408\u7279\u6027\u5099\u53d7\u91cd\u8996\u3002\u7814\u7a76\u4eba\u54e1\u4ef0\u8cf4\u7dda\u4e0a\u8cfc\u8cb7\u7d0d\u83f2\u9f8d\u9032\u884c\u85e5\u7406\u5b78\u3001\u5316\u5b78\u53ca\u5206\u6790\u7814\u7a76\u5be6\u9a57\uff0c\u78ba\u4fdd\u5be6\u9a57\u7d50\u679c\u7cbe\u6e96\u53ef\u9760\u3002 \u4f55\u8b02\u8418\u5421\u916e\uff1f\u8418\u5421\u916e\u70ba\u5408\u6210\u5361\u897f\u916e\u884d\u751f\u7269\uff0c\u4ee5\u5176\u8208\u596e\u8207\u6b23\u5feb\u611f\u8457\u7a31\u3002\u7814\u7a76\u4eba\u54e1\u5e38\u8a02\u8cfc\u6b64\u7269\u8cea\uff0c\u65bc\u53d7\u63a7\u5be6\u9a57\u74b0\u5883\u4e2d\u63a2\u7a76\u5176\u5316\u5b78\u4ea4\u4e92\u4f5c\u7528\u3001\u4f5c\u7528\u6a5f\u5236\u53ca\u7a69\u5b9a\u6027\u3002\u5b89\u5168\u8cfc\u7f6e\u7ba1\u9053\u81f3\u95dc\u91cd\u8981\uff0c\u56e0\u4f9b\u61c9\u5546\u9593\u7d14\u5ea6\u8207\u54c1\u8cea\u53c3\u5dee\u3002PVPgrams\u900f\u904e\u56b4\u683c\u54c1\u8cea\u7ba1\u63a7\u8207\u5be6\u9a57\u5ba4\u7d14\u5ea6\u6aa2\u6e2c\uff0c\u78ba\u4fdd\u63d0\u4f9b\u7814\u7a76\u7d1a\u8418\u5421\u916e\u3002 \u7d0d\u83f2\u9686\u7684\u6cd5\u5f8b\u5730\u4f4d\u7d0d\u83f2\u9686\u7684\u6cd5\u5f8b\u5730\u4f4d\u56e0\u570b\u5bb6\u8207\u5730\u5340\u800c\u7570\u3002\u5728\u591a\u6578\u5340\u57df\uff0c\u5176\u88ab\u5217\u70ba\u7ba1\u5236\u7269\u8cea\uff0c\u6301\u6709\u3001\u8ca9\u552e\u53ca\u8cfc\u8cb7\u5747\u5c6c\u9055\u6cd5\u3002\u4efb\u4f55\u64ec\u7dda\u4e0a\u8cfc\u8cb7\u7d0d\u83f2\u9686\u9032\u884c\u7814\u7a76\u8005\uff0c\u52d9\u5fc5\u6838\u5be6\u7576\u5730\u6cd5\u898f\u4ee5\u78ba\u4fdd\u5408\u898f\u3002PVPgrams\u56b4\u683c\u9075\u5faa\u9069\u7528\u6cd5\u5f8b\uff0c\u50c5\u63d0\u4f9b\u7d93\u6388\u6b0a\u7684\u79d1\u5b78\u7528\u9014\u7d0d\u83f2\u9686\u3002 \u8cfc\u8cb7\u9ad8\u7d14\u5ea6\u7814\u7a76\u7d1a\u7d0d\u83f2\u9686 \u2013 PVPgramsPVPgrams\u4f9b\u61c9\u5be6\u9a57\u5ba4\u7d1a\u7d0d\u83f2\u9686\uff08O-2482, NRG-1\uff09\uff0c\u56b4\u683c\u9075\u5faa\u54c1\u8cea\u6a19\u6e96\u751f\u7522\u3002\u672c\u7522\u54c1\u9069\u7528\u65bc\u85e5\u7406\u5b78\u3001\u5316\u5b78\u53ca\u5206\u6790\u61c9\u7528\u9818\u57df\u7684\u7814\u7a76\u8005\u3002\u6bcf\u6279\u6b21\u5747\u7d93\u7d14\u5ea6\u8207\u4e00\u81f4\u6027\u6aa2\u6e2c\uff0c\u78ba\u4fdd\u5be6\u9a57\u7d50\u679c\u53ef\u9760\u3002 \u70ba\u4f55\u9078\u64c7PVPgrams\u7684\u7d0d\u83f2\u9686\uff1f\u8eab\u70ba\u9802\u5c16\u4f9b\u61c9\u5546\uff0cPVPgrams\u78ba\u4fdd\u54c1\u8cea\u3001\u5408\u898f\u6027\u8207\u5ba2\u6236\u6eff\u610f\u5ea6\uff1a\u5be6\u9a57\u5ba4\u7d1a\u7d0d\u83f2\u9686\uff1a\u7d93\u5be6\u9a57\u5ba4\u7d14\u5ea6\u6aa2\u6e2c\uff0c\u7cbe\u6e96\u7814\u7a76\u8207\u5206\u6790\u7814\u7a76\u4e4b\u95dc\u9375\u3002\u7a69\u5b9a\u9ad8\u54c1\u8cea\u914d\u65b9\uff1a\u5c08\u696d\u5be6\u9a57\u5ba4\u7528\u9014\u7684\u53ef\u9760\u7a69\u5b9a\u7d0d\u83f2\u9686\u3002\u5b89\u5168\u9ad8\u6548\u7dda\u4e0a\u8a02\u8cfc\uff1a\u7814\u7a76\u4eba\u54e1\u53ef\u900f\u904e\u5b89\u5168\u5e73\u53f0\u5b89\u5fc3\u7dda\u4e0a\u8cfc\u8cb7\u7d0d\u83f2\u9686\u3002 \u5b89\u5168\u6307\u5357\u8207\u5132\u5b58\u8aaa\u660e PVPgrams\u512a\u5148\u78ba\u4fdd\u7d0d\u83f2\u9686\u7684\u5b89\u5168\u8655\u7406\u8207\u5132\u5b58\uff1a\u5b89\u5168\u5132\u5b58\uff1a\u7f6e\u65bc\u9670\u6dbc\u4e7e\u71e5\u8655\uff0c\u907f\u514d\u967d\u5149\u76f4\u5c04\u4ee5\u7dad\u6301\u7a69\u5b9a\u6027\u8207\u54c1\u8cea\u3002\u64cd\u4f5c\u6ce8\u610f\u4e8b\u9805\uff1a\u65bc\u901a\u98a8\u826f\u597d\u5340\u57df\u4f7f\u7528\u500b\u4eba\u9632\u8b77\u88dd\u5099\uff08\u542b\u624b\u5957\u3001\u53e3\u7f69\u53ca\u8b77\u76ee\u93e1\uff09\u3002\u50c5\u9650\u7814\u7a76\u7528\u9014\uff1a\u7d0d\u83f2\u9686\u50c5\u9069\u7528\u65bc\u5be6\u9a57\u5ba4\u7814\u7a76\uff0c\u4e0d\u9069\u5408\u4eba\u985e\u6216\u52d5\u7269\u98df\u7528\u3002 \u7d0d\u83f2\u9686\u6f5b\u5728\u6548\u61c9\u8207\u98a8\u96aa\u7d0d\u83f2\u9686\u4ee5\u8208\u596e\u5291\u6548\u61c9\u8457\u7a31\uff0c\u5305\u542b\u63d0\u5347\u7cbe\u529b\u3001\u589e\u5f37\u5c08\u6ce8\u529b\u53ca\u7522\u751f\u6b23\u5feb\u611f\u3002\u7814\u7a76\u4eba\u54e1\u61c9\u77e5\u6089\u6f5b\u5728\u98a8\u96aa\uff0c\u5982\u7126\u616e\u3001\u5fc3\u8840\u7ba1\u554f\u984c\u53ca\u5176\u4ed6\u4e0d\u826f\u53cd\u61c9\u3002\u8a02\u8cfc\u9ad8\u7d14\u5ea6\u7d0d\u83f2\u9686\u9032\u884c\u79d1\u5b78\u7814\u7a76\u7814\u7a76\u4eba\u54e1\u53ef\u653e\u5fc3\u5411PVPgrams\u8a02\u8cfc\u7d0d\u83f2\u9686\u7528\u65bc\u5be6\u9a57\u5ba4\u61c9\u7528\u3002 \u6211\u5011\u7d93\u5be6\u9a57\u5ba4\u6aa2\u6e2c\u7684\u9ad8\u7d14\u5ea6\u7522\u54c1\u78ba\u4fdd\u7d50\u679c\u53ef\u9760\uff0c\u662f\u7dda\u4e0a\u8cfc\u8cb7\u7d0d\u83f2\u9686\u7684\u6700\u4f73\u9078\u64c7\u3002\u8acb\u806f\u7e6bPVPgrams\u7d22\u53d6\u5831\u50f9\u6216\u9032\u4e00\u6b65\u4e86\u89e3\u7814\u7a76\u5316\u5b78\u54c1\u76ee\u9304\u3002\u7d0d\u83f2\u9686\u50f9\u683c\u8207\u4f9b\u61c9\u60c5\u6cc1\u67e5\u770b\u6211\u5011\u91dd\u5c0d\u6279\u91cf\u8a02\u8cfc\u53ca\u5be6\u9a57\u5ba4\u7d1a\u8a02\u55ae\u7684\u7af6\u722d\u6027\u7d0d\u83f2\u9686\u50f9\u683c\u3002\u7121\u8ad6\u7528\u65bc\u5c08\u696d\u7814\u7a76\u6216\u79d1\u5b78\u5be6\u9a57\uff0cPVPgrams\u7686\u63d0\u4f9b\u503c\u5f97\u4fe1\u8cf4\u7684\u7dda\u4e0a\u8cfc\u8cb7\u7ba1\u9053\uff0c\u54c1\u8cea\u4fdd\u8b49\u4e14\u7b26\u5408\u898f\u7bc4\u3002.<\/p>","protected":false},"featured_media":1451,"comment_status":"open","ping_status":"closed","template":"","meta":{"_kadence_starter_templates_imported_post":false,"_kad_post_transparent":"default","_kad_post_title":"","_kad_post_layout":"default","_kad_post_sidebar_id":"","_kad_post_content_style":"default","_kad_post_vertical_padding":"default","_kad_post_feature":"","_kad_post_feature_position":"","_kad_post_header":false,"_kad_post_footer":false,"_joinchat":[]},"product_brand":[],"product_cat":[359],"product_tag":[],"class_list":{"0":"post-1175","1":"product","2":"type-product","3":"status-publish","4":"has-post-thumbnail","6":"product_cat-stimulants","8":"first","9":"instock","10":"shipping-taxable","11":"purchasable","12":"product-type-variable","13":"entry","14":"content-bg","15":"loop-entry"},"yoast_head":"<!-- This site is optimized with the Yoast SEO plugin v26.5 - https:\/\/yoast.com\/wordpress\/plugins\/seo\/ -->\n<title>Buy Naphyrone (Naphthylpyrovalerone) Online<\/title>\n<meta name=\"description\" content=\"At our pvpgrams online store, we have naphyrone (naphthylpyrovalerone) for sale. You can easily buy naphyrone online of top quality from us available at the best prices. Order now!\" \/>\n<meta name=\"robots\" content=\"index, follow, max-snippet:-1, max-image-preview:large, max-video-preview:-1\" \/>\n<link rel=\"canonical\" href=\"https:\/\/pvpgrams.com\/zh\/product\/\u8418\u4e59\u916e-naphthylpyrovalerone\/\" \/>\n<meta property=\"og:locale\" content=\"zh_TW\" \/>\n<meta property=\"og:type\" content=\"article\" \/>\n<meta property=\"og:title\" content=\"Buy Naphyrone (Naphthylpyrovalerone) Online\" \/>\n<meta property=\"og:description\" content=\"At our pvpgrams online store, we have naphyrone (naphthylpyrovalerone) for sale. You can easily buy naphyrone online of top quality from us available at the best prices. Order now!\" \/>\n<meta property=\"og:url\" content=\"https:\/\/pvpgrams.com\/zh\/product\/\u8418\u4e59\u916e-naphthylpyrovalerone\/\" \/>\n<meta property=\"og:site_name\" content=\"PVP Grams\" \/>\n<meta property=\"article:modified_time\" content=\"2025-09-02T11:14:35+00:00\" \/>\n<meta property=\"og:image\" content=\"https:\/\/pvpgrams.com\/wp-content\/uploads\/2024\/10\/Buy-Naphyrone-Naphthylpyrovalerone-Online.jpg\" \/>\n\t<meta property=\"og:image:width\" content=\"600\" \/>\n\t<meta property=\"og:image:height\" content=\"600\" \/>\n\t<meta property=\"og:image:type\" content=\"image\/jpeg\" \/>\n<meta name=\"twitter:card\" content=\"summary_large_image\" \/>\n<meta name=\"twitter:label1\" content=\"\u9810\u4f30\u95b1\u8b80\u6642\u9593\" \/>\n\t<meta name=\"twitter:data1\" content=\"3 \u5206\u9418\" \/>\n<script type=\"application\/ld+json\" class=\"yoast-schema-graph\">{\"@context\":\"https:\/\/schema.org\",\"@graph\":[{\"@type\":[\"WebPage\",\"ItemPage\"],\"@id\":\"https:\/\/pvpgrams.com\/product\/naphyrone-naphthylpyrovalerone\/\",\"url\":\"https:\/\/pvpgrams.com\/product\/naphyrone-naphthylpyrovalerone\/\",\"name\":\"Buy Naphyrone (Naphthylpyrovalerone) Online\",\"isPartOf\":{\"@id\":\"https:\/\/pvpgrams.com\/#website\"},\"primaryImageOfPage\":{\"@id\":\"https:\/\/pvpgrams.com\/product\/naphyrone-naphthylpyrovalerone\/#primaryimage\"},\"image\":{\"@id\":\"https:\/\/pvpgrams.com\/product\/naphyrone-naphthylpyrovalerone\/#primaryimage\"},\"thumbnailUrl\":\"https:\/\/pvpgrams.com\/wp-content\/uploads\/2024\/10\/Buy-Naphyrone-Naphthylpyrovalerone-Online.jpg\",\"datePublished\":\"2024-10-30T15:50:25+00:00\",\"dateModified\":\"2025-09-02T11:14:35+00:00\",\"description\":\"At our pvpgrams online store, we have naphyrone (naphthylpyrovalerone) for sale. You can easily buy naphyrone online of top quality from us available at the best prices. Order now!\",\"breadcrumb\":{\"@id\":\"https:\/\/pvpgrams.com\/product\/naphyrone-naphthylpyrovalerone\/#breadcrumb\"},\"inLanguage\":\"zh-TW\",\"potentialAction\":[{\"@type\":\"ReadAction\",\"target\":[\"https:\/\/pvpgrams.com\/product\/naphyrone-naphthylpyrovalerone\/\"]}]},{\"@type\":\"ImageObject\",\"inLanguage\":\"zh-TW\",\"@id\":\"https:\/\/pvpgrams.com\/product\/naphyrone-naphthylpyrovalerone\/#primaryimage\",\"url\":\"https:\/\/pvpgrams.com\/wp-content\/uploads\/2024\/10\/Buy-Naphyrone-Naphthylpyrovalerone-Online.jpg\",\"contentUrl\":\"https:\/\/pvpgrams.com\/wp-content\/uploads\/2024\/10\/Buy-Naphyrone-Naphthylpyrovalerone-Online.jpg\",\"width\":600,\"height\":600,\"caption\":\"Buy-Naphyrone-(Naphthylpyrovalerone)-Online\"},{\"@type\":\"BreadcrumbList\",\"@id\":\"https:\/\/pvpgrams.com\/product\/naphyrone-naphthylpyrovalerone\/#breadcrumb\",\"itemListElement\":[{\"@type\":\"ListItem\",\"position\":1,\"name\":\"Home\",\"item\":\"https:\/\/pvpgrams.com\/\"},{\"@type\":\"ListItem\",\"position\":2,\"name\":\"Shop\",\"item\":\"https:\/\/pvpgrams.com\/shop\/\"},{\"@type\":\"ListItem\",\"position\":3,\"name\":\"Buy Naphyrone (Naphthylpyrovalerone) Online\"}]},{\"@type\":\"WebSite\",\"@id\":\"https:\/\/pvpgrams.com\/#website\",\"url\":\"https:\/\/pvpgrams.com\/\",\"name\":\"PVP Grams\",\"description\":\"\",\"publisher\":{\"@id\":\"https:\/\/pvpgrams.com\/#organization\"},\"potentialAction\":[{\"@type\":\"SearchAction\",\"target\":{\"@type\":\"EntryPoint\",\"urlTemplate\":\"https:\/\/pvpgrams.com\/?s={search_term_string}\"},\"query-input\":{\"@type\":\"PropertyValueSpecification\",\"valueRequired\":true,\"valueName\":\"search_term_string\"}}],\"inLanguage\":\"zh-TW\"},{\"@type\":\"Organization\",\"@id\":\"https:\/\/pvpgrams.com\/#organization\",\"name\":\"PVP Grams\",\"url\":\"https:\/\/pvpgrams.com\/\",\"logo\":{\"@type\":\"ImageObject\",\"inLanguage\":\"zh-TW\",\"@id\":\"https:\/\/pvpgrams.com\/#\/schema\/logo\/image\/\",\"url\":\"https:\/\/pvpgrams.com\/wp-content\/uploads\/2024\/10\/logo.png\",\"contentUrl\":\"https:\/\/pvpgrams.com\/wp-content\/uploads\/2024\/10\/logo.png\",\"width\":181,\"height\":41,\"caption\":\"PVP Grams\"},\"image\":{\"@id\":\"https:\/\/pvpgrams.com\/#\/schema\/logo\/image\/\"}}]}<\/script>\n<!-- \/ Yoast SEO plugin. -->","yoast_head_json":{"title":"\u7dda\u4e0a\u8cfc\u8cb7 Naphyrone (Naphthylpyrovalerone)","description":"\u5728\u6211\u5011\u7684 pvpgrams \u7dda\u4e0a\u5546\u5e97\uff0c\u6211\u5011\u6709 naphyrone (naphthylpyrovalerone) \u51fa\u552e\u3002\u60a8\u53ef\u4ee5\u8f15\u9b06\u5730\u5f9e\u6211\u5011\u7684\u7db2\u7ad9\u4ee5\u6700\u512a\u60e0\u7684\u50f9\u683c\u8cfc\u8cb7\u5230\u6700\u9ad8\u54c1\u8cea\u7684 naphyrone\u3002\u7acb\u5373\u8a02\u8cfc\uff01","robots":{"index":"index","follow":"follow","max-snippet":"max-snippet:-1","max-image-preview":"max-image-preview:large","max-video-preview":"max-video-preview:-1"},"canonical":"https:\/\/pvpgrams.com\/zh\/product\/\u8418\u4e59\u916e-naphthylpyrovalerone\/","og_locale":"zh_TW","og_type":"article","og_title":"Buy Naphyrone (Naphthylpyrovalerone) Online","og_description":"At our pvpgrams online store, we have naphyrone (naphthylpyrovalerone) for sale. You can easily buy naphyrone online of top quality from us available at the best prices. Order now!","og_url":"https:\/\/pvpgrams.com\/zh\/product\/\u8418\u4e59\u916e-naphthylpyrovalerone\/","og_site_name":"PVP Grams","article_modified_time":"2025-09-02T11:14:35+00:00","og_image":[{"width":600,"height":600,"url":"https:\/\/pvpgrams.com\/wp-content\/uploads\/2024\/10\/Buy-Naphyrone-Naphthylpyrovalerone-Online.jpg","type":"image\/jpeg"}],"twitter_card":"summary_large_image","twitter_misc":{"\u9810\u4f30\u95b1\u8b80\u6642\u9593":"3 \u5206\u9418"},"schema":{"@context":"https:\/\/schema.org","@graph":[{"@type":["WebPage","ItemPage"],"@id":"https:\/\/pvpgrams.com\/product\/naphyrone-naphthylpyrovalerone\/","url":"https:\/\/pvpgrams.com\/product\/naphyrone-naphthylpyrovalerone\/","name":"\u7dda\u4e0a\u8cfc\u8cb7 Naphyrone (Naphthylpyrovalerone)","isPartOf":{"@id":"https:\/\/pvpgrams.com\/#website"},"primaryImageOfPage":{"@id":"https:\/\/pvpgrams.com\/product\/naphyrone-naphthylpyrovalerone\/#primaryimage"},"image":{"@id":"https:\/\/pvpgrams.com\/product\/naphyrone-naphthylpyrovalerone\/#primaryimage"},"thumbnailUrl":"https:\/\/pvpgrams.com\/wp-content\/uploads\/2024\/10\/Buy-Naphyrone-Naphthylpyrovalerone-Online.jpg","datePublished":"2024-10-30T15:50:25+00:00","dateModified":"2025-09-02T11:14:35+00:00","description":"\u5728\u6211\u5011\u7684 pvpgrams \u7dda\u4e0a\u5546\u5e97\uff0c\u6211\u5011\u6709 naphyrone (naphthylpyrovalerone) \u51fa\u552e\u3002\u60a8\u53ef\u4ee5\u8f15\u9b06\u5730\u5f9e\u6211\u5011\u7684\u7db2\u7ad9\u4ee5\u6700\u512a\u60e0\u7684\u50f9\u683c\u8cfc\u8cb7\u5230\u6700\u9ad8\u54c1\u8cea\u7684 naphyrone\u3002\u7acb\u5373\u8a02\u8cfc\uff01","breadcrumb":{"@id":"https:\/\/pvpgrams.com\/product\/naphyrone-naphthylpyrovalerone\/#breadcrumb"},"inLanguage":"zh-TW","potentialAction":[{"@type":"ReadAction","target":["https:\/\/pvpgrams.com\/product\/naphyrone-naphthylpyrovalerone\/"]}]},{"@type":"ImageObject","inLanguage":"zh-TW","@id":"https:\/\/pvpgrams.com\/product\/naphyrone-naphthylpyrovalerone\/#primaryimage","url":"https:\/\/pvpgrams.com\/wp-content\/uploads\/2024\/10\/Buy-Naphyrone-Naphthylpyrovalerone-Online.jpg","contentUrl":"https:\/\/pvpgrams.com\/wp-content\/uploads\/2024\/10\/Buy-Naphyrone-Naphthylpyrovalerone-Online.jpg","width":600,"height":600,"caption":"Buy-Naphyrone-(Naphthylpyrovalerone)-Online"},{"@type":"BreadcrumbList","@id":"https:\/\/pvpgrams.com\/product\/naphyrone-naphthylpyrovalerone\/#breadcrumb","itemListElement":[{"@type":"ListItem","position":1,"name":"Home","item":"https:\/\/pvpgrams.com\/"},{"@type":"ListItem","position":2,"name":"Shop","item":"https:\/\/pvpgrams.com\/shop\/"},{"@type":"ListItem","position":3,"name":"Buy Naphyrone (Naphthylpyrovalerone) Online"}]},{"@type":"WebSite","@id":"https:\/\/pvpgrams.com\/#website","url":"https:\/\/pvpgrams.com\/","name":"PVP \u514b\u6578","description":"","publisher":{"@id":"https:\/\/pvpgrams.com\/#organization"},"potentialAction":[{"@type":"SearchAction","target":{"@type":"EntryPoint","urlTemplate":"https:\/\/pvpgrams.com\/?s={search_term_string}"},"query-input":{"@type":"PropertyValueSpecification","valueRequired":true,"valueName":"search_term_string"}}],"inLanguage":"zh-TW"},{"@type":"Organization","@id":"https:\/\/pvpgrams.com\/#organization","name":"PVP \u514b\u6578","url":"https:\/\/pvpgrams.com\/","logo":{"@type":"ImageObject","inLanguage":"zh-TW","@id":"https:\/\/pvpgrams.com\/#\/schema\/logo\/image\/","url":"https:\/\/pvpgrams.com\/wp-content\/uploads\/2024\/10\/logo.png","contentUrl":"https:\/\/pvpgrams.com\/wp-content\/uploads\/2024\/10\/logo.png","width":181,"height":41,"caption":"PVP Grams"},"image":{"@id":"https:\/\/pvpgrams.com\/#\/schema\/logo\/image\/"}}]}},"_links":{"self":[{"href":"https:\/\/pvpgrams.com\/zh\/wp-json\/wp\/v2\/product\/1175","targetHints":{"allow":["GET"]}}],"collection":[{"href":"https:\/\/pvpgrams.com\/zh\/wp-json\/wp\/v2\/product"}],"about":[{"href":"https:\/\/pvpgrams.com\/zh\/wp-json\/wp\/v2\/types\/product"}],"replies":[{"embeddable":true,"href":"https:\/\/pvpgrams.com\/zh\/wp-json\/wp\/v2\/comments?post=1175"}],"wp:featuredmedia":[{"embeddable":true,"href":"https:\/\/pvpgrams.com\/zh\/wp-json\/wp\/v2\/media\/1451"}],"wp:attachment":[{"href":"https:\/\/pvpgrams.com\/zh\/wp-json\/wp\/v2\/media?parent=1175"}],"wp:term":[{"taxonomy":"product_brand","embeddable":true,"href":"https:\/\/pvpgrams.com\/zh\/wp-json\/wp\/v2\/product_brand?post=1175"},{"taxonomy":"product_cat","embeddable":true,"href":"https:\/\/pvpgrams.com\/zh\/wp-json\/wp\/v2\/product_cat?post=1175"},{"taxonomy":"product_tag","embeddable":true,"href":"https:\/\/pvpgrams.com\/zh\/wp-json\/wp\/v2\/product_tag?post=1175"}],"curies":[{"name":"wp","href":"https:\/\/api.w.org\/{rel}","templated":true}]}}