{"id":1211,"date":"2024-11-24T22:14:05","date_gmt":"2024-11-24T22:14:05","guid":{"rendered":"https:\/\/pvpgrams.com\/?post_type=product&#038;p=1211"},"modified":"2025-08-30T20:09:05","modified_gmt":"2025-08-30T20:09:05","slug":"4-mmc","status":"publish","type":"product","link":"https:\/\/pvpgrams.com\/zh\/product\/4-mmc\/","title":{"rendered":"\u7dda\u4e0a\u8cfc\u8cb7 4-MMC"},"content":{"rendered":"<h2 data-start=\"118\" data-end=\"172\"><strong data-start=\"118\" data-end=\"170\">\u4ece\u53ef\u9760\u7684\u7814\u7a76\u6765\u6e90\u5728\u7ebf\u8d2d\u4e704-MMC<\/strong><\/h2>\n<p data-start=\"174\" data-end=\"208\"><strong data-start=\"174\" data-end=\"206\">\u5728 Pvpgrams \u7dda\u4e0a\u8cfc\u8cb7 4-MMC<\/strong><\/p>\n<p data-start=\"210\" data-end=\"794\">4-MMC\uff084-\u7532\u57fa\u7532\u5361\u897f\u916e\uff09\uff0c\u53c8\u79f0\u7532\u6c27\u9ebb\u9ec4\u916e\uff0c\u662f\u4e00\u79cd\u5408\u6210\u7684\u5361\u897f\u916e\u7c7b\u5316\u5408\u7269\uff0c\u56e0\u5176\u523a\u6fc0\u6027\u800c\u5e7f\u53d7\u8ba4\u53ef\u3002\u5b83\u5df2\u5f15\u8d77\u79d1\u7814\u548c\u4e2a\u4eba\u63a2\u7d22\u7684\u5174\u8da3\u30024-MMC\u56e0\u5176\u72ec\u7279\u7684\u5316\u5b66\u7ed3\u6784\u800c\u5907\u53d7\u8ffd\u6367\uff0c\u662f\u7814\u7a76\u4eba\u5458\u548c\u5bfb\u6c42\u53ef\u9760\u5316\u5408\u7269\u8fdb\u884c\u7814\u7a76\u6216\u63a7\u5236\u4f53\u9a8c\u7684\u4e2a\u4eba\u7684\u7406\u60f3\u9009\u62e9\u3002Pvpgrams\u63d0\u4f9b\u9ad8\u54c1\u8d28\u76844-MMC\uff0c\u786e\u4fdd\u4ea4\u6613\u5b89\u5168\u3001\u5305\u88c5\u8c28\u614e\u3001\u914d\u9001\u5feb\u6377\u3002 <a href=\"https:\/\/pvpgrams.com\/zh\/product\/4-mmc\/\">\u7dda\u4e0a\u8cfc\u8cb7 4-MMC<\/a> \u4eca\u5929\u4ece\u53ef\u9760\u6765\u6e90\u83b7\u5f97\u3002<\/p>\n<h3 data-start=\"796\" data-end=\"832\">4-MMC \u7684\u61c9\u7528\u8207\u7528\u9014<\/h3>\n<p data-start=\"834\" data-end=\"875\"><strong data-start=\"834\" data-end=\"873\">\u79d1\u5b78\u7814\u7a76\u8207\u767c\u5c55<\/strong><\/p>\n<p data-start=\"877\" data-end=\"1100\"><a href=\"https:\/\/en.wikipedia.org\/wiki\/4-Methylcathinone\">4-MMC<\/a> \u5361\u897f\u916e\u5728\u5b9e\u9a8c\u5ba4\u4e2d\u7ecf\u5e38\u7528\u4e8e\u7814\u7a76\u5176\u5316\u5b66\u76f8\u4e92\u4f5c\u7528\u3001\u6548\u5e94\u548c\u6f5c\u5728\u5e94\u7528\u3002\u7814\u7a76\u4eba\u5458\u51fa\u4e8e\u836f\u7406\u5b66\u548c\u5b66\u672f\u76ee\u7684\u63a2\u7d22\u5176\u5728\u5361\u897f\u916e\u5bb6\u65cf\u4e2d\u7684\u4f5c\u7528\u3002<\/p>\n<p data-start=\"1102\" data-end=\"1137\"><strong data-start=\"1102\" data-end=\"1135\">\u63a2\u7d22\u8207\u611f\u5b98\u7814\u7a76<\/strong><\/p>\n<p data-start=\"1139\" data-end=\"1344\">\u0158\u00e1d 4-MMC se \u010dasto pou\u017e\u00edv\u00e1 v kontrolovan\u00e9m prost\u0159ed\u00ed pro smyslov\u00e9 zkoum\u00e1n\u00ed a osobn\u00ed studium. Jeho jedine\u010dn\u00e9 vlastnosti ho \u010din\u00ed obl\u00edben\u00fdm mezi jednotlivci, kte\u0159\u00ed hledaj\u00ed nov\u00e9 z\u00e1\u017eitky za bezpe\u010dn\u00fdch podm\u00ednek.<\/p>\n<p data-start=\"1346\" data-end=\"1389\"><strong data-start=\"1346\" data-end=\"1387\">\u5b78\u8853\u8207\u85e5\u7406\u8208\u8da3<\/strong><\/p>\n<p data-start=\"1391\" data-end=\"1582\">4-MMC \u56e0\u5176\u72ec\u7279\u7684\u5316\u5b66\u7279\u6027\u800c\u88ab\u7eb3\u5165\u5b66\u672f\u548c\u836f\u7406\u5b66\u7814\u7a76\uff0c\u4ee5\u66f4\u597d\u5730\u4e86\u89e3\u5361\u897f\u916e\u884d\u751f\u7269\u53ca\u5176\u6f5c\u5728\u5e94\u7528\u3002<\/p>\n<h3 data-start=\"1584\" data-end=\"1618\">\u70ba\u4ec0\u9ebc\u8981\u5f9e Pvpgrams \u8cfc\u8cb7 4-MMC\uff1f<\/h3>\n<p data-start=\"1620\" data-end=\"1753\">\u5728 Pvpgrams\uff0c\u6211\u4eec\u81f4\u529b\u4e8e\u63d0\u4f9b\u9ad8\u8d28\u91cf\u7684\u4ea7\u54c1\u548c\u5353\u8d8a\u7684\u670d\u52a1\uff0c\u4ee5\u786e\u4fdd\u65e0\u7f1d\u7684\u8d2d\u4e70\u4f53\u9a8c\u3002<\/p>\n<p data-start=\"1755\" data-end=\"1779\"><strong data-start=\"1755\" data-end=\"1777\">\u9ad8\u54c1\u8cea 4-MMC<\/strong><\/p>\n<p data-start=\"1781\" data-end=\"1938\">\u6211\u4eec\u51fa\u552e\u7684 4-MMC \u6765\u6e90\u8c28\u614e\uff0c\u5e76\u7ecf\u8fc7\u4e25\u683c\u7684\u7eaf\u5ea6\u548c\u4e00\u81f4\u6027\u6d4b\u8bd5\uff0c\u786e\u4fdd\u9002\u5408\u7814\u7a76\u548c\u53d7\u63a7\u63a2\u7d22\u3002<\/p>\n<p data-start=\"1940\" data-end=\"1978\"><strong data-start=\"1940\" data-end=\"1976\">\u5b89\u5168\u4e14\u4fdd\u5bc6\u7684\u4ea4\u6613<\/strong><\/p>\n<p data-start=\"1980\" data-end=\"2101\">\u5bf9\u4e8e\u6bcf\u4efd 4-MMC \u5728\u7ebf\u8ba2\u5355\uff0c\u6211\u4eec\u90fd\u5c06\u5ba2\u6237\u9690\u79c1\u653e\u5728\u9996\u4f4d\uff0c\u91c7\u7528\u8c28\u614e\u7684\u5305\u88c5\u548c\u5b89\u5168\u7684\u4ed8\u6b3e\u65b9\u5f0f\u3002<\/p>\n<p data-start=\"2103\" data-end=\"2135\"><strong data-start=\"2103\" data-end=\"2133\">\u5feb\u901f\u53ef\u9760\u7684\u4ea4\u8ca8<\/strong><\/p>\n<p data-start=\"2137\" data-end=\"2270\">\u6211\u4eec\u7684\u7269\u6d41\u7f51\u7edc\u786e\u4fdd\u60a8\u7684 4-MMC \u53ca\u65f6\u9001\u8fbe\u60a8\u7684\u6240\u5728\u5730\uff0c\u786e\u4fdd\u60a8\u7684\u7814\u7a76\u6216\u9879\u76ee\u6309\u8ba1\u5212\u8fdb\u884c\u3002<\/p>\n<p data-start=\"2272\" data-end=\"2312\"><strong data-start=\"2272\" data-end=\"2310\">\u50f9\u683c\u5408\u7406\u900f\u660e<\/strong><\/p>\n<p data-start=\"2314\" data-end=\"2458\">\u6211\u4eec\u63d0\u4f9b\u5177\u6709\u7ade\u4e89\u529b\u7684 4-MMC \u4ef7\u683c\u9009\u62e9\uff0c\u540c\u65f6\u4e0d\u5f71\u54cd\u8d28\u91cf\uff0c\u4e3a\u7814\u7a76\u4eba\u5458\u548c\u4e2a\u4eba\u63d0\u4f9b\u5353\u8d8a\u7684\u4ef7\u503c\u3002<\/p>\n<h3 data-start=\"2460\" data-end=\"2488\">\u7acb\u5373\u7dda\u4e0a\u8cfc\u8cb7 4-MMC<\/h3>\n<p data-start=\"2490\" data-end=\"2798\">\u6b63\u5728\u5bfb\u627e\u5728\u7ebf\u8d2d\u4e70 4-MMC \u7684\u6700\u4f73\u5e73\u53f0\uff1fPvpgrams \u63d0\u4f9b\u4f18\u8d28 4-MMC\uff0c\u4ea4\u6613\u5b89\u5168\u53ef\u9760\uff0c\u914d\u9001\u5feb\u6377\uff0c\u5e76\u63d0\u4f9b\u5feb\u901f\u54cd\u5e94\u7684\u5ba2\u6237\u670d\u52a1\u3002\u65e0\u8bba\u60a8\u662f\u7528\u4e8e\u7814\u7a76\u8fd8\u662f\u53d7\u63a7\u52d8\u63a2\uff0c\u7acb\u5373\u8ba2\u8d2d 4-MMC\uff0c\u4f53\u9a8c Pvpgrams \u7684\u53ef\u9760\u6027\u548c\u54c1\u8d28\u3002<\/p>","protected":false},"excerpt":{"rendered":"<p><strong>4-MMC (4-\u7532\u57fa\u7532\u5361\u897f\u916e)<\/strong>\u4e5f\u7a31\u70ba\u7532\u6c27\u9ebb\u9ec4\u916e\uff0c\u662f\u4e00\u7a2e\u5408\u6210\u8208\u596e\u5291\uff0c\u4f86\u81ea\u65bc <strong>\u5361\u897f\u916e\u985e<\/strong>\u56e0\u5176\u5c0d <strong>\u80fd\u6e90<\/strong>, <strong>\u6b23\u5feb<\/strong>\u4ee5\u53ca <strong>\u793e\u4ea4<\/strong>.\u5728\u5de5\u5ee0\u68ee\uff0c\u6211\u5011\u63d0\u4f9b <strong>\u9ad8\u7d14\u5ea6 4-MMC<\/strong> \u5c08\u70ba <strong>\u5316\u5b78\u7814\u7a76<\/strong> \u548c <strong>\u5de5\u696d\u61c9\u7528<\/strong>\u78ba\u4fdd\u512a\u826f\u54c1\u8cea\u548c\u53ef\u9760\u4ea4\u8ca8\u3002<\/p>\n<h3><strong>4-MMC \u5982\u4f55\u904b\u4f5c<\/strong><\/h3>\n<p>4-MMC \u6703\u589e\u52a0\u591a\u5df4\u80fa\u3001\u8840\u6e05\u7d20\u548c\u53bb\u7532\u814e\u4e0a\u817a\u7d20\u7684\u6d3b\u6027\uff0c\u7522\u751f\u523a\u6fc0\u548c\u81f4\u5e7b\u4f5c\u7528\u300215-45 \u5206\u9418\u5167\u8d77\u6548\uff0c\u85e5\u6548\u6301\u7e8c 3-6 \u5c0f\u6642\u3002<\/p>\n<h3><strong>\u7522\u54c1\u914d\u65b9<\/strong><\/h3>\n<ul>\n<li><strong>\u5316\u5b78\u54c1\u540d\u7a31<\/strong>:4-\u7532\u57fa\u7532\u5361\u897f\u916e<\/li>\n<li><strong>\u5206\u5b50\u5f0f<\/strong>:C11H15NO<\/li>\n<li><strong>\u6469\u723e\u8cea\u91cf<\/strong>:177.25 g\/mol<strong>4-MMC (4-\u7532\u57fa\u7532\u5361\u897f\u916e)<\/strong>\u4e5f\u7a31\u70ba\u7532\u6c27\u9ebb\u9ec4\u916e\uff0c\u662f\u4e00\u7a2e\u5408\u6210\u8208\u596e\u5291\uff0c\u4f86\u81ea\u65bc <strong>\u5361\u897f\u916e\u985e<\/strong>\u56e0\u5176\u5c0d <strong>\u80fd\u6e90<\/strong>, <strong>\u6b23\u5feb<\/strong>\u4ee5\u53ca <strong>\u793e\u4ea4<\/strong>.\u5728\u5de5\u5ee0\u68ee\uff0c\u6211\u5011\u63d0\u4f9b <strong>\u9ad8\u7d14\u5ea6 4-MMC<\/strong> \u5c08\u70ba <strong>\u5316\u5b78\u7814\u7a76<\/strong> \u548c <strong>\u5de5\u696d\u61c9\u7528<\/strong>\u78ba\u4fdd\u512a\u826f\u54c1\u8cea\u548c\u53ef\u9760\u4ea4\u8ca8\u3002<br \/>\n<h3><strong>4-MMC \u5982\u4f55\u904b\u4f5c<\/strong><\/h3>\n<p>4-MMC \u6703\u589e\u52a0\u591a\u5df4\u80fa\u3001\u8840\u6e05\u7d20\u548c\u53bb\u7532\u814e\u4e0a\u817a\u7d20\u7684\u6d3b\u6027\uff0c\u7522\u751f\u523a\u6fc0\u548c\u81f4\u5e7b\u4f5c\u7528\u300215-45 \u5206\u9418\u5167\u8d77\u6548\uff0c\u85e5\u6548\u6301\u7e8c 3-6 \u5c0f\u6642\u3002<\/p>\n<h3><strong>\u7522\u54c1\u914d\u65b9<\/strong><\/h3>\n<ul>\n<li><strong>\u5316\u5b78\u54c1\u540d\u7a31<\/strong>:4-\u7532\u57fa\u7532\u5361\u897f\u916e<\/li>\n<li><strong>\u5206\u5b50\u5f0f<\/strong>:C11H15NO<\/li>\n<li><strong>\u6469\u723e\u8cea\u91cf<\/strong>:177.25 g\/mol<\/li>\n<\/ul>\n<\/li>\n<\/ul>","protected":false},"featured_media":1433,"comment_status":"open","ping_status":"closed","template":"","meta":{"_kadence_starter_templates_imported_post":false,"_kad_post_transparent":"default","_kad_post_title":"","_kad_post_layout":"default","_kad_post_sidebar_id":"","_kad_post_content_style":"default","_kad_post_vertical_padding":"default","_kad_post_feature":"","_kad_post_feature_position":"","_kad_post_header":false,"_kad_post_footer":false,"_joinchat":[]},"product_brand":[],"product_cat":[54],"product_tag":[],"class_list":{"0":"post-1211","1":"product","2":"type-product","3":"status-publish","4":"has-post-thumbnail","6":"product_cat-4-mmc","8":"first","9":"instock","10":"shipping-taxable","11":"purchasable","12":"product-type-variable","13":"entry","14":"content-bg","15":"loop-entry"},"yoast_head":"<!-- This site is optimized with the Yoast SEO plugin v26.5 - https:\/\/yoast.com\/wordpress\/plugins\/seo\/ -->\n<title>Buy 4-MMC Online - 4-MMC Powder for Sale | PVP Grams<\/title>\n<meta name=\"description\" content=\"Discover top-notch 4 mmc for sale at our online store - buy 4 mmc powder conveniently and securely to fuel your research. Explore and buy 4 mmc online, advancing your scientific endeavors with ease. Order Now!\" \/>\n<meta name=\"robots\" content=\"index, follow, max-snippet:-1, max-image-preview:large, max-video-preview:-1\" \/>\n<link rel=\"canonical\" href=\"https:\/\/pvpgrams.com\/zh\/product\/4-mmc\/\" \/>\n<meta property=\"og:locale\" content=\"zh_TW\" \/>\n<meta property=\"og:type\" content=\"article\" \/>\n<meta property=\"og:title\" content=\"Buy 4-MMC Online - 4-MMC Powder for Sale | PVP Grams\" \/>\n<meta property=\"og:description\" content=\"Discover top-notch 4 mmc for sale at our online store - buy 4 mmc powder conveniently and securely to fuel your research. Explore and buy 4 mmc online, advancing your scientific endeavors with ease. Order Now!\" \/>\n<meta property=\"og:url\" content=\"https:\/\/pvpgrams.com\/zh\/product\/4-mmc\/\" \/>\n<meta property=\"og:site_name\" content=\"PVP Grams\" \/>\n<meta property=\"article:modified_time\" content=\"2025-08-30T20:09:05+00:00\" \/>\n<meta property=\"og:image\" content=\"https:\/\/pvpgrams.com\/wp-content\/uploads\/2024\/11\/Buy-4-MMC-Online.jpg\" \/>\n\t<meta property=\"og:image:width\" content=\"600\" \/>\n\t<meta property=\"og:image:height\" content=\"600\" \/>\n\t<meta property=\"og:image:type\" content=\"image\/jpeg\" \/>\n<meta name=\"twitter:card\" content=\"summary_large_image\" \/>\n<meta name=\"twitter:label1\" content=\"\u9810\u4f30\u95b1\u8b80\u6642\u9593\" \/>\n\t<meta name=\"twitter:data1\" content=\"2 \u5206\u9418\" \/>\n<script type=\"application\/ld+json\" class=\"yoast-schema-graph\">{\"@context\":\"https:\/\/schema.org\",\"@graph\":[{\"@type\":[\"WebPage\",\"ItemPage\"],\"@id\":\"https:\/\/pvpgrams.com\/product\/4-mmc\/\",\"url\":\"https:\/\/pvpgrams.com\/product\/4-mmc\/\",\"name\":\"Buy 4-MMC Online - 4-MMC Powder for Sale | PVP Grams\",\"isPartOf\":{\"@id\":\"https:\/\/pvpgrams.com\/#website\"},\"primaryImageOfPage\":{\"@id\":\"https:\/\/pvpgrams.com\/product\/4-mmc\/#primaryimage\"},\"image\":{\"@id\":\"https:\/\/pvpgrams.com\/product\/4-mmc\/#primaryimage\"},\"thumbnailUrl\":\"https:\/\/pvpgrams.com\/wp-content\/uploads\/2024\/11\/Buy-4-MMC-Online.jpg\",\"datePublished\":\"2024-11-24T22:14:05+00:00\",\"dateModified\":\"2025-08-30T20:09:05+00:00\",\"description\":\"Discover top-notch 4 mmc for sale at our online store - buy 4 mmc powder conveniently and securely to fuel your research. Explore and buy 4 mmc online, advancing your scientific endeavors with ease. Order Now!\",\"breadcrumb\":{\"@id\":\"https:\/\/pvpgrams.com\/product\/4-mmc\/#breadcrumb\"},\"inLanguage\":\"zh-TW\",\"potentialAction\":[{\"@type\":\"ReadAction\",\"target\":[\"https:\/\/pvpgrams.com\/product\/4-mmc\/\"]}]},{\"@type\":\"ImageObject\",\"inLanguage\":\"zh-TW\",\"@id\":\"https:\/\/pvpgrams.com\/product\/4-mmc\/#primaryimage\",\"url\":\"https:\/\/pvpgrams.com\/wp-content\/uploads\/2024\/11\/Buy-4-MMC-Online.jpg\",\"contentUrl\":\"https:\/\/pvpgrams.com\/wp-content\/uploads\/2024\/11\/Buy-4-MMC-Online.jpg\",\"width\":600,\"height\":600,\"caption\":\"Buy-4-MMC-Online\"},{\"@type\":\"BreadcrumbList\",\"@id\":\"https:\/\/pvpgrams.com\/product\/4-mmc\/#breadcrumb\",\"itemListElement\":[{\"@type\":\"ListItem\",\"position\":1,\"name\":\"Home\",\"item\":\"https:\/\/pvpgrams.com\/\"},{\"@type\":\"ListItem\",\"position\":2,\"name\":\"Shop\",\"item\":\"https:\/\/pvpgrams.com\/shop\/\"},{\"@type\":\"ListItem\",\"position\":3,\"name\":\"Buy 4-MMC Online\"}]},{\"@type\":\"WebSite\",\"@id\":\"https:\/\/pvpgrams.com\/#website\",\"url\":\"https:\/\/pvpgrams.com\/\",\"name\":\"PVP Grams\",\"description\":\"\",\"publisher\":{\"@id\":\"https:\/\/pvpgrams.com\/#organization\"},\"potentialAction\":[{\"@type\":\"SearchAction\",\"target\":{\"@type\":\"EntryPoint\",\"urlTemplate\":\"https:\/\/pvpgrams.com\/?s={search_term_string}\"},\"query-input\":{\"@type\":\"PropertyValueSpecification\",\"valueRequired\":true,\"valueName\":\"search_term_string\"}}],\"inLanguage\":\"zh-TW\"},{\"@type\":\"Organization\",\"@id\":\"https:\/\/pvpgrams.com\/#organization\",\"name\":\"PVP Grams\",\"url\":\"https:\/\/pvpgrams.com\/\",\"logo\":{\"@type\":\"ImageObject\",\"inLanguage\":\"zh-TW\",\"@id\":\"https:\/\/pvpgrams.com\/#\/schema\/logo\/image\/\",\"url\":\"https:\/\/pvpgrams.com\/wp-content\/uploads\/2024\/10\/logo.png\",\"contentUrl\":\"https:\/\/pvpgrams.com\/wp-content\/uploads\/2024\/10\/logo.png\",\"width\":181,\"height\":41,\"caption\":\"PVP Grams\"},\"image\":{\"@id\":\"https:\/\/pvpgrams.com\/#\/schema\/logo\/image\/\"}}]}<\/script>\n<!-- \/ Yoast SEO plugin. -->","yoast_head_json":{"title":"\u7dda\u4e0a\u8cfc\u8cb74-MMC - 4-MMC\u7c89\u672b\u51fa\u552e | PVP\u514b","description":"\u5728\u6211\u5011\u7684\u7dda\u4e0a\u5546\u5e97\u767c\u6398\u9802\u5c16\u7684 4 mmc \u92b7\u552e - \u65b9\u4fbf\u5b89\u5168\u5730\u8cfc\u8cb7 4 mmc \u7c89\u672b\uff0c\u52a9\u60a8\u7684\u7814\u7a76\u4e00\u81c2\u4e4b\u529b\u3002\u63a2\u7d22\u4e26\u7dda\u4e0a\u8cfc\u8cb7 4 mmc\uff0c\u8f15\u9b06\u63a8\u9032\u60a8\u7684\u79d1\u5b78\u7814\u7a76\u3002\u7acb\u5373\u8a02\u8cfc\uff01","robots":{"index":"index","follow":"follow","max-snippet":"max-snippet:-1","max-image-preview":"max-image-preview:large","max-video-preview":"max-video-preview:-1"},"canonical":"https:\/\/pvpgrams.com\/zh\/product\/4-mmc\/","og_locale":"zh_TW","og_type":"article","og_title":"Buy 4-MMC Online - 4-MMC Powder for Sale | PVP Grams","og_description":"Discover top-notch 4 mmc for sale at our online store - buy 4 mmc powder conveniently and securely to fuel your research. Explore and buy 4 mmc online, advancing your scientific endeavors with ease. Order Now!","og_url":"https:\/\/pvpgrams.com\/zh\/product\/4-mmc\/","og_site_name":"PVP Grams","article_modified_time":"2025-08-30T20:09:05+00:00","og_image":[{"width":600,"height":600,"url":"https:\/\/pvpgrams.com\/wp-content\/uploads\/2024\/11\/Buy-4-MMC-Online.jpg","type":"image\/jpeg"}],"twitter_card":"summary_large_image","twitter_misc":{"\u9810\u4f30\u95b1\u8b80\u6642\u9593":"2 \u5206\u9418"},"schema":{"@context":"https:\/\/schema.org","@graph":[{"@type":["WebPage","ItemPage"],"@id":"https:\/\/pvpgrams.com\/product\/4-mmc\/","url":"https:\/\/pvpgrams.com\/product\/4-mmc\/","name":"\u7dda\u4e0a\u8cfc\u8cb74-MMC - 4-MMC\u7c89\u672b\u51fa\u552e | PVP\u514b","isPartOf":{"@id":"https:\/\/pvpgrams.com\/#website"},"primaryImageOfPage":{"@id":"https:\/\/pvpgrams.com\/product\/4-mmc\/#primaryimage"},"image":{"@id":"https:\/\/pvpgrams.com\/product\/4-mmc\/#primaryimage"},"thumbnailUrl":"https:\/\/pvpgrams.com\/wp-content\/uploads\/2024\/11\/Buy-4-MMC-Online.jpg","datePublished":"2024-11-24T22:14:05+00:00","dateModified":"2025-08-30T20:09:05+00:00","description":"\u5728\u6211\u5011\u7684\u7dda\u4e0a\u5546\u5e97\u767c\u6398\u9802\u5c16\u7684 4 mmc \u92b7\u552e - \u65b9\u4fbf\u5b89\u5168\u5730\u8cfc\u8cb7 4 mmc \u7c89\u672b\uff0c\u52a9\u60a8\u7684\u7814\u7a76\u4e00\u81c2\u4e4b\u529b\u3002\u63a2\u7d22\u4e26\u7dda\u4e0a\u8cfc\u8cb7 4 mmc\uff0c\u8f15\u9b06\u63a8\u9032\u60a8\u7684\u79d1\u5b78\u7814\u7a76\u3002\u7acb\u5373\u8a02\u8cfc\uff01","breadcrumb":{"@id":"https:\/\/pvpgrams.com\/product\/4-mmc\/#breadcrumb"},"inLanguage":"zh-TW","potentialAction":[{"@type":"ReadAction","target":["https:\/\/pvpgrams.com\/product\/4-mmc\/"]}]},{"@type":"ImageObject","inLanguage":"zh-TW","@id":"https:\/\/pvpgrams.com\/product\/4-mmc\/#primaryimage","url":"https:\/\/pvpgrams.com\/wp-content\/uploads\/2024\/11\/Buy-4-MMC-Online.jpg","contentUrl":"https:\/\/pvpgrams.com\/wp-content\/uploads\/2024\/11\/Buy-4-MMC-Online.jpg","width":600,"height":600,"caption":"Buy-4-MMC-Online"},{"@type":"BreadcrumbList","@id":"https:\/\/pvpgrams.com\/product\/4-mmc\/#breadcrumb","itemListElement":[{"@type":"ListItem","position":1,"name":"Home","item":"https:\/\/pvpgrams.com\/"},{"@type":"ListItem","position":2,"name":"Shop","item":"https:\/\/pvpgrams.com\/shop\/"},{"@type":"ListItem","position":3,"name":"Buy 4-MMC Online"}]},{"@type":"WebSite","@id":"https:\/\/pvpgrams.com\/#website","url":"https:\/\/pvpgrams.com\/","name":"PVP \u514b\u6578","description":"","publisher":{"@id":"https:\/\/pvpgrams.com\/#organization"},"potentialAction":[{"@type":"SearchAction","target":{"@type":"EntryPoint","urlTemplate":"https:\/\/pvpgrams.com\/?s={search_term_string}"},"query-input":{"@type":"PropertyValueSpecification","valueRequired":true,"valueName":"search_term_string"}}],"inLanguage":"zh-TW"},{"@type":"Organization","@id":"https:\/\/pvpgrams.com\/#organization","name":"PVP \u514b\u6578","url":"https:\/\/pvpgrams.com\/","logo":{"@type":"ImageObject","inLanguage":"zh-TW","@id":"https:\/\/pvpgrams.com\/#\/schema\/logo\/image\/","url":"https:\/\/pvpgrams.com\/wp-content\/uploads\/2024\/10\/logo.png","contentUrl":"https:\/\/pvpgrams.com\/wp-content\/uploads\/2024\/10\/logo.png","width":181,"height":41,"caption":"PVP Grams"},"image":{"@id":"https:\/\/pvpgrams.com\/#\/schema\/logo\/image\/"}}]}},"_links":{"self":[{"href":"https:\/\/pvpgrams.com\/zh\/wp-json\/wp\/v2\/product\/1211","targetHints":{"allow":["GET"]}}],"collection":[{"href":"https:\/\/pvpgrams.com\/zh\/wp-json\/wp\/v2\/product"}],"about":[{"href":"https:\/\/pvpgrams.com\/zh\/wp-json\/wp\/v2\/types\/product"}],"replies":[{"embeddable":true,"href":"https:\/\/pvpgrams.com\/zh\/wp-json\/wp\/v2\/comments?post=1211"}],"wp:featuredmedia":[{"embeddable":true,"href":"https:\/\/pvpgrams.com\/zh\/wp-json\/wp\/v2\/media\/1433"}],"wp:attachment":[{"href":"https:\/\/pvpgrams.com\/zh\/wp-json\/wp\/v2\/media?parent=1211"}],"wp:term":[{"taxonomy":"product_brand","embeddable":true,"href":"https:\/\/pvpgrams.com\/zh\/wp-json\/wp\/v2\/product_brand?post=1211"},{"taxonomy":"product_cat","embeddable":true,"href":"https:\/\/pvpgrams.com\/zh\/wp-json\/wp\/v2\/product_cat?post=1211"},{"taxonomy":"product_tag","embeddable":true,"href":"https:\/\/pvpgrams.com\/zh\/wp-json\/wp\/v2\/product_tag?post=1211"}],"curies":[{"name":"wp","href":"https:\/\/api.w.org\/{rel}","templated":true}]}}