{"id":1213,"date":"2024-11-24T22:22:27","date_gmt":"2024-11-24T22:22:27","guid":{"rendered":"https:\/\/pvpgrams.com\/?post_type=product&#038;p=1213"},"modified":"2025-10-30T08:07:29","modified_gmt":"2025-10-30T08:07:29","slug":"4-aco-dmt","status":"publish","type":"product","link":"https:\/\/pvpgrams.com\/zh\/product\/4-aco-dmt\/","title":{"rendered":"\u7dda\u4e0a\u8cfc\u8cb7 4-AcO-DMT"},"content":{"rendered":"<h2 data-start=\"117\" data-end=\"175\"><strong data-start=\"117\" data-end=\"173\">\u4ece\u53ef\u9760\u7684\u7814\u7a76\u6765\u6e90\u5728\u7ebf\u8d2d\u4e70 4-AcO-DMT<\/strong><\/h2>\n<p data-start=\"177\" data-end=\"215\"><strong data-start=\"177\" data-end=\"213\">\u5728 Pvpgrams \u7dda\u4e0a\u8cfc\u8cb7 4-AcO-DMT<\/strong><\/p>\n<p data-start=\"217\" data-end=\"793\"><a href=\"https:\/\/pvpgrams.com\/zh\/product\/4-aco-dmt\/\">\u7dda\u4e0a\u8cfc\u8cb7 4-AcO-DMT<\/a> 4-\u4e59\u9170\u6c27\u57fa-N,N-\u4e8c\u7532\u57fa\u8272\u80fa (4-AcO-DMT) \u662f\u4e00\u79cd\u5408\u6210\u7684\u8272\u80fa\u5316\u5408\u7269\uff0c\u5176\u7ed3\u6784\u4e0e\u88f8\u76d6\u83c7\u7d20\u76f8\u4f3c\u3002\u5176\u72ec\u7279\u7684\u6027\u8d28\u4f7f\u5176\u6210\u4e3a\u79d1\u5b66\u7814\u7a76\u548c\u4e2a\u4eba\u63a2\u7d22\u7684\u70ed\u95e8\u5bf9\u8c61\u30024-\u4e59\u9170\u6c27\u57fa-DMT \u56e0\u5176\u7528\u9014\u5e7f\u6cdb\u800c\u95fb\u540d\uff0c\u5e7f\u6cdb\u5e94\u7528\u4e8e\u5b9e\u9a8c\u5ba4\u7814\u7a76\u5176\u5bf9\u611f\u77e5\u3001\u8ba4\u77e5\u548c\u610f\u8bc6\u7684\u5f71\u54cd\u3002Pvpgrams \u63d0\u4f9b\u9ad8\u54c1\u8d28\u7684 4-\u4e59\u9170\u6c27\u57fa-DMT\uff0c\u786e\u4fdd\u4ea4\u6613\u5b89\u5168\u3001\u5305\u88c5\u8c28\u614e\u3001\u914d\u9001\u5feb\u6377\u3001\u5b8c\u5168\u53ef\u9760\u3002\u7acb\u5373\u4ece\u503c\u5f97\u4fe1\u8d56\u7684\u4f9b\u5e94\u5546\u5904\u5728\u7ebf\u8d2d\u4e70 4-\u4e59\u9170\u6c27\u57fa-DMT\u3002<\/p>\n<h3 data-start=\"795\" data-end=\"835\">4-AcO-DMT \u7684\u61c9\u7528\u8207\u7528\u9014<\/h3>\n<p data-start=\"837\" data-end=\"881\"><strong data-start=\"837\" data-end=\"879\">\u79d1\u5b78\u7814\u7a76\u8207\u5b78\u8853\u7814\u7a76<\/strong><\/p>\n<p data-start=\"883\" data-end=\"1275\">\u5728\u60a8 <a href=\"https:\/\/en.wikipedia.org\/wiki\/4-AcO-DMT\">\u8d2d\u4e70 4-AcO-DMT<\/a>\u4e86\u89e3\u5176\u5728\u7814\u7a76\u4e2d\u7684\u5e38\u89c1\u5e94\u7528\u81f3\u5173\u91cd\u8981\u30024-AcO-DMT \u5e38\u7528\u4e8e\u5b9e\u9a8c\u5ba4\u548c\u5b66\u672f\u7814\u7a76\uff0c\u4ee5\u7814\u7a76\u5176\u4e0e\u795e\u7ecf\u53d7\u4f53\u7684\u76f8\u4e92\u4f5c\u7528\u53ca\u5176\u5728\u795e\u7ecf\u79d1\u5b66\u548c\u7cbe\u795e\u836f\u7406\u5b66\u4e2d\u7684\u6f5c\u529b\u3002\u7814\u7a76\u4eba\u5458\u63a2\u7d22\u4e86\u5176\u4e0e\u88f8\u76d6\u83c7\u7d20\u7684\u7ed3\u6784\u76f8\u4f3c\u6027\u53ca\u5176\u5bf9\u610f\u8bc6\u72b6\u6001\u6539\u53d8\u7684\u5f71\u54cd\u3002<\/p>\n<p data-start=\"1277\" data-end=\"1317\"><strong data-start=\"1277\" data-end=\"1315\">\u63a2\u7d22\u8207\u611f\u77e5\u7814\u7a76<\/strong><\/p>\n<p data-start=\"1319\" data-end=\"1573\">\u5728\u53d7\u63a7\u7814\u7a76\u73af\u5883\u4e2d\uff0c\u4e2a\u4eba\u7ecf\u5e38\u5bfb\u6c42 4-AcO-DMT \u6765\u63d0\u5347\u4e2a\u4eba\u6d1e\u5bdf\u529b\u3001\u8fdb\u884c\u521b\u9020\u6027\u63a2\u7d22\u5e76\u589e\u5f3a\u611f\u5b98\u4f53\u9a8c\u3002\u5176\u72ec\u7279\u7684\u7279\u6027\u4f7f\u5176\u6210\u4e3a\u81ea\u6211\u63a2\u7d22\u548c\u5b9e\u9a8c\u7814\u7a76\u4e2d\u7684\u70ed\u95e8\u5316\u5408\u7269\u3002<\/p>\n<h3 data-start=\"1799\" data-end=\"1837\">\u70ba\u4ec0\u9ebc\u8981\u5f9e Pvpgrams \u8cfc\u8cb7 4-AcO-DMT\uff1f<\/h3>\n<p data-start=\"1839\" data-end=\"1939\">\u5728 Pvpgrams\uff0c\u6211\u4eec\u4e13\u6ce8\u4e8e\u4e3a\u7814\u7a76\u4eba\u5458\u548c\u63a2\u9669\u5bb6\u63d0\u4f9b\u4f18\u8d28\u53ef\u9760\u7684\u670d\u52a1\u3002<\/p>\n<p data-start=\"1941\" data-end=\"1969\"><strong data-start=\"1941\" data-end=\"1967\">\u9ad8\u54c1\u8cea 4-AcO-DMT<\/strong><\/p>\n<p data-start=\"1971\" data-end=\"2126\">\u6211\u4eec\u51fa\u552e\u7684 4-AcO-DMT \u662f\u5728\u4e25\u683c\u7684\u8d28\u91cf\u63a7\u5236\u4e0b\u751f\u4ea7\u7684\uff0c\u786e\u4fdd\u6240\u6709\u7814\u7a76\u548c\u5b9e\u9a8c\u76ee\u7684\u7684\u6700\u9ad8\u7eaf\u5ea6\u548c\u4e00\u81f4\u6027\u3002<\/p>\n<p data-start=\"2128\" data-end=\"2166\"><strong data-start=\"2128\" data-end=\"2164\">\u5b89\u5168\u4e14\u4fdd\u5bc6\u7684\u4ea4\u6613<\/strong><\/p>\n<p data-start=\"2168\" data-end=\"2293\">Va\u0161e soukrom\u00ed je pro n\u00e1s prioritou. V\u0161echny online objedn\u00e1vky 4-AcO-DMT jsou zpracov\u00e1v\u00e1ny bezpe\u010dn\u011b a odes\u00edl\u00e1ny diskr\u00e9tn\u011b zabalen\u00e9.<\/p>\n<p data-start=\"2295\" data-end=\"2327\"><strong data-start=\"2295\" data-end=\"2325\">\u5feb\u901f\u53ef\u9760\u7684\u4ea4\u8ca8<\/strong><\/p>\n<p data-start=\"2329\" data-end=\"2452\">\u6211\u4eec\u4fdd\u8bc1\u53ca\u65f6\u5c06 4-AcO-DMT \u8fd0\u9001\u5230\u60a8\u7684\u6240\u5728\u5730\uff0c\u4ee5\u786e\u4fdd\u7814\u7a76\u9879\u76ee\u80fd\u591f\u53ca\u65f6\u8fdb\u884c\u3002<\/p>\n<p data-start=\"2454\" data-end=\"2478\"><strong data-start=\"2454\" data-end=\"2476\">\u7d93\u6fdf\u5be6\u60e0\u7684\u5b9a\u50f9<\/strong><\/p>\n<p data-start=\"2480\" data-end=\"2583\">\u6211\u4eec\u7684 4-AcO-DMT \u4ef7\u683c\u5177\u6709\u7ade\u4e89\u529b\uff0c\u4ee5\u53ef\u627f\u53d7\u7684\u4ef7\u683c\u63d0\u4f9b\u9ad8\u8d28\u91cf\u7684\u7814\u7a76\u6750\u6599\u3002<\/p>\n<h3 data-start=\"2585\" data-end=\"2617\">\u7acb\u5373\u7dda\u4e0a\u8cfc\u8cb7 4-AcO-DMT<\/h3>\n<p data-start=\"2619\" data-end=\"2929\">\u6b63\u5728\u5bfb\u627e\u5728\u7ebf\u8d2d\u4e70 4-AcO-DMT \u7684\u6700\u4f73\u5730\u70b9\uff1fPvpgrams \u63d0\u4f9b\u4f18\u8d28\u7684 4-AcO-DMT\uff0c\u5e76\u63d0\u4f9b\u5b89\u5168\u652f\u4ed8\u3001\u5feb\u901f\u914d\u9001\u548c\u5353\u8d8a\u7684\u5ba2\u6237\u652f\u6301\u3002\u65e0\u8bba\u60a8\u662f\u7528\u4e8e\u79d1\u5b66\u7814\u7a76\u8fd8\u662f\u4e2a\u4eba\u63a2\u7d22\uff0c\u90fd\u53ef\u4ee5\u7acb\u5373\u5728\u7ebf\u8d2d\u4e70 4-AcO-DMT\uff0c\u4f53\u9a8c\u503c\u5f97\u4fe1\u8d56\u7684\u53ef\u9760\u6765\u6e90\u3002<\/p>","protected":false},"excerpt":{"rendered":"<p><strong>4-AcO-DMT (4-\u4e59\u9170\u6c27\u57fa-N,N-\u4e8c\u7532\u57fa\u8272\u80fa)<\/strong>\u662f\u4e00\u7a2e\u4eba\u5de5\u5408\u6210\u7684\u8272\u80fa\u5316\u5408\u7269\uff0c\u662fpsilocin\u7684\u539f\u85e5\uff0c\u4ee5\u5176 <strong>\u8ff7\u5e7b\u85e5\u6027<\/strong>.\u5728\u5de5\u5ee0\u68ee\uff0c\u6211\u5011\u63d0\u4f9b <strong>\u9ad8\u7d14\u5ea6 4-AcO-DMT<\/strong> \u70ba <strong>\u795e\u7d93\u79d1\u5b78\u7814\u7a76<\/strong>, <strong>\u5316\u5b78\u7814\u7a76<\/strong>\u4ee5\u53ca <strong>\u5de5\u696d\u61c9\u7528<\/strong>\u78ba\u4fdd\u6700\u9ad8\u54c1\u8cea\u548c\u5b89\u5168\u7684\u4ea4\u8ca8\u3002<\/p>\n<h3><strong>4-AcO-DMT \u5982\u4f55\u904b\u4f5c<\/strong><\/h3>\n<p>4-AcO-DMT \u6703\u4ee3\u8b1d\u70ba psilocin\uff0c\u4f5c\u7528\u65bc <strong>\u8840\u6e05\u7d20\u53d7\u9ad4<\/strong> (5-HT2A\uff09\u7522\u751f\u6df1\u523b\u7684 <strong>\u8996\u89ba\u6548\u679c<\/strong>, <strong>\u60c5\u7dd2\u53cd\u7701<\/strong>\u4ee5\u53ca <strong>\u6642\u9593\u611f\u6539\u8b8a<\/strong>.20-40 \u5206\u9418\u5167\u8d77\u6548\uff0c\u85e5\u6548\u6301\u7e8c 4-6 \u5c0f\u6642\u3002<\/p>\n<h3><strong>\u7522\u54c1\u914d\u65b9<\/strong><\/h3>\n<ul>\n<li><strong>\u5316\u5b78\u54c1\u540d\u7a31<\/strong>:4-\u4e59\u9170\u6c27\u57fa-N,N-\u4e8c\u7532\u57fa\u8272\u80fa<\/li>\n<li><strong>\u5206\u5b50\u5f0f<\/strong>:C14H18N2O2<\/li>\n<li><strong>\u6469\u723e\u8cea\u91cf<\/strong>: 246.31 g\/mol<\/li>\n<\/ul>","protected":false},"featured_media":1214,"comment_status":"open","ping_status":"closed","template":"","meta":{"_kadence_starter_templates_imported_post":false,"_kad_post_transparent":"default","_kad_post_title":"","_kad_post_layout":"default","_kad_post_sidebar_id":"","_kad_post_content_style":"default","_kad_post_vertical_padding":"default","_kad_post_feature":"","_kad_post_feature_position":"","_kad_post_header":false,"_kad_post_footer":false,"_joinchat":[]},"product_brand":[],"product_cat":[53,55,58,139],"product_tag":[],"class_list":{"0":"post-1213","1":"product","2":"type-product","3":"status-publish","4":"has-post-thumbnail","6":"product_cat-4-aco-dmt","7":"product_cat-5-meo-dmt","8":"product_cat-dmt","9":"product_cat-dmt-vape","11":"first","12":"instock","13":"shipping-taxable","14":"purchasable","15":"product-type-variable","16":"entry","17":"content-bg","18":"loop-entry"},"yoast_head":"<!-- This site is optimized with the Yoast SEO plugin v26.5 - https:\/\/yoast.com\/wordpress\/plugins\/seo\/ -->\n<title>Buy 4-AcO-DMT Online - 4-AcO-DMT Powder for Sale<\/title>\n<meta name=\"description\" content=\"Find premium 4 aco dmt powder for sale at our online store, providing a secure platform to buy 4 aco dmt online with ease, catering to your research needs.\" \/>\n<meta name=\"robots\" content=\"index, follow, max-snippet:-1, max-image-preview:large, max-video-preview:-1\" \/>\n<link rel=\"canonical\" href=\"https:\/\/pvpgrams.com\/zh\/product\/4-aco-dmt\/\" \/>\n<meta property=\"og:locale\" content=\"zh_TW\" \/>\n<meta property=\"og:type\" content=\"article\" \/>\n<meta property=\"og:title\" content=\"Buy 4-AcO-DMT Online - 4-AcO-DMT Powder for Sale\" \/>\n<meta property=\"og:description\" content=\"Find premium 4 aco dmt powder for sale at our online store, providing a secure platform to buy 4 aco dmt online with ease, catering to your research needs.\" \/>\n<meta property=\"og:url\" content=\"https:\/\/pvpgrams.com\/zh\/product\/4-aco-dmt\/\" \/>\n<meta property=\"og:site_name\" content=\"PVP Grams\" \/>\n<meta property=\"article:modified_time\" content=\"2025-10-30T08:07:29+00:00\" \/>\n<meta property=\"og:image\" content=\"https:\/\/pvpgrams.com\/wp-content\/uploads\/2024\/11\/DMT-Bestellen-2.jpg\" \/>\n\t<meta property=\"og:image:width\" content=\"300\" \/>\n\t<meta property=\"og:image:height\" content=\"300\" \/>\n\t<meta property=\"og:image:type\" content=\"image\/jpeg\" \/>\n<meta name=\"twitter:card\" content=\"summary_large_image\" \/>\n<meta name=\"twitter:label1\" content=\"\u9810\u4f30\u95b1\u8b80\u6642\u9593\" \/>\n\t<meta name=\"twitter:data1\" content=\"2 \u5206\u9418\" \/>\n<script type=\"application\/ld+json\" class=\"yoast-schema-graph\">{\"@context\":\"https:\/\/schema.org\",\"@graph\":[{\"@type\":[\"WebPage\",\"ItemPage\"],\"@id\":\"https:\/\/pvpgrams.com\/product\/4-aco-dmt\/\",\"url\":\"https:\/\/pvpgrams.com\/product\/4-aco-dmt\/\",\"name\":\"Buy 4-AcO-DMT Online - 4-AcO-DMT Powder for Sale\",\"isPartOf\":{\"@id\":\"https:\/\/pvpgrams.com\/#website\"},\"primaryImageOfPage\":{\"@id\":\"https:\/\/pvpgrams.com\/product\/4-aco-dmt\/#primaryimage\"},\"image\":{\"@id\":\"https:\/\/pvpgrams.com\/product\/4-aco-dmt\/#primaryimage\"},\"thumbnailUrl\":\"https:\/\/pvpgrams.com\/wp-content\/uploads\/2024\/11\/DMT-Bestellen-2.jpg\",\"datePublished\":\"2024-11-24T22:22:27+00:00\",\"dateModified\":\"2025-10-30T08:07:29+00:00\",\"description\":\"Find premium 4 aco dmt powder for sale at our online store, providing a secure platform to buy 4 aco dmt online with ease, catering to your research needs.\",\"breadcrumb\":{\"@id\":\"https:\/\/pvpgrams.com\/product\/4-aco-dmt\/#breadcrumb\"},\"inLanguage\":\"zh-TW\",\"potentialAction\":[{\"@type\":\"ReadAction\",\"target\":[\"https:\/\/pvpgrams.com\/product\/4-aco-dmt\/\"]}]},{\"@type\":\"ImageObject\",\"inLanguage\":\"zh-TW\",\"@id\":\"https:\/\/pvpgrams.com\/product\/4-aco-dmt\/#primaryimage\",\"url\":\"https:\/\/pvpgrams.com\/wp-content\/uploads\/2024\/11\/DMT-Bestellen-2.jpg\",\"contentUrl\":\"https:\/\/pvpgrams.com\/wp-content\/uploads\/2024\/11\/DMT-Bestellen-2.jpg\",\"width\":300,\"height\":300,\"caption\":\"Buy 4-AcO-DMT Online\"},{\"@type\":\"BreadcrumbList\",\"@id\":\"https:\/\/pvpgrams.com\/product\/4-aco-dmt\/#breadcrumb\",\"itemListElement\":[{\"@type\":\"ListItem\",\"position\":1,\"name\":\"Home\",\"item\":\"https:\/\/pvpgrams.com\/\"},{\"@type\":\"ListItem\",\"position\":2,\"name\":\"Shop\",\"item\":\"https:\/\/pvpgrams.com\/shop\/\"},{\"@type\":\"ListItem\",\"position\":3,\"name\":\"Buy 4-AcO-DMT Online\"}]},{\"@type\":\"WebSite\",\"@id\":\"https:\/\/pvpgrams.com\/#website\",\"url\":\"https:\/\/pvpgrams.com\/\",\"name\":\"PVP Grams\",\"description\":\"\",\"publisher\":{\"@id\":\"https:\/\/pvpgrams.com\/#organization\"},\"potentialAction\":[{\"@type\":\"SearchAction\",\"target\":{\"@type\":\"EntryPoint\",\"urlTemplate\":\"https:\/\/pvpgrams.com\/?s={search_term_string}\"},\"query-input\":{\"@type\":\"PropertyValueSpecification\",\"valueRequired\":true,\"valueName\":\"search_term_string\"}}],\"inLanguage\":\"zh-TW\"},{\"@type\":\"Organization\",\"@id\":\"https:\/\/pvpgrams.com\/#organization\",\"name\":\"PVP Grams\",\"url\":\"https:\/\/pvpgrams.com\/\",\"logo\":{\"@type\":\"ImageObject\",\"inLanguage\":\"zh-TW\",\"@id\":\"https:\/\/pvpgrams.com\/#\/schema\/logo\/image\/\",\"url\":\"https:\/\/pvpgrams.com\/wp-content\/uploads\/2024\/10\/logo.png\",\"contentUrl\":\"https:\/\/pvpgrams.com\/wp-content\/uploads\/2024\/10\/logo.png\",\"width\":181,\"height\":41,\"caption\":\"PVP Grams\"},\"image\":{\"@id\":\"https:\/\/pvpgrams.com\/#\/schema\/logo\/image\/\"}}]}<\/script>\n<!-- \/ Yoast SEO plugin. -->","yoast_head_json":{"title":"\u7dda\u4e0a\u8cfc\u8cb74-AcO-DMT - 4-AcO-DMT\u7c89\u672b\u92b7\u552e","description":"\u5728\u6211\u5011\u7684\u7dda\u4e0a\u5546\u5e97\u627e\u5230\u512a\u8cea\u7684 4 aco dmt \u7c89\u672b\u92b7\u552e\uff0c\u63d0\u4f9b\u4e00\u500b\u5b89\u5168\u7684\u5e73\u53f0\uff0c\u8f15\u9b06\u5730\u5728\u7dda\u8cfc\u8cb7 4 aco dmt\uff0c\u6eff\u8db3\u60a8\u7684\u7814\u7a76\u9700\u6c42\u3002","robots":{"index":"index","follow":"follow","max-snippet":"max-snippet:-1","max-image-preview":"max-image-preview:large","max-video-preview":"max-video-preview:-1"},"canonical":"https:\/\/pvpgrams.com\/zh\/product\/4-aco-dmt\/","og_locale":"zh_TW","og_type":"article","og_title":"Buy 4-AcO-DMT Online - 4-AcO-DMT Powder for Sale","og_description":"Find premium 4 aco dmt powder for sale at our online store, providing a secure platform to buy 4 aco dmt online with ease, catering to your research needs.","og_url":"https:\/\/pvpgrams.com\/zh\/product\/4-aco-dmt\/","og_site_name":"PVP Grams","article_modified_time":"2025-10-30T08:07:29+00:00","og_image":[{"width":300,"height":300,"url":"https:\/\/pvpgrams.com\/wp-content\/uploads\/2024\/11\/DMT-Bestellen-2.jpg","type":"image\/jpeg"}],"twitter_card":"summary_large_image","twitter_misc":{"\u9810\u4f30\u95b1\u8b80\u6642\u9593":"2 \u5206\u9418"},"schema":{"@context":"https:\/\/schema.org","@graph":[{"@type":["WebPage","ItemPage"],"@id":"https:\/\/pvpgrams.com\/product\/4-aco-dmt\/","url":"https:\/\/pvpgrams.com\/product\/4-aco-dmt\/","name":"\u7dda\u4e0a\u8cfc\u8cb74-AcO-DMT - 4-AcO-DMT\u7c89\u672b\u92b7\u552e","isPartOf":{"@id":"https:\/\/pvpgrams.com\/#website"},"primaryImageOfPage":{"@id":"https:\/\/pvpgrams.com\/product\/4-aco-dmt\/#primaryimage"},"image":{"@id":"https:\/\/pvpgrams.com\/product\/4-aco-dmt\/#primaryimage"},"thumbnailUrl":"https:\/\/pvpgrams.com\/wp-content\/uploads\/2024\/11\/DMT-Bestellen-2.jpg","datePublished":"2024-11-24T22:22:27+00:00","dateModified":"2025-10-30T08:07:29+00:00","description":"\u5728\u6211\u5011\u7684\u7dda\u4e0a\u5546\u5e97\u627e\u5230\u512a\u8cea\u7684 4 aco dmt \u7c89\u672b\u92b7\u552e\uff0c\u63d0\u4f9b\u4e00\u500b\u5b89\u5168\u7684\u5e73\u53f0\uff0c\u8f15\u9b06\u5730\u5728\u7dda\u8cfc\u8cb7 4 aco dmt\uff0c\u6eff\u8db3\u60a8\u7684\u7814\u7a76\u9700\u6c42\u3002","breadcrumb":{"@id":"https:\/\/pvpgrams.com\/product\/4-aco-dmt\/#breadcrumb"},"inLanguage":"zh-TW","potentialAction":[{"@type":"ReadAction","target":["https:\/\/pvpgrams.com\/product\/4-aco-dmt\/"]}]},{"@type":"ImageObject","inLanguage":"zh-TW","@id":"https:\/\/pvpgrams.com\/product\/4-aco-dmt\/#primaryimage","url":"https:\/\/pvpgrams.com\/wp-content\/uploads\/2024\/11\/DMT-Bestellen-2.jpg","contentUrl":"https:\/\/pvpgrams.com\/wp-content\/uploads\/2024\/11\/DMT-Bestellen-2.jpg","width":300,"height":300,"caption":"Buy 4-AcO-DMT Online"},{"@type":"BreadcrumbList","@id":"https:\/\/pvpgrams.com\/product\/4-aco-dmt\/#breadcrumb","itemListElement":[{"@type":"ListItem","position":1,"name":"Home","item":"https:\/\/pvpgrams.com\/"},{"@type":"ListItem","position":2,"name":"Shop","item":"https:\/\/pvpgrams.com\/shop\/"},{"@type":"ListItem","position":3,"name":"Buy 4-AcO-DMT Online"}]},{"@type":"WebSite","@id":"https:\/\/pvpgrams.com\/#website","url":"https:\/\/pvpgrams.com\/","name":"PVP \u514b\u6578","description":"","publisher":{"@id":"https:\/\/pvpgrams.com\/#organization"},"potentialAction":[{"@type":"SearchAction","target":{"@type":"EntryPoint","urlTemplate":"https:\/\/pvpgrams.com\/?s={search_term_string}"},"query-input":{"@type":"PropertyValueSpecification","valueRequired":true,"valueName":"search_term_string"}}],"inLanguage":"zh-TW"},{"@type":"Organization","@id":"https:\/\/pvpgrams.com\/#organization","name":"PVP \u514b\u6578","url":"https:\/\/pvpgrams.com\/","logo":{"@type":"ImageObject","inLanguage":"zh-TW","@id":"https:\/\/pvpgrams.com\/#\/schema\/logo\/image\/","url":"https:\/\/pvpgrams.com\/wp-content\/uploads\/2024\/10\/logo.png","contentUrl":"https:\/\/pvpgrams.com\/wp-content\/uploads\/2024\/10\/logo.png","width":181,"height":41,"caption":"PVP Grams"},"image":{"@id":"https:\/\/pvpgrams.com\/#\/schema\/logo\/image\/"}}]}},"_links":{"self":[{"href":"https:\/\/pvpgrams.com\/zh\/wp-json\/wp\/v2\/product\/1213","targetHints":{"allow":["GET"]}}],"collection":[{"href":"https:\/\/pvpgrams.com\/zh\/wp-json\/wp\/v2\/product"}],"about":[{"href":"https:\/\/pvpgrams.com\/zh\/wp-json\/wp\/v2\/types\/product"}],"replies":[{"embeddable":true,"href":"https:\/\/pvpgrams.com\/zh\/wp-json\/wp\/v2\/comments?post=1213"}],"wp:featuredmedia":[{"embeddable":true,"href":"https:\/\/pvpgrams.com\/zh\/wp-json\/wp\/v2\/media\/1214"}],"wp:attachment":[{"href":"https:\/\/pvpgrams.com\/zh\/wp-json\/wp\/v2\/media?parent=1213"}],"wp:term":[{"taxonomy":"product_brand","embeddable":true,"href":"https:\/\/pvpgrams.com\/zh\/wp-json\/wp\/v2\/product_brand?post=1213"},{"taxonomy":"product_cat","embeddable":true,"href":"https:\/\/pvpgrams.com\/zh\/wp-json\/wp\/v2\/product_cat?post=1213"},{"taxonomy":"product_tag","embeddable":true,"href":"https:\/\/pvpgrams.com\/zh\/wp-json\/wp\/v2\/product_tag?post=1213"}],"curies":[{"name":"wp","href":"https:\/\/api.w.org\/{rel}","templated":true}]}}