{"id":1803,"date":"2025-05-16T07:11:06","date_gmt":"2025-05-16T07:11:06","guid":{"rendered":"https:\/\/pvpgrams.com\/?post_type=product&#038;p=1803"},"modified":"2025-08-21T13:06:13","modified_gmt":"2025-08-21T13:06:13","slug":"khat","status":"publish","type":"product","link":"https:\/\/pvpgrams.com\/zh\/product\/khat\/","title":{"rendered":"\u5361\u5854"},"content":{"rendered":"<h2 data-start=\"116\" data-end=\"184\">\u5728\u7ebf\u8d2d\u4e70\u771f\u5047\u5361\u5854\u53f6\u2014\u2014\u4f18\u8d28\u5929\u7136\u8349\u672c\u5174\u594b\u5242<\/h2>\n<p data-start=\"186\" data-end=\"802\">\u5728\u7ebf\u8d2d\u4e70\u771f\u5047\u5361\u5854\u53f6\uff0c\u53ef\u4ece\u503c\u5f97\u4fe1\u8d56\u7684\u4f9b\u5e94\u5546\u5904\u8d2d\u4e70\uff0c\u8fd9\u4e9b\u4f9b\u5e94\u5546\u63d0\u4f9b\u9ad8\u54c1\u8d28\u7684\u5361\u5854\u53f6\uff0c\u5176\u539f\u6599\u6765\u81ea\u5361\u5854\u53f6\u704c\u6728\u3002\u5361\u5854\u53f6\u4f20\u7edf\u4e0a\u5e7f\u6cdb\u7528\u4e8e\u4e1c\u975e\u548c\u963f\u62c9\u4f2f\u534a\u5c9b\u3002 <a href=\"https:\/\/pvpgrams.com\/zh\/product\/khat\/\">\u5728\u7ebf\u8d2d\u4e70\u5361\u5854\u53f6<\/a> poskytuje p\u0159\u00edrodn\u00ed stimulant zn\u00e1m\u00fd sv\u00fdmi psychoaktivn\u00edmi \u00fa\u010dinky. P\u0159i \u017ev\u00fdk\u00e1n\u00ed \u010derstv\u00fdch list\u016f se uvol\u0148uje katinon \u2013 slou\u010denina, kter\u00e1 m\u016f\u017ee zv\u00fd\u0161it bd\u011blost, pos\u00edlit spole\u010denskou aktivitu a vytvo\u0159it m\u00edrn\u00fd euforick\u00fd stav. Pro ty, kte\u0159\u00ed maj\u00ed z\u00e1jem o prozkoum\u00e1n\u00ed tohoto kulturn\u011b v\u00fdznamn\u00e9ho bylinn\u00e9ho stimulantu, renomovan\u00ed prodejci umo\u017e\u0148uj\u00ed snadn\u00e9 a diskr\u00e9tn\u00ed objedn\u00e1n\u00ed prav\u00e9ho nebo fale\u0161n\u00e9ho Khatu online.<\/p>\n<h3 data-start=\"809\" data-end=\"847\">\u4ec0\u9ebc\u662f\u963f\u62c9\u4f2f\u8336\uff0c\u5982\u4f55\u4f7f\u7528\uff1f<\/h3>\n<p data-start=\"849\" data-end=\"1231\"><a href=\"https:\/\/en.wikipedia.org\/wiki\/Khat\">\u5361\u5854<\/a> \u5361\u5854\u53f6\u662f\u4e00\u79cd\u5929\u7136\u5174\u594b\u5242\uff0c\u7531\u963f\u62c9\u4f2f\u8336\uff08Catha edulis\uff09\u7684\u53f6\u5b50\u3001\u5ae9\u679d\u548c\u5ae9\u82bd\u5236\u6210\u3002\u5480\u56bc\u540e\uff0c\u6d3b\u6027\u6210\u5206\u5361\u897f\u916e\u4f1a\u91ca\u653e\u51fa\u6765\uff0c\u5e26\u6765\u4e00\u7cfb\u5217\u529f\u6548\uff0c\u4f8b\u5982\u63d0\u5347\u80fd\u91cf\u3001\u589e\u5f3a\u6ce8\u610f\u529b\u548c\u6b23\u5feb\u611f\u3002\u4f20\u7edf\u7684\u5361\u5854\u53f6\u4f7f\u7528\u65b9\u6cd5\u662f\u5480\u56bc\u65b0\u9c9c\u53f6\u5b50\uff0c\u5e76\u5c06\u5176\u653e\u5728\u8138\u988a\u4e0a\u4ee5\u91ca\u653e\u8fd9\u79cd\u5316\u5408\u7269\u3002<\/p>\n<p data-start=\"1233\" data-end=\"1503\">\u5982\u4eca\uff0c\u4e3a\u4e86\u65b9\u4fbf\u8d77\u89c1\uff0c\u60a8\u8fd8\u53ef\u4ee5\u5728\u7ebf\u8d2d\u4e70\u3001\u8d2d\u4e70\u51fa\u552e\u7684\u5361\u5854\u53f6\uff0c\u6216\u8005\u5728\u7ebf\u8ba2\u8d2d\u5361\u5854\u53f6\u5480\u56bc\u818f\u6216\u8336\u3002\u5f53\u60a8\u5728\u7ebf\u8d2d\u4e70\u4ef7\u683c\u5b9e\u60e0\u7684\u5361\u5854\u53f6\u65f6\uff0c\u60a8\u53ef\u4ee5\u4ece\u7ecf\u8fc7\u9a8c\u8bc1\u7684\u6765\u6e90\u5b89\u5168\u53ef\u9760\u5730\u83b7\u53d6\u6b64\u7c7b\u4ea7\u54c1\u3002<\/p>\n<p data-start=\"1505\" data-end=\"1915\">\u5982\u679c\u60a8\u8003\u8651\u5728\u7ebf\u8d2d\u4e70\u5361\u5854\u53f6\uff0c\u52a1\u5fc5\u6ce8\u610f\u5176\u6f5c\u5728\u7684\u526f\u4f5c\u7528\u3002\u8fc7\u91cf\u4f7f\u7528\u53ef\u80fd\u4f1a\u5bfc\u81f4\u5931\u7720\u3001\u60c5\u7eea\u6ce2\u52a8\u3001\u591a\u52a8\u75c7\uff0c\u5728\u67d0\u4e9b\u60c5\u51b5\u4e0b\u751a\u81f3\u4f1a\u5bfc\u81f4\u66f4\u4e25\u91cd\u7684\u75c7\u72b6\uff0c\u4f8b\u5982\u504f\u6267\u72c2\u6216\u7cbe\u795e\u75c5\u3002\u867d\u7136\u7ecf\u5e38\u4f7f\u7528\u4f1a\u5bfc\u81f4\u5fc3\u7406\u4f9d\u8d56\uff0c\u4f46\u51fa\u552e\u7684\u771f\u5047\u5361\u5854\u53f6\u4ec5\u4f9b\u5bf9\u7167\u7814\u7a76\u6216\u4e2a\u4eba\u63a2\u7d22\u4e4b\u7528\uff0c\u5e94\u8c28\u614e\u4f7f\u7528\u3002<\/p>\n<h3 data-start=\"1922\" data-end=\"1962\">\u4f7f\u7528\u963f\u62c9\u4f2f\u8336\u7684\u597d\u8655\u8207\u98a8\u96aa<\/h3>\n<p data-start=\"1964\" data-end=\"2370\">\u636e\u62a5\u9053\uff0c\u51fa\u552e\u7684\u5361\u5854\u53f6\u5177\u6709\u591a\u79cd\u76ca\u5904\uff0c\u5305\u62ec\u63d0\u9ad8\u8b66\u89c9\u6027\u3001\u521b\u9020\u529b\u548c\u793e\u4ea4\u80fd\u529b\u3002\u5b83\u8fd8\u53ef\u80fd\u5177\u6709\u6291\u5236\u98df\u6b32\u7684\u529f\u6548\uff0c\u5e76\u53ef\u80fd\u6709\u52a9\u4e8e\u7f13\u89e3\u6291\u90c1\u75c7\u3001\u54ee\u5598\u548c\u7cd6\u5c3f\u75c5\u7b49\u75be\u75c5\u3002\u5c3d\u7ba1\u6709\u8fd9\u4e9b\u76ca\u5904\uff0c\u4f46\u5728\u7f51\u4e0a\u8d2d\u4e70\u5361\u5854\u53f6\u65f6\uff0c\u8bf7\u8c28\u614e\u8c28\u614e\uff0c\u4ee5\u514d\u51fa\u73b0\u9ad8\u8840\u538b\u3001\u7126\u8651\u6216\u8bdd\u591a\u7b49\u526f\u4f5c\u7528\u3002<\/p>\n<p data-start=\"2372\" data-end=\"2524\">\u4f7f\u7528\u5361\u5854\u53f6\u524d\u52a1\u5fc5\u54a8\u8be2\u533b\u7597\u4fdd\u5065\u63d0\u4f9b\u8005\uff0c\u7279\u522b\u662f\u5982\u679c\u60a8\u6709\u9ad8\u8840\u538b\u6216\u7cbe\u795e\u5065\u5eb7\u95ee\u9898\u7b49\u5065\u5eb7\u95ee\u9898\u3002<\/p>\n<h3 data-start=\"2531\" data-end=\"2568\">\u5728\u54ea\u88e1\u53ef\u4ee5\u5b89\u5168\u5730\u7dda\u4e0a\u8cfc\u8cb7\u963f\u62c9\u4f2f\u8336<\/h3>\n<p data-start=\"2570\" data-end=\"2867\">\u5982\u679c\u60a8\u60f3\u77e5\u9053\u5728\u54ea\u91cc\u8d2d\u4e70\u5361\u5854\u53f6\uff0c\u6709\u51e0\u5bb6\u4fe1\u8a89\u826f\u597d\u7684\u5728\u7ebf\u4f9b\u5e94\u5546\u63d0\u4f9b\u9ad8\u54c1\u8d28\u7684\u5361\u5854\u53f6\u3002\u501f\u52a9\u73b0\u4ee3\u5316\u7684\u914d\u9001\u670d\u52a1\uff0c\u60a8\u53ef\u4ee5\u4fbf\u6377\u5730\u5728\u7ebf\u8ba2\u8d2d\u5361\u5854\u53f6\uff0c\u5e76\u5728\u5bb6\u95e8\u53e3\u6536\u5230\u5e72\u53f6\u6216\u5176\u4ed6\u5f62\u5f0f\u7684\u5361\u5854\u53f6\uff0c\u540c\u65f6\u786e\u4fdd\u5176\u6548\u529b\u548c\u65b0\u9c9c\u5ea6\u3002<\/p>\n<p data-start=\"2869\" data-end=\"3225\">\u4f5c\u4e3a\u503c\u5f97\u4fe1\u8d56\u7684\u4f9b\u5e94\u5546\uff0c\u6211\u4eec\u63d0\u4f9b\u6700\u4f73\u7684\u5361\u5854\u53f6\u8d2d\u4e70\u5e73\u53f0\uff0c\u4ea7\u54c1\u5747\u6765\u81ea\u53ef\u9760\u4ea7\u5730\uff0c\u4ee5\u786e\u4fdd\u6700\u4f73\u529f\u6548\u548c\u54c1\u8d28\u3002\u65e0\u8bba\u60a8\u662f\u5728\u7ebf\u8d2d\u4e70\u771f\u5361\u5854\u53f6\u8fd8\u662f\u5047\u5361\u5854\u53f6\uff0c\u90fd\u80fd\u786e\u4fdd\u5176\u5b89\u5168\u6027\u548c\u771f\u5b9e\u6027\u3002\u67e5\u770b\u5361\u5854\u53f6\u4ef7\u683c\uff0c\u5e76\u4ece\u4f17\u591a\u7ade\u4e89\u6027\u4ea7\u54c1\u4e2d\u9009\u62e9\u9002\u5408\u60a8\u7814\u7a76\u6216\u4e2a\u4eba\u7528\u9014\u7684\u4ea7\u54c1\u3002<\/p>\n<h3 data-start=\"3232\" data-end=\"3286\">\u7ed3\u8bba\uff1a\u4ece\u53ef\u9760\u6765\u6e90\u5728\u7ebf\u8d2d\u4e70\u5361\u5854\u53f6<\/h3>\n<p data-start=\"3288\" data-end=\"3696\">\u603b\u800c\u8a00\u4e4b\uff0c\u5982\u679c\u60a8\u60f3\u5728\u7ebf\u8d2d\u4e70\u5361\u5854\u53f6\uff0c\u8bf7\u9009\u62e9\u4fe1\u8a89\u826f\u597d\u7684\u4f9b\u5e94\u5546\uff0c\u4ed6\u4eec\u4fdd\u8bc1\u4ea7\u54c1\u8d28\u91cf\u548c\u65b0\u9c9c\u5ea6\u3002\u65e0\u8bba\u60a8\u662f\u60f3\u83b7\u5f97\u5174\u594b\u5242\u6548\u679c\u3001\u589e\u5f3a\u6ce8\u610f\u529b\u8fd8\u662f\u63d0\u5347\u793e\u4ea4\u80fd\u529b\uff0c\u5361\u5854\u53f6\u5728\u7ebf\u8d2d\u4e70\u90fd\u80fd\u786e\u4fdd\u4fbf\u6377\u3001\u53ef\u9760\u4e14\u8c28\u614e\u3002\u8bf7\u52a1\u5fc5\u9075\u5faa\u5efa\u8bae\u7684\u4f7f\u7528\u6307\u5357\uff0c\u5e76\u54a8\u8be2\u533b\u7597\u4fdd\u5065\u63d0\u4f9b\u8005\uff0c\u4ee5\u5b89\u5168\u5730\u4f53\u9a8c\u8fd9\u79cd\u72ec\u7279\u8349\u836f\u5174\u594b\u5242\u7684\u76ca\u5904\u3002<\/p>","protected":false},"excerpt":{"rendered":"<p>Buy Real or Fake Khat Online \u2013 Premium Natural Herbal Stimulant Buy real or fake Khat online from trusted sources offering high-quality Khat for sale, derived from the Catha edulis shrub. Traditionally used across eastern Africa and the Arabian Peninsula, Khat buy online provides a natural stimulant known for its psychoactive effects. When the fresh leaves are chewed, they release cathinone\u2014a compound that can enhance alertness, boost sociability, and create a mild euphoric state. For those interested in exploring this culturally significant herbal stimulant, reputable vendors make it easy to order real or fake Khat online with confidence and discretion. What is Khat and How is it Used? Khat is a natural stimulant made from the leaves, twigs, and shoots of the Catha edulis plant. When chewed, the active ingredient, cathinone, is released, offering a range of effects such as increased energy, enhanced concentration, and feelings of euphoria. The traditional method of using khat involves chewing fresh leaves and holding them in the cheek to release the compound. In modern times, it\u2019s also possible to buy Khat online, purchase Khat for sale, or order Khat online in a chewable paste or tea form for convenience. When you buy cheap Khat online, you can access this product safely and reliably from verified sources. If you&#8217;re considering Khat buy online, it&#8217;s important to be aware of potential side effects. Excessive use may cause insomnia, mood swings, hyperactivity, and in some cases, more serious conditions like paranoia or psychosis. While regular use can lead to psychological dependence, real or fake Khat for sale is designed for controlled research or personal exploration and should be used responsibly. The Benefits and Risks of Khat Use Khat for sale has been reported to provide several benefits, including increased alertness, creativity, and sociability. It may also have appetite-suppressant qualities and potential support for conditions such as depression, asthma, and diabetes. Despite these benefits, buy Khat online responsibly to avoid negative side effects such as high blood pressure, anxiety, or excessive talkativeness. Always consult a healthcare provider before using khat, especially if you have existing health concerns like hypertension or mental health conditions. Where to Buy Khat Online Safely If you are wondering where to buy Khat, there are several reputable online vendors offering high-quality Khat for sale. With modern shipping options, you can conveniently order Khat online and receive dried leaves or other forms at your doorstep while ensuring potency and freshness. As a trusted provider, we offer the best place to buy Khat, sourcing products from reliable regions to ensure maximum effect and quality. When you buy real or fake Khat online, you can be confident in the safety and authenticity of your purchase. Check Khat price and select from competitive options tailored to your research or personal use. Conclusion: Buy Khat Online from Trusted Sources In conclusion, if you want to buy Khat online, choose a reputable supplier who guarantees product quality and freshness. Whether for stimulant effects, enhanced focus, or sociability, Khat buy online ensures convenience, reliability, and discretion. Always follow recommended usage guidelines and consult with a healthcare provider to safely experience the benefits of this unique herbal stimulant.<\/p>","protected":false},"featured_media":2039,"comment_status":"closed","ping_status":"closed","template":"","meta":{"_kadence_starter_templates_imported_post":false,"_kad_post_transparent":"default","_kad_post_title":"","_kad_post_layout":"default","_kad_post_sidebar_id":"","_kad_post_content_style":"default","_kad_post_vertical_padding":"default","_kad_post_feature":"","_kad_post_feature_position":"","_kad_post_header":false,"_kad_post_footer":false,"_joinchat":[]},"product_brand":[],"product_cat":[361],"product_tag":[],"class_list":{"0":"post-1803","1":"product","2":"type-product","3":"status-publish","4":"has-post-thumbnail","6":"product_cat-research-chemicals","8":"first","9":"instock","10":"shipping-taxable","11":"purchasable","12":"product-type-variable","13":"entry","14":"content-bg","15":"loop-entry"},"yoast_head":"<!-- This site is optimized with the Yoast SEO plugin v26.5 - https:\/\/yoast.com\/wordpress\/plugins\/seo\/ -->\n<title>Buy Khat Online \u2013 Khat for Sale - Order Khat Online<\/title>\n<meta name=\"description\" content=\"Khat for sale online, ideal for your research. Buy khat with fast shipping options and high purity to support your scientific work.\" \/>\n<meta name=\"robots\" content=\"index, follow, max-snippet:-1, max-image-preview:large, max-video-preview:-1\" \/>\n<link rel=\"canonical\" href=\"https:\/\/pvpgrams.com\/zh\/product\/khat\/\" \/>\n<meta property=\"og:locale\" content=\"zh_TW\" \/>\n<meta property=\"og:type\" content=\"article\" \/>\n<meta property=\"og:title\" content=\"Buy Khat Online \u2013 Khat for Sale - Order Khat Online\" \/>\n<meta property=\"og:description\" content=\"Khat for sale online, ideal for your research. Buy khat with fast shipping options and high purity to support your scientific work.\" \/>\n<meta property=\"og:url\" content=\"https:\/\/pvpgrams.com\/zh\/product\/khat\/\" \/>\n<meta property=\"og:site_name\" content=\"PVP Grams\" \/>\n<meta property=\"article:modified_time\" content=\"2025-08-21T13:06:13+00:00\" \/>\n<meta property=\"og:image\" content=\"https:\/\/pvpgrams.com\/wp-content\/uploads\/2025\/05\/Khat.jpg\" \/>\n\t<meta property=\"og:image:width\" content=\"600\" \/>\n\t<meta property=\"og:image:height\" content=\"600\" \/>\n\t<meta property=\"og:image:type\" content=\"image\/jpeg\" \/>\n<meta name=\"twitter:card\" content=\"summary_large_image\" \/>\n<meta name=\"twitter:label1\" content=\"\u9810\u4f30\u95b1\u8b80\u6642\u9593\" \/>\n\t<meta name=\"twitter:data1\" content=\"3 \u5206\u9418\" \/>\n<script type=\"application\/ld+json\" class=\"yoast-schema-graph\">{\"@context\":\"https:\/\/schema.org\",\"@graph\":[{\"@type\":[\"WebPage\",\"ItemPage\"],\"@id\":\"https:\/\/pvpgrams.com\/product\/khat\/\",\"url\":\"https:\/\/pvpgrams.com\/product\/khat\/\",\"name\":\"Buy Khat Online \u2013 Khat for Sale - Order Khat Online\",\"isPartOf\":{\"@id\":\"https:\/\/pvpgrams.com\/#website\"},\"primaryImageOfPage\":{\"@id\":\"https:\/\/pvpgrams.com\/product\/khat\/#primaryimage\"},\"image\":{\"@id\":\"https:\/\/pvpgrams.com\/product\/khat\/#primaryimage\"},\"thumbnailUrl\":\"https:\/\/pvpgrams.com\/wp-content\/uploads\/2025\/05\/Khat.jpg\",\"datePublished\":\"2025-05-16T07:11:06+00:00\",\"dateModified\":\"2025-08-21T13:06:13+00:00\",\"description\":\"Khat for sale online, ideal for your research. Buy khat with fast shipping options and high purity to support your scientific work.\",\"breadcrumb\":{\"@id\":\"https:\/\/pvpgrams.com\/product\/khat\/#breadcrumb\"},\"inLanguage\":\"zh-TW\",\"potentialAction\":[{\"@type\":\"ReadAction\",\"target\":[\"https:\/\/pvpgrams.com\/product\/khat\/\"]}]},{\"@type\":\"ImageObject\",\"inLanguage\":\"zh-TW\",\"@id\":\"https:\/\/pvpgrams.com\/product\/khat\/#primaryimage\",\"url\":\"https:\/\/pvpgrams.com\/wp-content\/uploads\/2025\/05\/Khat.jpg\",\"contentUrl\":\"https:\/\/pvpgrams.com\/wp-content\/uploads\/2025\/05\/Khat.jpg\",\"width\":600,\"height\":600,\"caption\":\"Buy Khat Online\"},{\"@type\":\"BreadcrumbList\",\"@id\":\"https:\/\/pvpgrams.com\/product\/khat\/#breadcrumb\",\"itemListElement\":[{\"@type\":\"ListItem\",\"position\":1,\"name\":\"Home\",\"item\":\"https:\/\/pvpgrams.com\/\"},{\"@type\":\"ListItem\",\"position\":2,\"name\":\"Shop\",\"item\":\"https:\/\/pvpgrams.com\/shop\/\"},{\"@type\":\"ListItem\",\"position\":3,\"name\":\"Khat\"}]},{\"@type\":\"WebSite\",\"@id\":\"https:\/\/pvpgrams.com\/#website\",\"url\":\"https:\/\/pvpgrams.com\/\",\"name\":\"PVP Grams\",\"description\":\"\",\"publisher\":{\"@id\":\"https:\/\/pvpgrams.com\/#organization\"},\"potentialAction\":[{\"@type\":\"SearchAction\",\"target\":{\"@type\":\"EntryPoint\",\"urlTemplate\":\"https:\/\/pvpgrams.com\/?s={search_term_string}\"},\"query-input\":{\"@type\":\"PropertyValueSpecification\",\"valueRequired\":true,\"valueName\":\"search_term_string\"}}],\"inLanguage\":\"zh-TW\"},{\"@type\":\"Organization\",\"@id\":\"https:\/\/pvpgrams.com\/#organization\",\"name\":\"PVP Grams\",\"url\":\"https:\/\/pvpgrams.com\/\",\"logo\":{\"@type\":\"ImageObject\",\"inLanguage\":\"zh-TW\",\"@id\":\"https:\/\/pvpgrams.com\/#\/schema\/logo\/image\/\",\"url\":\"https:\/\/pvpgrams.com\/wp-content\/uploads\/2024\/10\/logo.png\",\"contentUrl\":\"https:\/\/pvpgrams.com\/wp-content\/uploads\/2024\/10\/logo.png\",\"width\":181,\"height\":41,\"caption\":\"PVP Grams\"},\"image\":{\"@id\":\"https:\/\/pvpgrams.com\/#\/schema\/logo\/image\/\"}}]}<\/script>\n<!-- \/ Yoast SEO plugin. -->","yoast_head_json":{"title":"\u7dda\u4e0a\u8cfc\u8cb7\u963f\u62c9\u4f2f\u8336 - \u51fa\u552e\u963f\u62c9\u4f2f\u8336 - \u7dda\u4e0a\u8a02\u8cfc\u963f\u62c9\u4f2f\u8336","description":"\u963f\u62c9\u4f2f\u8336\u5728\u7dda\u92b7\u552e\uff0c\u662f\u60a8\u7814\u7a76\u7684\u7406\u60f3\u9078\u64c7\u3002\u8cfc\u8cb7\u963f\u62c9\u4f2f\u8336\u6642\uff0c\u53ef\u9078\u64c7\u5feb\u901f\u904b\u9001\uff0c\u4e26\u63d0\u4f9b\u9ad8\u7d14\u5ea6\uff0c\u4ee5\u652f\u63f4\u60a8\u7684\u79d1\u5b78\u5de5\u4f5c\u3002","robots":{"index":"index","follow":"follow","max-snippet":"max-snippet:-1","max-image-preview":"max-image-preview:large","max-video-preview":"max-video-preview:-1"},"canonical":"https:\/\/pvpgrams.com\/zh\/product\/khat\/","og_locale":"zh_TW","og_type":"article","og_title":"Buy Khat Online \u2013 Khat for Sale - Order Khat Online","og_description":"Khat for sale online, ideal for your research. Buy khat with fast shipping options and high purity to support your scientific work.","og_url":"https:\/\/pvpgrams.com\/zh\/product\/khat\/","og_site_name":"PVP Grams","article_modified_time":"2025-08-21T13:06:13+00:00","og_image":[{"width":600,"height":600,"url":"https:\/\/pvpgrams.com\/wp-content\/uploads\/2025\/05\/Khat.jpg","type":"image\/jpeg"}],"twitter_card":"summary_large_image","twitter_misc":{"\u9810\u4f30\u95b1\u8b80\u6642\u9593":"3 \u5206\u9418"},"schema":{"@context":"https:\/\/schema.org","@graph":[{"@type":["WebPage","ItemPage"],"@id":"https:\/\/pvpgrams.com\/product\/khat\/","url":"https:\/\/pvpgrams.com\/product\/khat\/","name":"\u7dda\u4e0a\u8cfc\u8cb7\u963f\u62c9\u4f2f\u8336 - \u51fa\u552e\u963f\u62c9\u4f2f\u8336 - \u7dda\u4e0a\u8a02\u8cfc\u963f\u62c9\u4f2f\u8336","isPartOf":{"@id":"https:\/\/pvpgrams.com\/#website"},"primaryImageOfPage":{"@id":"https:\/\/pvpgrams.com\/product\/khat\/#primaryimage"},"image":{"@id":"https:\/\/pvpgrams.com\/product\/khat\/#primaryimage"},"thumbnailUrl":"https:\/\/pvpgrams.com\/wp-content\/uploads\/2025\/05\/Khat.jpg","datePublished":"2025-05-16T07:11:06+00:00","dateModified":"2025-08-21T13:06:13+00:00","description":"\u963f\u62c9\u4f2f\u8336\u5728\u7dda\u92b7\u552e\uff0c\u662f\u60a8\u7814\u7a76\u7684\u7406\u60f3\u9078\u64c7\u3002\u8cfc\u8cb7\u963f\u62c9\u4f2f\u8336\u6642\uff0c\u53ef\u9078\u64c7\u5feb\u901f\u904b\u9001\uff0c\u4e26\u63d0\u4f9b\u9ad8\u7d14\u5ea6\uff0c\u4ee5\u652f\u63f4\u60a8\u7684\u79d1\u5b78\u5de5\u4f5c\u3002","breadcrumb":{"@id":"https:\/\/pvpgrams.com\/product\/khat\/#breadcrumb"},"inLanguage":"zh-TW","potentialAction":[{"@type":"ReadAction","target":["https:\/\/pvpgrams.com\/product\/khat\/"]}]},{"@type":"ImageObject","inLanguage":"zh-TW","@id":"https:\/\/pvpgrams.com\/product\/khat\/#primaryimage","url":"https:\/\/pvpgrams.com\/wp-content\/uploads\/2025\/05\/Khat.jpg","contentUrl":"https:\/\/pvpgrams.com\/wp-content\/uploads\/2025\/05\/Khat.jpg","width":600,"height":600,"caption":"Buy Khat Online"},{"@type":"BreadcrumbList","@id":"https:\/\/pvpgrams.com\/product\/khat\/#breadcrumb","itemListElement":[{"@type":"ListItem","position":1,"name":"Home","item":"https:\/\/pvpgrams.com\/"},{"@type":"ListItem","position":2,"name":"Shop","item":"https:\/\/pvpgrams.com\/shop\/"},{"@type":"ListItem","position":3,"name":"Khat"}]},{"@type":"WebSite","@id":"https:\/\/pvpgrams.com\/#website","url":"https:\/\/pvpgrams.com\/","name":"PVP \u514b\u6578","description":"","publisher":{"@id":"https:\/\/pvpgrams.com\/#organization"},"potentialAction":[{"@type":"SearchAction","target":{"@type":"EntryPoint","urlTemplate":"https:\/\/pvpgrams.com\/?s={search_term_string}"},"query-input":{"@type":"PropertyValueSpecification","valueRequired":true,"valueName":"search_term_string"}}],"inLanguage":"zh-TW"},{"@type":"Organization","@id":"https:\/\/pvpgrams.com\/#organization","name":"PVP \u514b\u6578","url":"https:\/\/pvpgrams.com\/","logo":{"@type":"ImageObject","inLanguage":"zh-TW","@id":"https:\/\/pvpgrams.com\/#\/schema\/logo\/image\/","url":"https:\/\/pvpgrams.com\/wp-content\/uploads\/2024\/10\/logo.png","contentUrl":"https:\/\/pvpgrams.com\/wp-content\/uploads\/2024\/10\/logo.png","width":181,"height":41,"caption":"PVP Grams"},"image":{"@id":"https:\/\/pvpgrams.com\/#\/schema\/logo\/image\/"}}]}},"_links":{"self":[{"href":"https:\/\/pvpgrams.com\/zh\/wp-json\/wp\/v2\/product\/1803","targetHints":{"allow":["GET"]}}],"collection":[{"href":"https:\/\/pvpgrams.com\/zh\/wp-json\/wp\/v2\/product"}],"about":[{"href":"https:\/\/pvpgrams.com\/zh\/wp-json\/wp\/v2\/types\/product"}],"replies":[{"embeddable":true,"href":"https:\/\/pvpgrams.com\/zh\/wp-json\/wp\/v2\/comments?post=1803"}],"wp:featuredmedia":[{"embeddable":true,"href":"https:\/\/pvpgrams.com\/zh\/wp-json\/wp\/v2\/media\/2039"}],"wp:attachment":[{"href":"https:\/\/pvpgrams.com\/zh\/wp-json\/wp\/v2\/media?parent=1803"}],"wp:term":[{"taxonomy":"product_brand","embeddable":true,"href":"https:\/\/pvpgrams.com\/zh\/wp-json\/wp\/v2\/product_brand?post=1803"},{"taxonomy":"product_cat","embeddable":true,"href":"https:\/\/pvpgrams.com\/zh\/wp-json\/wp\/v2\/product_cat?post=1803"},{"taxonomy":"product_tag","embeddable":true,"href":"https:\/\/pvpgrams.com\/zh\/wp-json\/wp\/v2\/product_tag?post=1803"}],"curies":[{"name":"wp","href":"https:\/\/api.w.org\/{rel}","templated":true}]}}