{"id":1805,"date":"2025-05-16T07:22:39","date_gmt":"2025-05-16T07:22:39","guid":{"rendered":"https:\/\/pvpgrams.com\/?post_type=product&#038;p=1805"},"modified":"2025-08-20T12:31:04","modified_gmt":"2025-08-20T12:31:04","slug":"meridia-sibutramine-20mg-tablets","status":"publish","type":"product","link":"https:\/\/pvpgrams.com\/zh\/product\/meridia-sibutramine-20mg-tablets\/","title":{"rendered":"Meridia (Sibutramine) 20 \u6beb\u514b\u7247\u5291"},"content":{"rendered":"<h2 data-start=\"82\" data-end=\"145\">\u5728\u7ebf\u8d2d\u4e70\u771f\u5047\u897f\u5e03\u66f2\u660e 20 \u6beb\u514b\u7247\u5242<\/h2>\n<p data-start=\"147\" data-end=\"209\"><strong data-start=\"147\" data-end=\"207\">PVPGRAMS \u5728\u7ebf\u9500\u552e Meridia\uff08\u897f\u5e03\u66f2\u660e\uff0920\u6beb\u514b\u7247\u5242<\/strong><\/p>\n<p data-start=\"211\" data-end=\"753\">\u5728 PVPGRAMS \u5728\u7ebf\u8d2d\u4e70\u771f\u5047 Meridia\uff08\u897f\u5e03\u66f2\u660e\uff0920 \u6beb\u514b\u7247\u5242\uff0cPVPGRAMS \u63d0\u4f9b\u503c\u5f97\u4fe1\u8d56\u7684\u80a5\u80d6\u7ba1\u7406\u89e3\u51b3\u65b9\u6848\u3002Meridia\uff08\u897f\u5e03\u66f2\u660e\uff0920 \u6beb\u514b\u7247\u5242\u4ee5\u5176\u6291\u5236\u98df\u6b32\u548c\u71c3\u70e7\u8102\u80aa\u7684\u529f\u6548\u800c\u95fb\u540d\uff0c\u6709\u52a9\u4e8e\u63a7\u5236\u4f53\u91cd\u3002\u65e0\u8bba\u60a8\u662f\u60f3\u8ba2\u8d2d\u771f\u5047 Meridia\uff08\u897f\u5e03\u66f2\u660e\uff0920 \u6beb\u514b\u7247\u5242\u81ea\u7528\u8fd8\u662f\u6279\u91cf\u8d2d\u4e70\uff0cPVPGRAMS \u90fd\u4fdd\u8bc1\u63d0\u4f9b\u9ad8\u54c1\u8d28\u4ea7\u54c1\uff0c\u5e76\u63d0\u4f9b\u5b89\u5168\u53ef\u9760\u7684\u914d\u9001\u670d\u52a1\u3002\u5229\u7528\u6211\u4eec\u7684\u5e73\u53f0 <a href=\"https:\/\/pvpgrams.com\/zh\/product\/meridia-sibutramine-20mg-tablets\/\">buy Meridia (Sibutramine) 20mg Tablets online<\/a> \u4eca\u5929\u3002<\/p>\n<h3 data-start=\"760\" data-end=\"838\">Meridia (Sibutramin) 20 mg tabletter: En lovande l\u00f6sning f\u00f6r viktminskning<\/h3>\n<p data-start=\"840\" data-end=\"1255\">\u5f53\u4f60\u8d2d\u4e70 <a href=\"https:\/\/en.wikipedia.org\/wiki\/Meridia\">Meridia<\/a> (Sibutramin) 20mg tablety online, m\u00e1te p\u0159\u00edstup k jedn\u00e9 z nej\u00fa\u010dinn\u011bj\u0161\u00edch l\u00e9\u010debn\u00fdch metod obezity. Tento antitusikum p\u016fsob\u00ed tak, \u017ee c\u00edl\u00ed na centra vn\u00edm\u00e1n\u00ed hladu v mozku, sni\u017euje chut\u011b a pom\u00e1h\u00e1 u\u017eivatel\u016fm udr\u017eet si kontrolu nad p\u0159\u00edjmem potravy. Krom\u011b toho tablety Meridia (Sibutramin) 20mg podporuj\u00ed spalov\u00e1n\u00ed tuk\u016f, zvy\u0161uj\u00ed metabolismus a celkov\u011b podporuj\u00ed \u00fasil\u00ed o hubnut\u00ed.<\/p>\n<p data-start=\"1257\" data-end=\"1466\">\u5982\u679c\u60a8\u6b63\u5728\u5bfb\u627e Meridia\uff08\u897f\u5e03\u66f2\u660e\uff0920mg \u7247\u5242\u7684\u53ef\u9760\u9500\u552e\u6765\u6e90\uff0cPVPGRAMS \u63d0\u4f9b\u5177\u6709\u7ade\u4e89\u529b\u7684\u4ef7\u683c\uff0c\u662f\u5728\u7ebf\u8d2d\u4e70 Meridia\uff08\u897f\u5e03\u66f2\u660e\uff0920mg \u7247\u5242\u7684\u6700\u4f73\u573a\u6240\u3002<\/p>\n<h3 data-start=\"1473\" data-end=\"1522\">Meridia\uff08\u897f\u5e03\u66f2\u660e\uff0920\u6beb\u514b\u7247\u5242\u7684\u529f\u6548<\/h3>\n<p data-start=\"1524\" data-end=\"1831\">\u9009\u62e9\u5728 PVPGRAMS \u5728\u7ebf\u8d2d\u4e70 Meridia\uff08\u897f\u5e03\u66f2\u660e\uff0920 \u6beb\u514b\u7247\u5242\uff0c\u60a8\u5c31\u9009\u62e9\u4e86\u4e00\u6b3e\u79d1\u5b66\u914d\u65b9\u7684\u98df\u6b32\u6291\u5236\u548c\u8102\u80aa\u71c3\u70e7\u89e3\u51b3\u65b9\u6848\u3002\u5176\u6d3b\u6027\u6210\u5206\u80fd\u591f\u52a0\u901f\u65b0\u9648\u4ee3\u8c22\uff0c\u4f7f\u8eab\u4f53\u66f4\u6709\u6548\u5730\u71c3\u70e7\u8102\u80aa\uff0c\u4ece\u800c\u663e\u8457\u51cf\u8f7b\u4f53\u91cd\u3002<\/p>\n<p data-start=\"1833\" data-end=\"2151\">Tablety Meridia (Sibutramin) 20 mg koupit online se doporu\u010duj\u00ed zejm\u00e9na osob\u00e1m, kter\u00e9 trp\u00ed obezitou, nebo t\u011bm, jejich\u017e hmotnost je v\u00fdrazn\u011b nad norm\u00e1ln\u00edm rozmez\u00edm. Pro ka\u017ed\u00e9ho, kdo hled\u00e1, kde koupit tablety Meridia (Sibutramin) 20 mg, PVPGRAMS zaji\u0161\u0165uje bezpe\u010dn\u00e9, spolehliv\u00e9 a pohodln\u00e9 doru\u010den\u00ed.<\/p>\n<h3 data-start=\"2158\" data-end=\"2233\">\u4f7f\u7528 Meridia\uff08\u897f\u5e03\u66f2\u660e\uff0920mg \u7247\u5242\u524d\u7684\u91cd\u8981\u4fe1\u606f<\/h3>\n<p data-start=\"2235\" data-end=\"2664\">\u867d\u7136\u5728\u7ebf\u8ba2\u8d2d\u7f8e\u5229\u8fbe\uff08\u897f\u5e03\u66f2\u660e\uff0920\u6beb\u514b\u7247\u5242\u975e\u5e38\u4fbf\u6377\uff0c\u4f46\u4e86\u89e3\u5176\u6f5c\u5728\u7684\u7981\u5fcc\u75c7\u81f3\u5173\u91cd\u8981\u3002\u4e0d\u5efa\u8bae\u60a3\u6709\u4e25\u91cd\u996e\u98df\u5931\u8c03\u3001\u5fc3\u8840\u7ba1\u75be\u75c5\u3001\u809d\u80be\u75be\u75c5\u3001\u7cbe\u795e\u5065\u5eb7\u95ee\u9898\u6216\u6000\u5b55\u671f\u95f4\u7684\u4eba\u58eb\u670d\u7528\u6b64\u836f\u3002\u670d\u7528\u7f8e\u5229\u8fbe\uff08\u897f\u5e03\u66f2\u660e\uff0920\u6beb\u514b\u7247\u5242\u524d\uff0c\u8bf7\u52a1\u5fc5\u54a8\u8be2\u533b\u7597\u4fdd\u5065\u4e13\u4e1a\u4eba\u58eb\uff0c\u4ee5\u786e\u4fdd\u5176\u5b89\u5168\u6027\u3002<\/p>\n<h3 data-start=\"2671\" data-end=\"2724\">\u5728\u7ebf\u8ba2\u8d2d\u897f\u5e03\u66f2\u660e\uff08Meridia\uff0920\u6beb\u514b\u7247\u5242<\/h3>\n<p data-start=\"2726\" data-end=\"3076\">\u51c6\u5907\u5728\u7ebf\u8ba2\u8d2d\u7f8e\u5229\u8fbe\uff08\u897f\u5e03\u66f2\u660e\uff0920\u6beb\u514b\u7247\u5242\u5417\uff1fPVPGRAMS \u63d0\u4f9b\u5b89\u5168\u3001\u5feb\u6377\u3001\u4fdd\u5bc6\u7684\u5e73\u53f0\uff0c\u8ba9\u60a8\u5728\u7ebf\u8d2d\u4e70\u4ef7\u683c\u5b9e\u60e0\u7684\u7f8e\u5229\u8fbe\uff08\u897f\u5e03\u66f2\u660e\uff0920\u6beb\u514b\u7247\u5242\u3002\u6211\u4eec\u63d0\u4f9b\u591a\u79cd\u5242\u91cf\u9009\u62e9\uff0c\u65b9\u4fbf\u60a8\u5728\u7ebf\u8d2d\u4e70\u7f8e\u5229\u8fbe\uff08\u897f\u5e03\u66f2\u660e\uff0920\u6beb\u514b\u7247\u5242\uff0c\u5f00\u542f\u60a8\u7684\u4f53\u91cd\u7ba1\u7406\u4e4b\u65c5\u3002<\/p>\n<h3 data-start=\"3083\" data-end=\"3157\">Conclusion: Real or Fake Meridia (Sibutramine) 20mg Tablets for Sale<\/h3>\n<p data-start=\"3159\" data-end=\"3553\">\u603b\u800c\u8a00\u4e4b\uff0c\u5bf9\u4e8e\u4efb\u4f55\u60f3\u8981\u63a7\u5236\u98df\u6b32\u3001\u6709\u6548\u63a7\u5236\u4f53\u91cd\u7684\u4eba\u6765\u8bf4\uff0c\u5728 PVPGRAMS \u5728\u7ebf\u8d2d\u4e70 Meridia\uff08\u897f\u5e03\u66f2\u660e\uff0920 \u6beb\u514b\u7247\u5242\u90fd\u662f\u53ef\u9760\u7684\u9009\u62e9\u3002\u5229\u7528 Meridia\uff08\u897f\u5e03\u66f2\u660e\uff0920 \u6beb\u514b\u7247\u5242\u7684\u73b0\u6709\u5e93\u5b58\u3001\u6781\u5177\u7ade\u4e89\u529b\u7684 Meridia\uff08\u897f\u5e03\u66f2\u660e\uff0920 \u6beb\u514b\u7247\u5242\u4ef7\u683c\u4ee5\u53ca\u6211\u4eec\u5b89\u5168\u7684\u8ba2\u8d2d\u7cfb\u7edf\uff0c\u7acb\u5373\u5b89\u5168\u4fbf\u6377\u5730\u5f00\u542f\u60a8\u7684\u51cf\u80a5\u4e4b\u65c5\u3002<\/p>","protected":false},"excerpt":{"rendered":"<p>Buy Real or Fake Meridia (Sibutramine) 20mg Tablets Online PVPGRAMS Sells Meridia (Sibutramine) 20mg Tablets Online Buy real or fake Meridia (Sibutramine) 20mg Tablets online from PVPGRAMS, featuring a trusted solution for managing obesity. Known for its appetite-suppressing and fat-burning properties, Meridia (Sibutramine) 20mg Tablets support weight management efforts. Whether you want to order real or fake Meridia (Sibutramine) 20mg Tablets for personal use or in bulk, PVPGRAMS guarantees high-quality products with secure and discreet shipping. Take advantage of our platform to buy Meridia (Sibutramine) 20mg Tablets online today. Meridia (Sibutramine) 20mg Tablets: A Promising Solution for Weight Loss When you buy Meridia (Sibutramine) 20mg Tablets online, you access one of the most effective treatments for obesity. This appetite suppressant works by targeting the brain\u2019s hunger perception centers, reducing cravings and helping users maintain control over their food intake. In addition, Meridia (Sibutramine) 20mg Tablets promote fat burning, boost metabolism, and support overall weight loss efforts. If you\u2019re looking for a reliable source for Meridia (Sibutramine) 20mg Tablets for sale, PVPGRAMS offers competitive prices, making it the best place to buy Meridia (Sibutramine) 20mg Tablets online. How Meridia (Sibutramine) 20mg Tablets Work By choosing to buy Meridia (Sibutramine) 20mg Tablets online from PVPGRAMS, you\u2019re selecting a scientifically formulated solution for appetite suppression and fat burning. Its active ingredients accelerate metabolism, allowing the body to burn fat more efficiently and support significant weight loss. Meridia (Sibutramine) 20mg Tablets buy online is particularly recommended for individuals struggling with obesity or those whose weight is significantly above the normal range. For anyone searching for where to buy Meridia (Sibutramine) 20mg Tablets, PVPGRAMS ensures safe, reliable, and convenient delivery. Important Information Before Using Meridia (Sibutramine) 20mg Tablets While ordering Meridia (Sibutramine) 20mg Tablets online is convenient, it is essential to understand potential contraindications. This medication is not recommended for individuals with severe eating disorders, cardiovascular issues, liver or kidney problems, mental health conditions, or during pregnancy. Always consult a healthcare professional before taking Meridia (Sibutramine) 20mg Tablets to ensure it is safe. Order Meridia (Sibutramine) 20mg Tablets Online Ready to order Meridia (Sibutramine) 20mg Tablets online? PVPGRAMS provides a secure, fast, and confidential platform to buy cheap Meridia (Sibutramine) 20mg Tablets online. With multiple dosage options available, you can conveniently Meridia (Sibutramine) 20mg Tablets buy online and begin your journey toward better weight management. Conclusion: Real or Fake Meridia (Sibutramine) 20mg Tablets for Sale In conclusion, buying Meridia (Sibutramine) 20mg Tablets online from PVPGRAMS is a reliable choice for anyone aiming to control appetite and manage weight effectively. Take advantage of Meridia (Sibutramine) 20mg Tablets for sale, competitive Meridia (Sibutramine) 20mg Tablets price, and our secure ordering system to start your weight loss journey safely and conveniently today.<\/p>","protected":false},"featured_media":2023,"comment_status":"closed","ping_status":"closed","template":"","meta":{"_kadence_starter_templates_imported_post":false,"_kad_post_transparent":"default","_kad_post_title":"","_kad_post_layout":"default","_kad_post_sidebar_id":"","_kad_post_content_style":"default","_kad_post_vertical_padding":"default","_kad_post_feature":"","_kad_post_feature_position":"","_kad_post_header":false,"_kad_post_footer":false,"_joinchat":[]},"product_brand":[],"product_cat":[361],"product_tag":[],"class_list":{"0":"post-1805","1":"product","2":"type-product","3":"status-publish","4":"has-post-thumbnail","6":"product_cat-research-chemicals","8":"first","9":"instock","10":"shipping-taxable","11":"purchasable","12":"product-type-variable","13":"entry","14":"content-bg","15":"loop-entry"},"yoast_head":"<!-- This site is optimized with the Yoast SEO plugin v26.5 - https:\/\/yoast.com\/wordpress\/plugins\/seo\/ -->\n<title>Buy Meridia Sibutramine Tablets Online \u2013 Sibutramine for Sale<\/title>\n<meta name=\"description\" content=\"Buy Meridia Sibutramine 20mg tablets online. Sibutramine tablets for sale with fast shipping and high-quality standards for your research studies.\" \/>\n<meta name=\"robots\" content=\"index, follow, max-snippet:-1, max-image-preview:large, max-video-preview:-1\" \/>\n<link rel=\"canonical\" href=\"https:\/\/pvpgrams.com\/zh\/product\/meridia-sibutramine-20mg-tablets\/\" \/>\n<meta property=\"og:locale\" content=\"zh_TW\" \/>\n<meta property=\"og:type\" content=\"article\" \/>\n<meta property=\"og:title\" content=\"Buy Meridia Sibutramine Tablets Online \u2013 Sibutramine for Sale\" \/>\n<meta property=\"og:description\" content=\"Buy Meridia Sibutramine 20mg tablets online. Sibutramine tablets for sale with fast shipping and high-quality standards for your research studies.\" \/>\n<meta property=\"og:url\" content=\"https:\/\/pvpgrams.com\/zh\/product\/meridia-sibutramine-20mg-tablets\/\" \/>\n<meta property=\"og:site_name\" content=\"PVP Grams\" \/>\n<meta property=\"article:modified_time\" content=\"2025-08-20T12:31:04+00:00\" \/>\n<meta property=\"og:image\" content=\"https:\/\/pvpgrams.com\/wp-content\/uploads\/2025\/05\/Meridia-Sibutramine-20mg-Tablets.jpg\" \/>\n\t<meta property=\"og:image:width\" content=\"600\" \/>\n\t<meta property=\"og:image:height\" content=\"600\" \/>\n\t<meta property=\"og:image:type\" content=\"image\/jpeg\" \/>\n<meta name=\"twitter:card\" content=\"summary_large_image\" \/>\n<meta name=\"twitter:label1\" content=\"\u9810\u4f30\u95b1\u8b80\u6642\u9593\" \/>\n\t<meta name=\"twitter:data1\" content=\"3 \u5206\u9418\" \/>\n<script type=\"application\/ld+json\" class=\"yoast-schema-graph\">{\"@context\":\"https:\/\/schema.org\",\"@graph\":[{\"@type\":[\"WebPage\",\"ItemPage\"],\"@id\":\"https:\/\/pvpgrams.com\/product\/meridia-sibutramine-20mg-tablets\/\",\"url\":\"https:\/\/pvpgrams.com\/product\/meridia-sibutramine-20mg-tablets\/\",\"name\":\"Buy Meridia Sibutramine Tablets Online \u2013 Sibutramine for Sale\",\"isPartOf\":{\"@id\":\"https:\/\/pvpgrams.com\/#website\"},\"primaryImageOfPage\":{\"@id\":\"https:\/\/pvpgrams.com\/product\/meridia-sibutramine-20mg-tablets\/#primaryimage\"},\"image\":{\"@id\":\"https:\/\/pvpgrams.com\/product\/meridia-sibutramine-20mg-tablets\/#primaryimage\"},\"thumbnailUrl\":\"https:\/\/pvpgrams.com\/wp-content\/uploads\/2025\/05\/Meridia-Sibutramine-20mg-Tablets.jpg\",\"datePublished\":\"2025-05-16T07:22:39+00:00\",\"dateModified\":\"2025-08-20T12:31:04+00:00\",\"description\":\"Buy Meridia Sibutramine 20mg tablets online. Sibutramine tablets for sale with fast shipping and high-quality standards for your research studies.\",\"breadcrumb\":{\"@id\":\"https:\/\/pvpgrams.com\/product\/meridia-sibutramine-20mg-tablets\/#breadcrumb\"},\"inLanguage\":\"zh-TW\",\"potentialAction\":[{\"@type\":\"ReadAction\",\"target\":[\"https:\/\/pvpgrams.com\/product\/meridia-sibutramine-20mg-tablets\/\"]}]},{\"@type\":\"ImageObject\",\"inLanguage\":\"zh-TW\",\"@id\":\"https:\/\/pvpgrams.com\/product\/meridia-sibutramine-20mg-tablets\/#primaryimage\",\"url\":\"https:\/\/pvpgrams.com\/wp-content\/uploads\/2025\/05\/Meridia-Sibutramine-20mg-Tablets.jpg\",\"contentUrl\":\"https:\/\/pvpgrams.com\/wp-content\/uploads\/2025\/05\/Meridia-Sibutramine-20mg-Tablets.jpg\",\"width\":600,\"height\":600,\"caption\":\"Buy Meridia (Sibutramine) 20mg Tablets Online\"},{\"@type\":\"BreadcrumbList\",\"@id\":\"https:\/\/pvpgrams.com\/product\/meridia-sibutramine-20mg-tablets\/#breadcrumb\",\"itemListElement\":[{\"@type\":\"ListItem\",\"position\":1,\"name\":\"Home\",\"item\":\"https:\/\/pvpgrams.com\/\"},{\"@type\":\"ListItem\",\"position\":2,\"name\":\"Shop\",\"item\":\"https:\/\/pvpgrams.com\/shop\/\"},{\"@type\":\"ListItem\",\"position\":3,\"name\":\"Meridia (Sibutramine) 20mg Tablets\"}]},{\"@type\":\"WebSite\",\"@id\":\"https:\/\/pvpgrams.com\/#website\",\"url\":\"https:\/\/pvpgrams.com\/\",\"name\":\"PVP Grams\",\"description\":\"\",\"publisher\":{\"@id\":\"https:\/\/pvpgrams.com\/#organization\"},\"potentialAction\":[{\"@type\":\"SearchAction\",\"target\":{\"@type\":\"EntryPoint\",\"urlTemplate\":\"https:\/\/pvpgrams.com\/?s={search_term_string}\"},\"query-input\":{\"@type\":\"PropertyValueSpecification\",\"valueRequired\":true,\"valueName\":\"search_term_string\"}}],\"inLanguage\":\"zh-TW\"},{\"@type\":\"Organization\",\"@id\":\"https:\/\/pvpgrams.com\/#organization\",\"name\":\"PVP Grams\",\"url\":\"https:\/\/pvpgrams.com\/\",\"logo\":{\"@type\":\"ImageObject\",\"inLanguage\":\"zh-TW\",\"@id\":\"https:\/\/pvpgrams.com\/#\/schema\/logo\/image\/\",\"url\":\"https:\/\/pvpgrams.com\/wp-content\/uploads\/2024\/10\/logo.png\",\"contentUrl\":\"https:\/\/pvpgrams.com\/wp-content\/uploads\/2024\/10\/logo.png\",\"width\":181,\"height\":41,\"caption\":\"PVP Grams\"},\"image\":{\"@id\":\"https:\/\/pvpgrams.com\/#\/schema\/logo\/image\/\"}}]}<\/script>\n<!-- \/ Yoast SEO plugin. -->","yoast_head_json":{"title":"\u7dda\u4e0a\u8cfc\u8cb7 Meridia Sibutramine \u7247 - Sibutramine \u51fa\u552e","description":"\u7dda\u4e0a\u8cfc\u8cb7 Meridia Sibutramine 20mg \u7247\u5291\u3002\u897f\u5e03\u66f2\u660e\u85e5\u7247\u92b7\u552e\uff0c\u51fa\u8ca8\u5feb\uff0c\u9ad8\u54c1\u8cea\u6a19\u6e96\uff0c\u9069\u5408\u60a8\u7684\u7814\u7a76\u8abf\u67e5\u3002","robots":{"index":"index","follow":"follow","max-snippet":"max-snippet:-1","max-image-preview":"max-image-preview:large","max-video-preview":"max-video-preview:-1"},"canonical":"https:\/\/pvpgrams.com\/zh\/product\/meridia-sibutramine-20mg-tablets\/","og_locale":"zh_TW","og_type":"article","og_title":"Buy Meridia Sibutramine Tablets Online \u2013 Sibutramine for Sale","og_description":"Buy Meridia Sibutramine 20mg tablets online. Sibutramine tablets for sale with fast shipping and high-quality standards for your research studies.","og_url":"https:\/\/pvpgrams.com\/zh\/product\/meridia-sibutramine-20mg-tablets\/","og_site_name":"PVP Grams","article_modified_time":"2025-08-20T12:31:04+00:00","og_image":[{"width":600,"height":600,"url":"https:\/\/pvpgrams.com\/wp-content\/uploads\/2025\/05\/Meridia-Sibutramine-20mg-Tablets.jpg","type":"image\/jpeg"}],"twitter_card":"summary_large_image","twitter_misc":{"\u9810\u4f30\u95b1\u8b80\u6642\u9593":"3 \u5206\u9418"},"schema":{"@context":"https:\/\/schema.org","@graph":[{"@type":["WebPage","ItemPage"],"@id":"https:\/\/pvpgrams.com\/product\/meridia-sibutramine-20mg-tablets\/","url":"https:\/\/pvpgrams.com\/product\/meridia-sibutramine-20mg-tablets\/","name":"\u7dda\u4e0a\u8cfc\u8cb7 Meridia Sibutramine \u7247 - Sibutramine \u51fa\u552e","isPartOf":{"@id":"https:\/\/pvpgrams.com\/#website"},"primaryImageOfPage":{"@id":"https:\/\/pvpgrams.com\/product\/meridia-sibutramine-20mg-tablets\/#primaryimage"},"image":{"@id":"https:\/\/pvpgrams.com\/product\/meridia-sibutramine-20mg-tablets\/#primaryimage"},"thumbnailUrl":"https:\/\/pvpgrams.com\/wp-content\/uploads\/2025\/05\/Meridia-Sibutramine-20mg-Tablets.jpg","datePublished":"2025-05-16T07:22:39+00:00","dateModified":"2025-08-20T12:31:04+00:00","description":"\u7dda\u4e0a\u8cfc\u8cb7 Meridia Sibutramine 20mg \u7247\u5291\u3002\u897f\u5e03\u66f2\u660e\u85e5\u7247\u92b7\u552e\uff0c\u51fa\u8ca8\u5feb\uff0c\u9ad8\u54c1\u8cea\u6a19\u6e96\uff0c\u9069\u5408\u60a8\u7684\u7814\u7a76\u8abf\u67e5\u3002","breadcrumb":{"@id":"https:\/\/pvpgrams.com\/product\/meridia-sibutramine-20mg-tablets\/#breadcrumb"},"inLanguage":"zh-TW","potentialAction":[{"@type":"ReadAction","target":["https:\/\/pvpgrams.com\/product\/meridia-sibutramine-20mg-tablets\/"]}]},{"@type":"ImageObject","inLanguage":"zh-TW","@id":"https:\/\/pvpgrams.com\/product\/meridia-sibutramine-20mg-tablets\/#primaryimage","url":"https:\/\/pvpgrams.com\/wp-content\/uploads\/2025\/05\/Meridia-Sibutramine-20mg-Tablets.jpg","contentUrl":"https:\/\/pvpgrams.com\/wp-content\/uploads\/2025\/05\/Meridia-Sibutramine-20mg-Tablets.jpg","width":600,"height":600,"caption":"Buy Meridia (Sibutramine) 20mg Tablets Online"},{"@type":"BreadcrumbList","@id":"https:\/\/pvpgrams.com\/product\/meridia-sibutramine-20mg-tablets\/#breadcrumb","itemListElement":[{"@type":"ListItem","position":1,"name":"Home","item":"https:\/\/pvpgrams.com\/"},{"@type":"ListItem","position":2,"name":"Shop","item":"https:\/\/pvpgrams.com\/shop\/"},{"@type":"ListItem","position":3,"name":"Meridia (Sibutramine) 20mg Tablets"}]},{"@type":"WebSite","@id":"https:\/\/pvpgrams.com\/#website","url":"https:\/\/pvpgrams.com\/","name":"PVP \u514b\u6578","description":"","publisher":{"@id":"https:\/\/pvpgrams.com\/#organization"},"potentialAction":[{"@type":"SearchAction","target":{"@type":"EntryPoint","urlTemplate":"https:\/\/pvpgrams.com\/?s={search_term_string}"},"query-input":{"@type":"PropertyValueSpecification","valueRequired":true,"valueName":"search_term_string"}}],"inLanguage":"zh-TW"},{"@type":"Organization","@id":"https:\/\/pvpgrams.com\/#organization","name":"PVP \u514b\u6578","url":"https:\/\/pvpgrams.com\/","logo":{"@type":"ImageObject","inLanguage":"zh-TW","@id":"https:\/\/pvpgrams.com\/#\/schema\/logo\/image\/","url":"https:\/\/pvpgrams.com\/wp-content\/uploads\/2024\/10\/logo.png","contentUrl":"https:\/\/pvpgrams.com\/wp-content\/uploads\/2024\/10\/logo.png","width":181,"height":41,"caption":"PVP Grams"},"image":{"@id":"https:\/\/pvpgrams.com\/#\/schema\/logo\/image\/"}}]}},"_links":{"self":[{"href":"https:\/\/pvpgrams.com\/zh\/wp-json\/wp\/v2\/product\/1805","targetHints":{"allow":["GET"]}}],"collection":[{"href":"https:\/\/pvpgrams.com\/zh\/wp-json\/wp\/v2\/product"}],"about":[{"href":"https:\/\/pvpgrams.com\/zh\/wp-json\/wp\/v2\/types\/product"}],"replies":[{"embeddable":true,"href":"https:\/\/pvpgrams.com\/zh\/wp-json\/wp\/v2\/comments?post=1805"}],"wp:featuredmedia":[{"embeddable":true,"href":"https:\/\/pvpgrams.com\/zh\/wp-json\/wp\/v2\/media\/2023"}],"wp:attachment":[{"href":"https:\/\/pvpgrams.com\/zh\/wp-json\/wp\/v2\/media?parent=1805"}],"wp:term":[{"taxonomy":"product_brand","embeddable":true,"href":"https:\/\/pvpgrams.com\/zh\/wp-json\/wp\/v2\/product_brand?post=1805"},{"taxonomy":"product_cat","embeddable":true,"href":"https:\/\/pvpgrams.com\/zh\/wp-json\/wp\/v2\/product_cat?post=1805"},{"taxonomy":"product_tag","embeddable":true,"href":"https:\/\/pvpgrams.com\/zh\/wp-json\/wp\/v2\/product_tag?post=1805"}],"curies":[{"name":"wp","href":"https:\/\/api.w.org\/{rel}","templated":true}]}}