{"id":1857,"date":"2025-05-16T08:25:03","date_gmt":"2025-05-16T08:25:03","guid":{"rendered":"https:\/\/pvpgrams.com\/?post_type=product&#038;p=1857"},"modified":"2025-08-20T10:43:28","modified_gmt":"2025-08-20T10:43:28","slug":"mxe-methoxetamine","status":"publish","type":"product","link":"https:\/\/pvpgrams.com\/zh\/product\/mxe-methoxetamine\/","title":{"rendered":"MXE (\u7532\u6c27\u57fa\u4e59\u80fa)"},"content":{"rendered":"<h2 data-start=\"87\" data-end=\"152\">\u5728\u7ebf\u8d2d\u4e70 MXE\uff08\u7532\u6c27\u897f\u6797\uff09\uff0c\u4eab\u53d7\u9ad8\u54c1\u8d28\u4f53\u9a8c<\/h2>\n<p data-start=\"154\" data-end=\"511\">\u5728 PVPGRAMS \u8d2d\u4e70\u771f\u5047 MXE\uff08\u7532\u6c27\u897f\u6797\uff09\uff0c\u6211\u4eec\u63d0\u4f9b\u7eaf\u5ea6\u7ecf\u8fc7\u9a8c\u8bc1\u7684\u4f18\u8d28\u4ea7\u54c1\u3002\u6211\u4eec\u7684\u5e73\u53f0\u63d0\u4f9b MXE\uff08\u7532\u6c27\u897f\u6797\uff09\uff0c\u5e76\u63d0\u4f9b\u5feb\u901f\u3001\u8c28\u614e\u7684\u914d\u9001\u548c\u53ef\u9760\u7684\u670d\u52a1\u3002\u65e0\u8bba\u662f\u7528\u4e8e\u7814\u7a76\u8fd8\u662f\u4e2a\u4eba\u5b66\u4e60\uff0c\u7acb\u5373\u5728\u7ebf\u8ba2\u8d2d\u771f\u5047 MXE\uff08\u7532\u6c27\u897f\u6797\uff09\uff0c\u5373\u53ef\u83b7\u5f97\u503c\u5f97\u4fe1\u8d56\u7684\u9ad8\u54c1\u8d28\u4ea7\u54c1\u3002 <a href=\"https:\/\/en.wikipedia.org\/wiki\/Methoxetamine\">MXE<\/a>.<\/p>\n<h3 data-start=\"518\" data-end=\"585\">\u4ec0\u4e48\u662f MXE\uff08\u7532\u6c27\u897f\u6797\uff09\u4ee5\u53ca\u4e3a\u4ec0\u4e48\u5e94\u8be5\u5728\u7ebf\u8d2d\u4e70\uff1f<\/h3>\n<p data-start=\"587\" data-end=\"1017\">MXE\uff08\u7532\u6c27\u897f\u6797\uff09\u662f\u4e00\u79cd\u4e0e\u6c2f\u80fa\u916e\u548c\u82ef\u73af\u5229\u5b9a\uff08PCP\uff09\u5bc6\u5207\u76f8\u5173\u7684\u89e3\u79bb\u6027\u7269\u8d28\u3002\u5b83\u4e13\u4e3a\u7070\u8272\u5e02\u573a\u5206\u9500\u800c\u975e\u4f20\u7edf\u533b\u836f\u7528\u9014\u800c\u8bbe\u8ba1\uff0c\u662f\u4e00\u79cd\u8840\u6e05\u7d20\u518d\u6444\u53d6\u6291\u5236\u5242\u548c\u975e\u7ade\u4e89\u6027NMDA\u53d7\u4f53\u62ee\u6297\u5242\u3002\u5982\u679c\u60a8\u60f3\u77e5\u9053 <a href=\"https:\/\/pvpgrams.com\/zh\/product\/mxe-methoxetamine\/\">\u54ea\u91cc\u53ef\u4ee5\u4e70\u5230 MXE\uff08\u7532\u6c27\u897f\u6797\uff09<\/a>\uff0cPVPGRAMS \u662f\u503c\u5f97\u4fe1\u8d56\u7684\u4f9b\u5e94\u5546\uff0c\u60a8\u53ef\u4ee5\u5b89\u5168\u53ef\u9760\u5730\u5728\u7ebf\u8d2d\u4e70 MXE\uff08\u7532\u6c27\u897f\u6797\uff09\u3002<\/p>\n<h3 data-start=\"1024\" data-end=\"1075\">MXE\uff08\u7532\u6c27\u897f\u6797\uff09\u7684\u5de5\u4f5c\u539f\u7406\u53ca\u5176\u6548\u679c<\/h3>\n<p data-start=\"1077\" data-end=\"1547\">\u5728\u7ebf\u8d2d\u4e70 MXE\uff08\u7532\u6c27\u897f\u6797\uff09\uff0c\u60a8\u8d2d\u4e70\u7684\u662f\u4e00\u79cd\u4ee5\u89e3\u79bb\u548c\u81f4\u5e7b\u6548\u679c\u800c\u95fb\u540d\u7684\u7269\u8d28\u3002MXE \u6291\u5236\u8840\u6e05\u7d20\u518d\u6444\u53d6\u5e76\u62ee\u6297 NMDA \u53d7\u4f53\uff0c\u5bfc\u81f4\u4e0e\u73af\u5883\u7684\u5206\u79bb\u548c\u611f\u5b98\u77e5\u89c9\u6539\u53d8\u3002\u4f7f\u7528\u8005\u53ef\u80fd\u4f1a\u4f53\u9a8c\u5230\u4ece\u8f7b\u5ea6\u6b23\u5feb\u611f\u5230\u6df1\u5ea6\u5e7b\u89c9\u72b6\u6001\u7684\u5404\u79cd\u6548\u679c\u3002\u901a\u8fc7\u4ece\u7ecf\u8fc7\u9a8c\u8bc1\u7684\u6765\u6e90\u8d2d\u4e70\uff0c\u60a8\u53ef\u4ee5\u786e\u4fdd\u60a8\u8d2d\u4e70\u7684 MXE\uff08\u7532\u6c27\u897f\u6797\uff09\u62e5\u6709\u6700\u9ad8\u7684\u8d28\u91cf\u548c\u6548\u529b\u3002<\/p>\n<h3 data-start=\"1554\" data-end=\"1611\">\u4e3a\u4ec0\u4e48\u4ece PVPGRAMS \u5728\u7ebf\u8ba2\u8d2d MXE\uff08\u7532\u6c27\u897f\u6797\uff09\uff1f<\/h3>\n<p data-start=\"1613\" data-end=\"1983\">PVPGRAMS \u662f\u5728\u7ebf\u8d2d\u4e70 MXE\uff08\u7532\u6c27\u897f\u6797\uff09\u7684\u6700\u4f73\u9009\u62e9\u3002\u6211\u4eec\u63d0\u4f9b\u7eaf\u5ea6\u7ecf\u8fc7\u9a8c\u8bc1\u7684\u4ea7\u54c1\u3001\u8c28\u614e\u7684\u5305\u88c5\u4ee5\u53ca\u6781\u5177\u7ade\u4e89\u529b\u7684 MXE\uff08\u7532\u6c27\u897f\u6797\uff09\u4ef7\u683c\u3002\u6bcf\u6279\u4ea7\u54c1\u90fd\u7ecf\u8fc7\u6d4b\u8bd5\uff0c\u4ee5\u786e\u4fdd\u4e00\u81f4\u6027\u548c\u5b89\u5168\u6027\u3002\u65e0\u8bba\u60a8\u662f\u60f3\u5728\u7ebf\u8d2d\u4e70\u4ef7\u683c\u5b9e\u60e0\u7684 MXE\uff08\u7532\u6c27\u897f\u6797\uff09\uff0c\u8fd8\u662f\u9700\u8981\u5927\u91cf\u8d2d\u4e70\uff0cPVPGRAMS \u90fd\u80fd\u4fdd\u8bc1\u5b89\u5168\u53ef\u9760\u7684\u914d\u9001\u3002<\/p>\n<h3 data-start=\"1990\" data-end=\"2050\">MXE\uff08\u7532\u6c27\u897f\u6797\uff09\u7684\u4f7f\u7528\u548c\u91cd\u8981\u6ce8\u610f\u4e8b\u9879<\/h3>\n<p data-start=\"2052\" data-end=\"2460\">\u5982\u679c\u60a8\u51b3\u5b9a\u5728\u7ebf\u8d2d\u4e70 MXE\uff08\u7532\u6c27\u897f\u6797\uff09\uff0c\u52a1\u5fc5\u9075\u5faa\u5242\u91cf\u6307\u5357\u5e76\u4e86\u89e3\u5176\u836f\u6548\u3002MXE \u662f\u4e00\u79cd\u5f3a\u6548\u7684 NMDA \u53d7\u4f53\u62ee\u6297\u5242\uff0c\u53ef\u8bf1\u53d1\u5f3a\u70c8\u7684\u89e3\u79bb\u4f53\u9a8c\u3002\u4f7f\u7528\u4e0d\u5f53\u53ef\u80fd\u4f1a\u5bfc\u81f4\u610f\u8bc6\u6df7\u4e71\u6216\u4e0d\u826f\u526f\u4f5c\u7528\u3002\u51fa\u4e8e\u7814\u7a76\u6216\u5b9e\u9a8c\u76ee\u7684\uff0c\u8bf7\u52a1\u5fc5\u4ee5\u8d1f\u8d23\u4efb\u7684\u65b9\u5f0f\u5904\u7406 MXE\uff08\u7532\u6c27\u897f\u6797\uff09\uff0c\u5e76\u786e\u4fdd\u4ece\u4fe1\u8a89\u826f\u597d\u7684\u4f9b\u5e94\u5546\u5904\u8d2d\u4e70\u3002<\/p>\n<h3 data-start=\"2467\" data-end=\"2539\">\u7acb\u5373\u5728\u7ebf\u8ba2\u8d2d MXE\uff08\u7532\u6c27\u897f\u6797\uff09\uff0c\u4eab\u53d7\u5feb\u901f\u3001\u53ef\u9760\u7684\u9001\u8d27\u670d\u52a1<\/h3>\n<p data-start=\"2541\" data-end=\"2905\">F\u00f6r de som \u00e4r redo att best\u00e4lla MXE (Metoxetamin) online erbjuder PVPGRAMS en s\u00e4ker och diskret shoppingupplevelse. Oavsett om det g\u00e4ller forskning eller personliga studier, garanterar MXE (Metoxetamin) att k\u00f6pa online fr\u00e5n v\u00e5r plattform snabb leverans och verifierad kvalitet. Dra nytta av MXE (Metoxetamin) till salu idag och upplev f\u00f6rdelarna med en p\u00e5litlig leverant\u00f6r.<\/p>\n<h3 data-start=\"2912\" data-end=\"2965\">\u7ed3\u8bba\uff1a\u5728\u7ebf\u8d2d\u4e70 MXE\uff08\u7532\u6c27\u897f\u6797\uff09<\/h3>\n<p data-start=\"2967\" data-end=\"3331\">\u603b\u800c\u8a00\u4e4b\uff0c\u5982\u679c\u60a8\u60f3\u5728\u7ebf\u8d2d\u4e70 MXE\uff08\u7532\u6c27\u897f\u6797\uff09\uff0cPVPGRAMS \u662f\u60a8\u53ef\u9760\u7684\u9009\u62e9\u3002\u51ed\u501f\u9ad8\u54c1\u8d28\u7684\u4ea7\u54c1\u3001\u6781\u5177\u7ade\u4e89\u529b\u7684 MXE\uff08\u7532\u6c27\u897f\u6797\uff09\u4ef7\u683c\u4ee5\u53ca\u8c28\u614e\u7684\u914d\u9001\u670d\u52a1\uff0c\u60a8\u53ef\u4ee5\u5b89\u5fc3\u65e0\u865e\u5730\u83b7\u5f97\u8fd9\u6b3e\u7814\u7a76\u5316\u5b66\u54c1\u3002\u73b0\u5728\u5373\u53ef\u8d2d\u4e70\u771f\u5047 MXE\uff08\u7532\u6c27\u897f\u6797\uff09\u2014\u2014\u7acb\u5373\u8ba2\u8d2d\uff0c\u4eab\u53d7\u5b89\u5168\u4f18\u8d28\u7684\u8d2d\u7269\u4f53\u9a8c\u3002<\/p>","protected":false},"excerpt":{"rendered":"<p>Buy MXE (Methoxetamine) Online for a High-Quality Experience Buy real or fake MXE (Methoxetamine) from PVPGRAMS, offering premium products with verified purity. Our platform provides MXE (Methoxetamine) for sale with fast, discreet shipping and reliable service. Whether for research or personal study, order real or fake MXE (Methoxetamine) online today and access a trusted source for high-quality MXE. What is MXE (Methoxetamine) and Why Should You Buy It Online? MXE (Methoxetamine) is a dissociative substance closely related to ketamine and phencyclidine (PCP). Designed for grey market distribution rather than traditional pharmaceutical use, it acts as a serotonin reuptake inhibitor and noncompetitive NMDA receptor antagonist. If you\u2019re wondering where to buy MXE (Methoxetamine), PVPGRAMS is a trusted provider where you can buy MXE (Methoxetamine) Online safely and reliably. How MXE (Methoxetamine) Works and Its Effects When you MXE (Methoxetamine) buy online, you\u2019re acquiring a substance known for its dissociative and hallucinatory effects. MXE inhibits serotonin reuptake and antagonizes NMDA receptors, resulting in detachment from the environment and altered sensory perception. Users may experience effects from mild euphoria to profound hallucinatory states. By purchasing from a verified source, you ensure that your MXE (Methoxetamine) is of the highest quality and potency. Why Order MXE (Methoxetamine) Online from PVPGRAMS? PVPGRAMS is the best place to buy MXE (Methoxetamine) online. We provide products with verified purity, discreet packaging, and competitive MXE (Methoxetamine) price. Every batch is tested to ensure consistency and safety. Whether you want to buy cheap MXE (Methoxetamine) online or need a larger quantity, PVPGRAMS guarantees secure and reliable delivery. MXE (Methoxetamine) Usage and Important Considerations If you decide to buy MXE (Methoxetamine) Online, it is essential to follow dosage guidelines and be aware of its potency. MXE is a powerful NMDA antagonist that can induce intense dissociative experiences. Improper use may cause confusion or unwanted side effects. For research or experimental purposes, always handle MXE (Methoxetamine) responsibly and ensure it is obtained from a reputable supplier. Order MXE (Methoxetamine) Online Today for Fast, Reliable Delivery For those ready to order MXE (Methoxetamine) online, PVPGRAMS provides a secure and discreet shopping experience. Whether for research or personal study, MXE (Methoxetamine) buy online from our platform ensures fast delivery and verified quality. Take advantage of MXE (Methoxetamine) for sale today and experience the benefits of a trusted supplier. Conclusion: Purchase MXE (Methoxetamine) Online To summarize, if you want to buy MXE (Methoxetamine) Online, PVPGRAMS is your reliable source. With high-quality products, competitive MXE (Methoxetamine) price, and discreet shipping, you can safely obtain this research chemical. Real or fake MXE (Methoxetamine) for sale is available now\u2014order today and ensure a secure and high-quality experience.<\/p>","protected":false},"featured_media":2018,"comment_status":"closed","ping_status":"closed","template":"","meta":{"_kadence_starter_templates_imported_post":false,"_kad_post_transparent":"default","_kad_post_title":"","_kad_post_layout":"default","_kad_post_sidebar_id":"","_kad_post_content_style":"default","_kad_post_vertical_padding":"default","_kad_post_feature":"","_kad_post_feature_position":"","_kad_post_header":false,"_kad_post_footer":false,"_joinchat":[]},"product_brand":[],"product_cat":[361],"product_tag":[],"class_list":{"0":"post-1857","1":"product","2":"type-product","3":"status-publish","4":"has-post-thumbnail","6":"product_cat-research-chemicals","8":"first","9":"instock","10":"shipping-taxable","11":"purchasable","12":"product-type-variable","13":"entry","14":"content-bg","15":"loop-entry"},"yoast_head":"<!-- This site is optimized with the Yoast SEO plugin v26.5 - https:\/\/yoast.com\/wordpress\/plugins\/seo\/ -->\n<title>Buy MXE (Methoxetamine) Online \u2013 MXE for Sale - Order MXE<\/title>\n<meta name=\"description\" content=\"Buy MXE (Methoxetamine) online for your experiments. MXE for sale, with high purity and fast shipping to ensure quality research results.\" \/>\n<meta name=\"robots\" content=\"index, follow, max-snippet:-1, max-image-preview:large, max-video-preview:-1\" \/>\n<link rel=\"canonical\" href=\"https:\/\/pvpgrams.com\/zh\/product\/mxe-methoxetamine\/\" \/>\n<meta property=\"og:locale\" content=\"zh_TW\" \/>\n<meta property=\"og:type\" content=\"article\" \/>\n<meta property=\"og:title\" content=\"Buy MXE (Methoxetamine) Online \u2013 MXE for Sale - Order MXE\" \/>\n<meta property=\"og:description\" content=\"Buy MXE (Methoxetamine) online for your experiments. MXE for sale, with high purity and fast shipping to ensure quality research results.\" \/>\n<meta property=\"og:url\" content=\"https:\/\/pvpgrams.com\/zh\/product\/mxe-methoxetamine\/\" \/>\n<meta property=\"og:site_name\" content=\"PVP Grams\" \/>\n<meta property=\"article:modified_time\" content=\"2025-08-20T10:43:28+00:00\" \/>\n<meta property=\"og:image\" content=\"https:\/\/pvpgrams.com\/wp-content\/uploads\/2025\/05\/MXE-Methoxetamine.jpg\" \/>\n\t<meta property=\"og:image:width\" content=\"600\" \/>\n\t<meta property=\"og:image:height\" content=\"600\" \/>\n\t<meta property=\"og:image:type\" content=\"image\/jpeg\" \/>\n<meta name=\"twitter:card\" content=\"summary_large_image\" \/>\n<meta name=\"twitter:label1\" content=\"\u9810\u4f30\u95b1\u8b80\u6642\u9593\" \/>\n\t<meta name=\"twitter:data1\" content=\"3 \u5206\u9418\" \/>\n<script type=\"application\/ld+json\" class=\"yoast-schema-graph\">{\"@context\":\"https:\/\/schema.org\",\"@graph\":[{\"@type\":[\"WebPage\",\"ItemPage\"],\"@id\":\"https:\/\/pvpgrams.com\/product\/mxe-methoxetamine\/\",\"url\":\"https:\/\/pvpgrams.com\/product\/mxe-methoxetamine\/\",\"name\":\"Buy MXE (Methoxetamine) Online \u2013 MXE for Sale - Order MXE\",\"isPartOf\":{\"@id\":\"https:\/\/pvpgrams.com\/#website\"},\"primaryImageOfPage\":{\"@id\":\"https:\/\/pvpgrams.com\/product\/mxe-methoxetamine\/#primaryimage\"},\"image\":{\"@id\":\"https:\/\/pvpgrams.com\/product\/mxe-methoxetamine\/#primaryimage\"},\"thumbnailUrl\":\"https:\/\/pvpgrams.com\/wp-content\/uploads\/2025\/05\/MXE-Methoxetamine.jpg\",\"datePublished\":\"2025-05-16T08:25:03+00:00\",\"dateModified\":\"2025-08-20T10:43:28+00:00\",\"description\":\"Buy MXE (Methoxetamine) online for your experiments. MXE for sale, with high purity and fast shipping to ensure quality research results.\",\"breadcrumb\":{\"@id\":\"https:\/\/pvpgrams.com\/product\/mxe-methoxetamine\/#breadcrumb\"},\"inLanguage\":\"zh-TW\",\"potentialAction\":[{\"@type\":\"ReadAction\",\"target\":[\"https:\/\/pvpgrams.com\/product\/mxe-methoxetamine\/\"]}]},{\"@type\":\"ImageObject\",\"inLanguage\":\"zh-TW\",\"@id\":\"https:\/\/pvpgrams.com\/product\/mxe-methoxetamine\/#primaryimage\",\"url\":\"https:\/\/pvpgrams.com\/wp-content\/uploads\/2025\/05\/MXE-Methoxetamine.jpg\",\"contentUrl\":\"https:\/\/pvpgrams.com\/wp-content\/uploads\/2025\/05\/MXE-Methoxetamine.jpg\",\"width\":600,\"height\":600,\"caption\":\"Buy MXE (Methoxetamine) Online\"},{\"@type\":\"BreadcrumbList\",\"@id\":\"https:\/\/pvpgrams.com\/product\/mxe-methoxetamine\/#breadcrumb\",\"itemListElement\":[{\"@type\":\"ListItem\",\"position\":1,\"name\":\"Home\",\"item\":\"https:\/\/pvpgrams.com\/\"},{\"@type\":\"ListItem\",\"position\":2,\"name\":\"Shop\",\"item\":\"https:\/\/pvpgrams.com\/shop\/\"},{\"@type\":\"ListItem\",\"position\":3,\"name\":\"MXE (Methoxetamine)\"}]},{\"@type\":\"WebSite\",\"@id\":\"https:\/\/pvpgrams.com\/#website\",\"url\":\"https:\/\/pvpgrams.com\/\",\"name\":\"PVP Grams\",\"description\":\"\",\"publisher\":{\"@id\":\"https:\/\/pvpgrams.com\/#organization\"},\"potentialAction\":[{\"@type\":\"SearchAction\",\"target\":{\"@type\":\"EntryPoint\",\"urlTemplate\":\"https:\/\/pvpgrams.com\/?s={search_term_string}\"},\"query-input\":{\"@type\":\"PropertyValueSpecification\",\"valueRequired\":true,\"valueName\":\"search_term_string\"}}],\"inLanguage\":\"zh-TW\"},{\"@type\":\"Organization\",\"@id\":\"https:\/\/pvpgrams.com\/#organization\",\"name\":\"PVP Grams\",\"url\":\"https:\/\/pvpgrams.com\/\",\"logo\":{\"@type\":\"ImageObject\",\"inLanguage\":\"zh-TW\",\"@id\":\"https:\/\/pvpgrams.com\/#\/schema\/logo\/image\/\",\"url\":\"https:\/\/pvpgrams.com\/wp-content\/uploads\/2024\/10\/logo.png\",\"contentUrl\":\"https:\/\/pvpgrams.com\/wp-content\/uploads\/2024\/10\/logo.png\",\"width\":181,\"height\":41,\"caption\":\"PVP Grams\"},\"image\":{\"@id\":\"https:\/\/pvpgrams.com\/#\/schema\/logo\/image\/\"}}]}<\/script>\n<!-- \/ Yoast SEO plugin. -->","yoast_head_json":{"title":"\u7dda\u4e0a\u8cfc\u8cb7 MXE (Methoxetamine) - MXE \u51fa\u552e - \u8a02\u8cfc MXE","description":"\u7dda\u4e0a\u8cfc\u8cb7 MXE (\u7532\u6c27\u57fa\u4e59\u80fa) \u7528\u65bc\u60a8\u7684\u5be6\u9a57\u3002MXE \u4f9b\u92b7\uff0c\u7d14\u5ea6\u9ad8\u3001\u51fa\u8ca8\u5feb\uff0c\u53ef\u78ba\u4fdd\u7814\u7a76\u6210\u679c\u7684\u54c1\u8cea\u3002","robots":{"index":"index","follow":"follow","max-snippet":"max-snippet:-1","max-image-preview":"max-image-preview:large","max-video-preview":"max-video-preview:-1"},"canonical":"https:\/\/pvpgrams.com\/zh\/product\/mxe-methoxetamine\/","og_locale":"zh_TW","og_type":"article","og_title":"Buy MXE (Methoxetamine) Online \u2013 MXE for Sale - Order MXE","og_description":"Buy MXE (Methoxetamine) online for your experiments. MXE for sale, with high purity and fast shipping to ensure quality research results.","og_url":"https:\/\/pvpgrams.com\/zh\/product\/mxe-methoxetamine\/","og_site_name":"PVP Grams","article_modified_time":"2025-08-20T10:43:28+00:00","og_image":[{"width":600,"height":600,"url":"https:\/\/pvpgrams.com\/wp-content\/uploads\/2025\/05\/MXE-Methoxetamine.jpg","type":"image\/jpeg"}],"twitter_card":"summary_large_image","twitter_misc":{"\u9810\u4f30\u95b1\u8b80\u6642\u9593":"3 \u5206\u9418"},"schema":{"@context":"https:\/\/schema.org","@graph":[{"@type":["WebPage","ItemPage"],"@id":"https:\/\/pvpgrams.com\/product\/mxe-methoxetamine\/","url":"https:\/\/pvpgrams.com\/product\/mxe-methoxetamine\/","name":"\u7dda\u4e0a\u8cfc\u8cb7 MXE (Methoxetamine) - MXE \u51fa\u552e - \u8a02\u8cfc MXE","isPartOf":{"@id":"https:\/\/pvpgrams.com\/#website"},"primaryImageOfPage":{"@id":"https:\/\/pvpgrams.com\/product\/mxe-methoxetamine\/#primaryimage"},"image":{"@id":"https:\/\/pvpgrams.com\/product\/mxe-methoxetamine\/#primaryimage"},"thumbnailUrl":"https:\/\/pvpgrams.com\/wp-content\/uploads\/2025\/05\/MXE-Methoxetamine.jpg","datePublished":"2025-05-16T08:25:03+00:00","dateModified":"2025-08-20T10:43:28+00:00","description":"\u7dda\u4e0a\u8cfc\u8cb7 MXE (\u7532\u6c27\u57fa\u4e59\u80fa) \u7528\u65bc\u60a8\u7684\u5be6\u9a57\u3002MXE \u4f9b\u92b7\uff0c\u7d14\u5ea6\u9ad8\u3001\u51fa\u8ca8\u5feb\uff0c\u53ef\u78ba\u4fdd\u7814\u7a76\u6210\u679c\u7684\u54c1\u8cea\u3002","breadcrumb":{"@id":"https:\/\/pvpgrams.com\/product\/mxe-methoxetamine\/#breadcrumb"},"inLanguage":"zh-TW","potentialAction":[{"@type":"ReadAction","target":["https:\/\/pvpgrams.com\/product\/mxe-methoxetamine\/"]}]},{"@type":"ImageObject","inLanguage":"zh-TW","@id":"https:\/\/pvpgrams.com\/product\/mxe-methoxetamine\/#primaryimage","url":"https:\/\/pvpgrams.com\/wp-content\/uploads\/2025\/05\/MXE-Methoxetamine.jpg","contentUrl":"https:\/\/pvpgrams.com\/wp-content\/uploads\/2025\/05\/MXE-Methoxetamine.jpg","width":600,"height":600,"caption":"Buy MXE (Methoxetamine) Online"},{"@type":"BreadcrumbList","@id":"https:\/\/pvpgrams.com\/product\/mxe-methoxetamine\/#breadcrumb","itemListElement":[{"@type":"ListItem","position":1,"name":"Home","item":"https:\/\/pvpgrams.com\/"},{"@type":"ListItem","position":2,"name":"Shop","item":"https:\/\/pvpgrams.com\/shop\/"},{"@type":"ListItem","position":3,"name":"MXE (Methoxetamine)"}]},{"@type":"WebSite","@id":"https:\/\/pvpgrams.com\/#website","url":"https:\/\/pvpgrams.com\/","name":"PVP \u514b\u6578","description":"","publisher":{"@id":"https:\/\/pvpgrams.com\/#organization"},"potentialAction":[{"@type":"SearchAction","target":{"@type":"EntryPoint","urlTemplate":"https:\/\/pvpgrams.com\/?s={search_term_string}"},"query-input":{"@type":"PropertyValueSpecification","valueRequired":true,"valueName":"search_term_string"}}],"inLanguage":"zh-TW"},{"@type":"Organization","@id":"https:\/\/pvpgrams.com\/#organization","name":"PVP \u514b\u6578","url":"https:\/\/pvpgrams.com\/","logo":{"@type":"ImageObject","inLanguage":"zh-TW","@id":"https:\/\/pvpgrams.com\/#\/schema\/logo\/image\/","url":"https:\/\/pvpgrams.com\/wp-content\/uploads\/2024\/10\/logo.png","contentUrl":"https:\/\/pvpgrams.com\/wp-content\/uploads\/2024\/10\/logo.png","width":181,"height":41,"caption":"PVP Grams"},"image":{"@id":"https:\/\/pvpgrams.com\/#\/schema\/logo\/image\/"}}]}},"_links":{"self":[{"href":"https:\/\/pvpgrams.com\/zh\/wp-json\/wp\/v2\/product\/1857","targetHints":{"allow":["GET"]}}],"collection":[{"href":"https:\/\/pvpgrams.com\/zh\/wp-json\/wp\/v2\/product"}],"about":[{"href":"https:\/\/pvpgrams.com\/zh\/wp-json\/wp\/v2\/types\/product"}],"replies":[{"embeddable":true,"href":"https:\/\/pvpgrams.com\/zh\/wp-json\/wp\/v2\/comments?post=1857"}],"wp:featuredmedia":[{"embeddable":true,"href":"https:\/\/pvpgrams.com\/zh\/wp-json\/wp\/v2\/media\/2018"}],"wp:attachment":[{"href":"https:\/\/pvpgrams.com\/zh\/wp-json\/wp\/v2\/media?parent=1857"}],"wp:term":[{"taxonomy":"product_brand","embeddable":true,"href":"https:\/\/pvpgrams.com\/zh\/wp-json\/wp\/v2\/product_brand?post=1857"},{"taxonomy":"product_cat","embeddable":true,"href":"https:\/\/pvpgrams.com\/zh\/wp-json\/wp\/v2\/product_cat?post=1857"},{"taxonomy":"product_tag","embeddable":true,"href":"https:\/\/pvpgrams.com\/zh\/wp-json\/wp\/v2\/product_tag?post=1857"}],"curies":[{"name":"wp","href":"https:\/\/api.w.org\/{rel}","templated":true}]}}